{"id":21406,"date":"2021-07-21T13:54:57","date_gmt":"2021-07-21T13:54:57","guid":{"rendered":"https:\/\/www.somatechnology.com\/spanish\/?post_type=product&#038;p=21406"},"modified":"2025-09-23T09:47:24","modified_gmt":"2025-09-23T13:47:24","slug":"medtronic-covidien-nellcor-pm1000n","status":"publish","type":"product","link":"https:\/\/www.somatechnology.com\/spanish\/equipo-medico-usado-remanufacturado\/monitores-de-signos-vitales\/oximetro-de-pulso\/medtronic-covidien-nellcor-pm1000n\/","title":{"rendered":"Medtronic Covidien Nellcor PM1000N"},"content":{"rendered":"<h2>CARACTER\u00cdSTICAS DE MEDTRONIC COVIDIEN MELLCOR PM1000N<\/h2>\n<p>El sistema de monitoreo respiratorio\u00a0 <a href=\"https:\/\/www.somatechnology.com\/wp-content\/uploads\/sites\/2\/2021\/07\/Medtronic-Covidien-Nellcor-PM1000N-Oxi%CC%81metro-de-Pulso.pdf\"><strong>Medtronic Covidien Nellcor PM1000N<\/strong> <\/a>ofrece monitoreo de <a href=\"https:\/\/www.somatechnology.com\/spanish\/equipos-medicos\/monitores-de-signos-vitales\/oximetro-de-pulso\/\">oximetr\u00eda de pulso<\/a> y tecnolog\u00eda basada en el ritmo card\u00edaco. El PM1000N ofrece monitoreo continuo de SpO2 y frecuencia de pulso en pacientes adultos, pedi\u00e1tricos y neonatales. El sistema de monitoreo viene con una interfaz vers\u00e1til, f\u00e1cil de usar y una pantalla t\u00e1ctil.<\/p>\n<ul>\n<li>Programa modular, con par\u00e1metros ampliables y actualizaciones sencillas.<\/li>\n<li>Dise\u00f1o moderno, ligero y vers\u00e1til.<\/li>\n<li>M\u00faltiples opciones de conectividad.<\/li>\n<li>La tecnolog\u00eda de frecuencia respiratoria Nellcor proporciona la saturaci\u00f3n del ox\u00edgeno (SpO2), frecuencia de pulso y frecuencia respiratoria a trav\u00e9s de un \u00fanico sensor dactilar.<\/li>\n<li>Pulsometro tolerante al movimiento.<\/li>\n<li>Marcadores de eventos para una documentaci\u00f3n r\u00e1pida y mejorada<\/li>\n<\/ul>\n","protected":false},"excerpt":{"rendered":"<p>El sistema de monitoreo respiratorio\u00a0 Medtronic Covidien Nellcor PM1000N ofrece monitoreo de oximetr\u00eda de pulso y tecnolog\u00eda basada en el ritmo card\u00edaco. El PM1000N ofrece monitoreo continuo de SpO2 y frecuencia de pulso en pacientes adultos, pedi\u00e1tricos y neonatales. El sistema de monitoreo viene con una interfaz vers\u00e1til, f\u00e1cil de usar y una pantalla t\u00e1ctil.<\/p>\n","protected":false},"featured_media":31034,"template":"","meta":{"_acf_changed":false,"_relevanssi_hide_post":"","_relevanssi_hide_content":"","_relevanssi_pin_for_all":"","_relevanssi_pin_keywords":"","_relevanssi_unpin_keywords":"","_relevanssi_related_keywords":"","_relevanssi_related_include_ids":"","_relevanssi_related_exclude_ids":"","_relevanssi_related_no_append":"","_relevanssi_related_not_related":"","_relevanssi_related_posts":"","_relevanssi_noindex_reason":"","inline_featured_image":false},"pwb-brand":[1107],"product_brand":[],"product_cat":[65],"product_tag":[352,7051,466,7052,7049,7050,7026,7019,7055,7056,7018,7053,7054],"class_list":{"0":"post-21406","1":"product","2":"type-product","3":"status-publish","4":"has-post-thumbnail","6":"pwb-brand-equipo-medico-medtronic","7":"product_cat-oximetro-de-pulso","8":"product_tag-covidien","9":"product_tag-covidien-oximetro-de-pulso","10":"product_tag-medtronic","11":"product_tag-medtronic-covidien-nellcor-oximetro-de-pulso","12":"product_tag-medtronic-covidien-nellcor-pm1000n","13":"product_tag-medtronic-oximetro-de-pulso","14":"product_tag-nellcor","15":"product_tag-nellcor-oximetro-de-pulso","16":"product_tag-nellcor-pm1000n","17":"product_tag-nellcor-pm1000n-oximetro-de-pulso","18":"product_tag-oximetro-de-pulso","19":"product_tag-pm1000n","20":"product_tag-pm1000n-oximetro-de-pulso","22":"first","23":"instock","24":"shipping-taxable","25":"purchasable","26":"product-type-simple"},"acf":[],"brands":[{"id":1107,"name":"Medtronic","slug":"equipo-medico-medtronic"}],"_links":{"self":[{"href":"https:\/\/www.somatechnology.com\/spanish\/wp-json\/wp\/v2\/product\/21406","targetHints":{"allow":["GET"]}}],"collection":[{"href":"https:\/\/www.somatechnology.com\/spanish\/wp-json\/wp\/v2\/product"}],"about":[{"href":"https:\/\/www.somatechnology.com\/spanish\/wp-json\/wp\/v2\/types\/product"}],"wp:featuredmedia":[{"embeddable":true,"href":"https:\/\/www.somatechnology.com\/spanish\/wp-json\/wp\/v2\/media\/31034"}],"wp:attachment":[{"href":"https:\/\/www.somatechnology.com\/spanish\/wp-json\/wp\/v2\/media?parent=21406"}],"wp:term":[{"taxonomy":"pwb-brand","embeddable":true,"href":"https:\/\/www.somatechnology.com\/spanish\/wp-json\/wp\/v2\/pwb-brand?post=21406"},{"taxonomy":"product_brand","embeddable":true,"href":"https:\/\/www.somatechnology.com\/spanish\/wp-json\/wp\/v2\/product_brand?post=21406"},{"taxonomy":"product_cat","embeddable":true,"href":"https:\/\/www.somatechnology.com\/spanish\/wp-json\/wp\/v2\/product_cat?post=21406"},{"taxonomy":"product_tag","embeddable":true,"href":"https:\/\/www.somatechnology.com\/spanish\/wp-json\/wp\/v2\/product_tag?post=21406"}],"curies":[{"name":"wp","href":"https:\/\/api.w.org\/{rel}","templated":true}]}}