{"id":21421,"date":"2021-07-22T13:23:12","date_gmt":"2021-07-22T13:23:12","guid":{"rendered":"https:\/\/www.somatechnology.com\/spanish\/?post_type=product&#038;p=21421"},"modified":"2025-09-23T09:47:12","modified_gmt":"2025-09-23T13:47:12","slug":"covidien-nellcor-pm10n","status":"publish","type":"product","link":"https:\/\/www.somatechnology.com\/spanish\/equipo-medico-usado-remanufacturado\/monitores-de-signos-vitales\/oximetro-de-pulso\/covidien-nellcor-pm10n\/","title":{"rendered":"Covidien Nellcor PM10N"},"content":{"rendered":"<h2>CARACTER\u00cdSTICAS DE COVIDIEN NELLCOR PM10N<\/h2>\n<p>El <strong>Covidien Nellcor PM10N<\/strong> es un pulsiox\u00edmetro manual, lo que facilita su uso para comprobaciones puntuales y monitorizaci\u00f3n continua en diversos entornos sanitarios. El sistema PM10N tiene una pantalla LCD en color de 3 pulgadas que facilita la lectura y proporciona mediciones precisas y fiables de SpO2 y frecuencia del pulso. Adem\u00e1s, el Nellcor MP10N viene con un sistema de alarma que le permite ajustar los l\u00edmites para SpO2 alta y baja, frecuencia de pulso alta y baja, y Satsegundos. El sistema puede utilizarse en pacientes desde neonatos hasta adultos.<\/p>\n<ul>\n<li>Monitor port\u00e1til peque\u00f1o, ligero y ergon\u00f3mico para la monitorizaci\u00f3n continua y puntual de la pulsioximetr\u00eda<\/li>\n<li>Admite un s\u00f3lido conjunto de datos, incluidos los valores de SpO2 y PR en tiempo real, gesti\u00f3n de alarmas SatSeconds, forma de onda pleth, barra blip y datos de tendencias tabulares<\/li>\n<li>Admite los modos est\u00e1ndar y de atenci\u00f3n domiciliaria para su uso en hospitales, instalaciones de tipo hospitalario, transporte, entornos m\u00f3viles y entornos de atenci\u00f3n domiciliaria.<\/li>\n<li>Admite el modo de estudio del sue\u00f1o, que permite al m\u00e9dico atenuar la pantalla LCD y silenciar las alarmas para evitar interrumpir el sue\u00f1o de los pacientes.<\/li>\n<li>La avanzada tecnolog\u00eda de procesamiento de se\u00f1ales Nellcor ofrece un funcionamiento fiable incluso en condiciones de monitorizaci\u00f3n dif\u00edciles<\/li>\n<li>Rango de precisi\u00f3n ampliado LoSat (60% a 100% de SpO2) cuando se utiliza con sensores adhesivos Nellcor con tecnolog\u00eda OxiMax<\/li>\n<li>Compatible con la l\u00ednea completa de sensores Nellcor de un solo uso para pacientes, reutilizables y especiales con tecnolog\u00eda OxiMax<\/li>\n<li>80 horas de capacidad de almacenamiento de datos<\/li>\n<li>Admite la exportaci\u00f3n de datos a un ordenador personal externo para el an\u00e1lisis de datos y funciones de impresi\u00f3n<\/li>\n<li>Garant\u00eda de 2 a\u00f1os<\/li>\n<\/ul>\n","protected":false},"excerpt":{"rendered":"<p>El Covidien Nellcor PM10N es un pulsiox\u00edmetro manual, lo que facilita su uso para comprobaciones puntuales y monitorizaci\u00f3n continua en diversos entornos sanitarios. El sistema PM10N tiene una pantalla LCD en color de 3 pulgadas que facilita la lectura y proporciona mediciones precisas y fiables de SpO2 y frecuencia del pulso.<\/p>\n","protected":false},"featured_media":21422,"template":"","meta":{"_acf_changed":false,"_relevanssi_hide_post":"","_relevanssi_hide_content":"","_relevanssi_pin_for_all":"","_relevanssi_pin_keywords":"","_relevanssi_unpin_keywords":"","_relevanssi_related_keywords":"","_relevanssi_related_include_ids":"","_relevanssi_related_exclude_ids":"","_relevanssi_related_no_append":"","_relevanssi_related_not_related":"","_relevanssi_related_posts":"","_relevanssi_noindex_reason":"","inline_featured_image":false},"pwb-brand":[1107],"product_brand":[],"product_cat":[65],"product_tag":[7058,7051,7026,7019,7057,7018,7059],"class_list":{"0":"post-21421","1":"product","2":"type-product","3":"status-publish","4":"has-post-thumbnail","6":"pwb-brand-equipo-medico-medtronic","7":"product_cat-oximetro-de-pulso","8":"product_tag-covidien-nellcor-pm10n","9":"product_tag-covidien-oximetro-de-pulso","10":"product_tag-nellcor","11":"product_tag-nellcor-oximetro-de-pulso","12":"product_tag-ocvidien","13":"product_tag-oximetro-de-pulso","14":"product_tag-pm10n","16":"first","17":"instock","18":"featured","19":"shipping-taxable","20":"purchasable","21":"product-type-simple"},"acf":[],"brands":[{"id":1107,"name":"Medtronic","slug":"equipo-medico-medtronic"}],"_links":{"self":[{"href":"https:\/\/www.somatechnology.com\/spanish\/wp-json\/wp\/v2\/product\/21421","targetHints":{"allow":["GET"]}}],"collection":[{"href":"https:\/\/www.somatechnology.com\/spanish\/wp-json\/wp\/v2\/product"}],"about":[{"href":"https:\/\/www.somatechnology.com\/spanish\/wp-json\/wp\/v2\/types\/product"}],"wp:featuredmedia":[{"embeddable":true,"href":"https:\/\/www.somatechnology.com\/spanish\/wp-json\/wp\/v2\/media\/21422"}],"wp:attachment":[{"href":"https:\/\/www.somatechnology.com\/spanish\/wp-json\/wp\/v2\/media?parent=21421"}],"wp:term":[{"taxonomy":"pwb-brand","embeddable":true,"href":"https:\/\/www.somatechnology.com\/spanish\/wp-json\/wp\/v2\/pwb-brand?post=21421"},{"taxonomy":"product_brand","embeddable":true,"href":"https:\/\/www.somatechnology.com\/spanish\/wp-json\/wp\/v2\/product_brand?post=21421"},{"taxonomy":"product_cat","embeddable":true,"href":"https:\/\/www.somatechnology.com\/spanish\/wp-json\/wp\/v2\/product_cat?post=21421"},{"taxonomy":"product_tag","embeddable":true,"href":"https:\/\/www.somatechnology.com\/spanish\/wp-json\/wp\/v2\/product_tag?post=21421"}],"curies":[{"name":"wp","href":"https:\/\/api.w.org\/{rel}","templated":true}]}}