{"id":21457,"date":"2021-07-23T17:08:49","date_gmt":"2021-07-23T17:08:49","guid":{"rendered":"https:\/\/www.somatechnology.com\/spanish\/?post_type=product&#038;p=21457"},"modified":"2023-08-23T06:33:05","modified_gmt":"2023-08-23T10:33:05","slug":"masimo-rad-5v","status":"publish","type":"product","link":"https:\/\/www.somatechnology.com\/spanish\/equipo-medico-usado-remanufacturado\/monitores-de-signos-vitales\/oximetro-de-pulso\/masimo-rad-5v\/","title":{"rendered":"Masimo Rad-5v"},"content":{"rendered":"<h2>CARACTER\u00cdSTICAS DE MASIMO RAD-5V<\/h2>\n<p>El <strong>Masimo Rad-5V<\/strong> es un pulsiox\u00edmetro port\u00e1til que puede monitorizar de forma no invasiva la saturaci\u00f3n de ox\u00edgeno en sangre (SpO2) y la frecuencia del pulso de un paciente. El sistema Masimo Rad-5v cuenta con una pantalla LED en color. Esto facilita la monitorizaci\u00f3n continua de las constantes vitales del paciente. La pantalla tambi\u00e9n muestra una barra indicadora con el indicador de perfusi\u00f3n (PI) y la identificaci\u00f3n de la se\u00f1al. Utilizando una sonda de dedo, el sistema Masimo calcula f\u00e1cilmente las mediciones.<\/p>\n<p>El Masimo Rad-5 puede almacenar hasta 72 horas de datos en la memoria. El sistema dispone de alarmas sonoras y visuales que pueden configurarse para saturaci\u00f3n alta y baja, frecuencia de pulso y bater\u00eda baja. La duraci\u00f3n de la bater\u00eda del pulsiox\u00edmetro es de m\u00e1s de 30 horas y funciona con cuatro pilas AA.<\/p>\n<ul>\n<li>Rendimiento cl\u00ednicamente probado de la tecnolog\u00eda Masimo SET.<\/li>\n<li>Aplicable en pacientes neonatos, pedi\u00e1tricos y adultos.<\/li>\n<li>Probado para una monitorizaci\u00f3n precisa en entornos de movimiento y baja perfusi\u00f3n.<\/li>\n<li>Pantallas de SpO2, frecuencia del pulso, alarma e \u00edndice de perfusi\u00f3n.<\/li>\n<li>C.I. de se\u00f1al para identificaci\u00f3n de se\u00f1al e indicaci\u00f3n de calidad.<\/li>\n<li>Dise\u00f1o ligero y c\u00f3modo para llevar en la mano.<\/li>\n<li>Larga duraci\u00f3n de las pilas: m\u00e1s de 30 horas con 4 pilas alcalinas \u00abAA\u00bb.<\/li>\n<\/ul>\n<h2>ESPECIFICACIONES DE MASIMO RAD-5V<\/h2>\n<h3>Dimensiones<\/h3>\n<ul>\n<li>Altura: 6.2 pulg (15.8 cm)<\/li>\n<li>Anchura: 3.0 pulg (7.6 cm)<\/li>\n<li>Profundidad: 1.4 pulg (3.6 cm)<\/li>\n<li>Peso: 13 oz (0.32 kg)<\/li>\n<\/ul>\n<h3>Rango de Medici\u00f3n<\/h3>\n<ul>\n<li>SpO2 1-100%<\/li>\n<li>Frecuencia de pulso 25 &#8211; 240 lpm<\/li>\n<li>Perfusi\u00f3n: 0.02 &#8211; 20%<\/li>\n<\/ul>\n<h3>Precisi\u00f3n<\/h3>\n<ul>\n<li>Saturaci\u00f3n 70-100%\n<ul>\n<li>Sin movimiento Adultos\/Pediatr\u00eda 2 %<\/li>\n<li>Sin movimiento Neonatos: 3 %<\/li>\n<li>Movimiento Adultos\/Pediatr\u00eda: 3 %<\/li>\n<li>Movimiento Neonatos: 3 %<\/li>\n<li>Perfusi\u00f3n baja Adultos\/Pediatr\u00eda: 2 %<\/li>\n<li>Neonatos con baja perfusi\u00f3n 3 %<\/li>\n<\/ul>\n<\/li>\n<li>Frecuencia de pulso 25-240 lpm\n<ul>\n<li>Sin Movimiento 3 lpm<\/li>\n<li>Movimiento 5 lpm<\/li>\n<li>Perfusi\u00f3n baja: 3 lpm<\/li>\n<\/ul>\n<\/li>\n<\/ul>\n<h3>Resoluci\u00f3n<\/h3>\n<ul>\n<li>Saturaci\u00f3n (%SpO2): 1%<\/li>\n<li>Frecuencia de pulso (bpm): 1 bmp<\/li>\n<\/ul>\n<h3>Bater\u00eda<\/h3>\n<ul>\n<li>Tipo: 4 alcalinas AA<\/li>\n<li>Capacidad: m\u00e1s de 30 horas<\/li>\n<\/ul>\n<h3>Modos<\/h3>\n<ul>\n<li>Modo de promedio: 8 segundos<\/li>\n<li>Sensibilidad: Normal<\/li>\n<\/ul>\n<h3>Alarmas<\/h3>\n<ul>\n<li>Estado del sensor, fallo del sistema y alarmas de bater\u00eda baja\n<ul>\n<li>Prioridad alta: Tono de 799 Hz, r\u00e1faga de 5 pulsos, espaciado entre pulsos: 0.250s, 0.250s, 0.500s, 0.250s, tiempo de repetici\u00f3n: 10s<\/li>\n<li>Prioridad baja: tono de 432 Hz, 3 pulsos, tiempo de repetici\u00f3n: 5s<\/li>\n<li>Volumen de alarma: Prioridad alta: 75 dB (m\u00e1x.), Prioridad baja: 75 dB (m\u00e1x.)<\/li>\n<\/ul>\n<\/li>\n<\/ul>\n<h3>\u00bfPreguntas Sobre Nuestros Ox\u00edmetros de Pulso?<\/h3>\n<p>Soma Tech Intl ofrece una amplia gama de ox\u00edmetros de pulso . Si tiene alguna pregunta sobre cualquiera de nuestros ox\u00edmetros de pulso o necesita un presupuesto r\u00e1pido, llame al 1-800-GET-SOMA y uno de nuestros expertos representantes de ventas le ayudar\u00e1.<\/p>\n<h2>M\u00c1S INFORMACI\u00d3N SOBRE EL MASIMO RAD-5V<\/h2>\n<h3>Masimo Rad-5V Reconstruido<\/h3>\n<p>Soma Tech Intl ofrece el Masimo Rad-5V hasta un 50% por debajo de los precios original con el mismo servicio y garant\u00eda que los nuevos. El Masimo Rad-5V no s\u00f3lo est\u00e1 t\u00e9cnicamente reconstruido, sino que tambi\u00e9n est\u00e1 cosm\u00e9ticamente reacondicionado para que funcione y se vea como nuevo. Cuando se inicia el proceso de reacondicionamiento del Masimo \u00e9sta cuidadosamente inspeccionado y probado por nuestros propios ingenieros biom\u00e9dicos quien son certificados para trabajar con pulso de ox\u00edmetro. Si es necesario, se reemplazan las piezas para asegurarse de que todos los aspectos del Rad-5V funcionen con eficaz. Una vez que todo est\u00e1 en orden de funcionamiento, la unidad se calibra con las especificaciones originales del fabricante. Esto asegura que la unidad est\u00e1 funcionando de la misma manera que cuando sali\u00f3 originalmente del fabricante. Despu\u00e9s de que la m\u00e1quina funciona como nuevo, se somete a un proceso especial de restauraci\u00f3n cosm\u00e9tica. Se limpia, se reparan los peque\u00f1os ara\u00f1azos y abolladuras, se pinta y se sustituyen las calcoman\u00edas si es necesario. Soma Tech Intl cuenta con la certificaci\u00f3n ISO 13485 y se asegura de que se d\u00e9 la mejor calidad a todos los equipos m\u00e9dicos que venden. Antes de que el Masimo sea etiquetado como listo para el paciente y empacado para su env\u00edo, pasa por una \u00faltima prueba de control de calidad que asegura que todos los aspectos est\u00e1n funcionando de nuevo como deber\u00edan. Si desea comprar el Masimo Rad-5V reconstruido, p\u00f3ngase en contacto con nosotros en Soma@SomaTechnology.com o ll\u00e1menos al 1-800-GET-SOMA.<\/p>\n<p>Soma Tech Intl tambi\u00e9n est\u00e1 buscando activamente para comprar un Masimo Rad-5V. Si usted o su instalaci\u00f3n est\u00e1 buscando vender su unidad, aseg\u00farese de ponerse en contacto con Soma Tech Intl. Soma tiene un departamento de compras dedicado en ayudar a trav\u00e9s de todo el proceso. La venta de su pulso de ox\u00edmetro usado o de segunda mano a Soma Tech Intl elimina el intermediario en la ecuaci\u00f3n. Esto tambi\u00e9n asegura que su centro m\u00e9dico obtiene el mejor precio por su equipo. Soma cumple al 100% con las normas HIPPA y se asegura de que su equipo llegue a nuestras instalaciones en las mismas condiciones en que sali\u00f3 del suyo. Soma Tech Intl tambi\u00e9n da la opci\u00f3n de cr\u00e9dito de intercambio en su equipo m\u00e9dico. Si usted o su instalaci\u00f3n est\u00e1 buscando recuperar espacio para nuevos equipos, o si usted est\u00e1 buscando para actualizar su equipo actual, p\u00f3ngase en contacto con el departamento de compras en Buyer@SomaTechnology.com o env\u00edenos un mensaje en nuestro sitio web Vender a Soma.<\/p>\n","protected":false},"excerpt":{"rendered":"<p>Ox\u00edmetro de Pulso<\/p>\n","protected":false},"featured_media":21459,"template":"","meta":{"_acf_changed":false,"_relevanssi_hide_post":"","_relevanssi_hide_content":"","_relevanssi_pin_for_all":"","_relevanssi_pin_keywords":"","_relevanssi_unpin_keywords":"","_relevanssi_related_keywords":"","_relevanssi_related_include_ids":"","_relevanssi_related_exclude_ids":"","_relevanssi_related_no_append":"","_relevanssi_related_not_related":"","_relevanssi_related_posts":"","_relevanssi_noindex_reason":"","inline_featured_image":false},"pwb-brand":[1141],"product_brand":[],"product_cat":[65],"product_tag":[6618,7064,7088,7089,7090,7018],"class_list":{"0":"post-21457","1":"product","2":"type-product","3":"status-publish","4":"has-post-thumbnail","6":"pwb-brand-oximetro-de-pulso-masimo","7":"product_cat-oximetro-de-pulso","8":"product_tag-masimo","9":"product_tag-masimo-oximetro-de-pulso","10":"product_tag-masimo-rad","11":"product_tag-masimo-rad-5v","12":"product_tag-masimo-rad-5v-oximetro-de-pulso","13":"product_tag-oximetro-de-pulso","15":"first","16":"instock","17":"shipping-taxable","18":"purchasable","19":"product-type-simple"},"acf":[],"brands":[{"id":1141,"name":"Masimo","slug":"oximetro-de-pulso-masimo"}],"_links":{"self":[{"href":"https:\/\/www.somatechnology.com\/spanish\/wp-json\/wp\/v2\/product\/21457","targetHints":{"allow":["GET"]}}],"collection":[{"href":"https:\/\/www.somatechnology.com\/spanish\/wp-json\/wp\/v2\/product"}],"about":[{"href":"https:\/\/www.somatechnology.com\/spanish\/wp-json\/wp\/v2\/types\/product"}],"wp:featuredmedia":[{"embeddable":true,"href":"https:\/\/www.somatechnology.com\/spanish\/wp-json\/wp\/v2\/media\/21459"}],"wp:attachment":[{"href":"https:\/\/www.somatechnology.com\/spanish\/wp-json\/wp\/v2\/media?parent=21457"}],"wp:term":[{"taxonomy":"pwb-brand","embeddable":true,"href":"https:\/\/www.somatechnology.com\/spanish\/wp-json\/wp\/v2\/pwb-brand?post=21457"},{"taxonomy":"product_brand","embeddable":true,"href":"https:\/\/www.somatechnology.com\/spanish\/wp-json\/wp\/v2\/product_brand?post=21457"},{"taxonomy":"product_cat","embeddable":true,"href":"https:\/\/www.somatechnology.com\/spanish\/wp-json\/wp\/v2\/product_cat?post=21457"},{"taxonomy":"product_tag","embeddable":true,"href":"https:\/\/www.somatechnology.com\/spanish\/wp-json\/wp\/v2\/product_tag?post=21457"}],"curies":[{"name":"wp","href":"https:\/\/api.w.org\/{rel}","templated":true}]}}