{"id":21549,"date":"2021-07-28T19:14:34","date_gmt":"2021-07-28T19:14:34","guid":{"rendered":"https:\/\/www.somatechnology.com\/spanish\/?post_type=product&#038;p=21549"},"modified":"2025-06-24T10:46:54","modified_gmt":"2025-06-24T14:46:54","slug":"bird-8400st","status":"publish","type":"product","link":"https:\/\/www.somatechnology.com\/spanish\/equipo-medico-usado-remanufacturado\/ventiladores\/bird-8400st\/","title":{"rendered":"Bird 8400ST"},"content":{"rendered":"<h2>Caracter\u00edsticas de Bird 8400ST<\/h2>\n<p>El <strong>Bird 8400ST<\/strong> es un ventilador de volumen controlado electr\u00f3nicamente por un microprocesador. Este dispositivo neum\u00e1tico puede utilizarse en una amplia gama de pacientes, desde pedi\u00e1tricos hasta adultos. El Bird 8400ST viene con un procesador principal est\u00e1ndar para la ventilaci\u00f3n de la m\u00e1quina, pero tambi\u00e9n viene con un procesador de control de la v\u00e1lvula de flujo y un procesador de control de la v\u00e1lvula de visualizaci\u00f3n\/exhalaci\u00f3n. La combinaci\u00f3n de estos procesadores y v\u00e1lvulas permite al ventilador procesar la frecuencia respiratoria y el volumen junto con el flujo.<\/p>\n<p>Los gases que se suministran al paciente tambi\u00e9n incluyen gases mezclados de fuentes externas que pueden a\u00f1adirse a la m\u00e1quina mediante mezcladores. Los mezcladores deben poder suministrar un flujo superior a 75 lpm, con un rango de 35- 75 PSIG.<\/p>\n<ul>\n<li>Modos de ventilaci\u00f3n seleccionables para control, asistencia\/control, SIMV y CPAP.<\/li>\n<li>Ventilaci\u00f3n de respaldo de apnea con intervalo de apnea ajustable por el usuario de 10 a 60 segundos.<\/li>\n<li>Amplia gama de frecuencias de ventilaci\u00f3n y vol\u00famenes corrientes.<\/li>\n<li>Pantalla digital para la frecuencia respiratoria total, el volumen corriente, el volumen minuto y la relaci\u00f3n I:E.<\/li>\n<li>Selecci\u00f3n de forma de onda cuadrada y desacelerada.<\/li>\n<\/ul>\n<p>&nbsp;<\/p>\n","protected":false},"excerpt":{"rendered":"<p>El Bird 8400ST es un ventilador de volumen controlado electr\u00f3nicamente por un microprocesador. Este dispositivo neum\u00e1tico puede utilizarse en una amplia gama de pacientes, desde pedi\u00e1tricos hasta adultos. El Bird 8400ST viene con un procesador principal est\u00e1ndar para la ventilaci\u00f3n de la m\u00e1quina, pero tambi\u00e9n viene con un procesador de control de la v\u00e1lvula de flujo y un procesador de control de la v\u00e1lvula de visualizaci\u00f3n\/exhalaci\u00f3n. La combinaci\u00f3n de estos procesadores y v\u00e1lvulas permite al ventilador procesar la frecuencia respiratoria y el volumen junto con el flujo.<\/p>\n","protected":false},"featured_media":21551,"template":"","meta":{"_acf_changed":false,"_relevanssi_hide_post":"","_relevanssi_hide_content":"","_relevanssi_pin_for_all":"","_relevanssi_pin_keywords":"","_relevanssi_unpin_keywords":"","_relevanssi_related_keywords":"","_relevanssi_related_include_ids":"","_relevanssi_related_exclude_ids":"","_relevanssi_related_no_append":"","_relevanssi_related_not_related":"","_relevanssi_related_posts":"","_relevanssi_noindex_reason":"","inline_featured_image":false},"pwb-brand":[7141],"product_brand":[],"product_cat":[51],"product_tag":[7142,7143,7144,1028],"class_list":{"0":"post-21549","1":"product","2":"type-product","3":"status-publish","4":"has-post-thumbnail","6":"pwb-brand-bird","7":"product_cat-ventiladores","8":"product_tag-bird","9":"product_tag-bird-8400st","10":"product_tag-bird-ventiladores","11":"product_tag-ventiladores","13":"first","14":"instock","15":"shipping-taxable","16":"purchasable","17":"product-type-simple"},"acf":[],"brands":[{"id":7141,"name":"Bird","slug":"bird"}],"_links":{"self":[{"href":"https:\/\/www.somatechnology.com\/spanish\/wp-json\/wp\/v2\/product\/21549","targetHints":{"allow":["GET"]}}],"collection":[{"href":"https:\/\/www.somatechnology.com\/spanish\/wp-json\/wp\/v2\/product"}],"about":[{"href":"https:\/\/www.somatechnology.com\/spanish\/wp-json\/wp\/v2\/types\/product"}],"wp:featuredmedia":[{"embeddable":true,"href":"https:\/\/www.somatechnology.com\/spanish\/wp-json\/wp\/v2\/media\/21551"}],"wp:attachment":[{"href":"https:\/\/www.somatechnology.com\/spanish\/wp-json\/wp\/v2\/media?parent=21549"}],"wp:term":[{"taxonomy":"pwb-brand","embeddable":true,"href":"https:\/\/www.somatechnology.com\/spanish\/wp-json\/wp\/v2\/pwb-brand?post=21549"},{"taxonomy":"product_brand","embeddable":true,"href":"https:\/\/www.somatechnology.com\/spanish\/wp-json\/wp\/v2\/product_brand?post=21549"},{"taxonomy":"product_cat","embeddable":true,"href":"https:\/\/www.somatechnology.com\/spanish\/wp-json\/wp\/v2\/product_cat?post=21549"},{"taxonomy":"product_tag","embeddable":true,"href":"https:\/\/www.somatechnology.com\/spanish\/wp-json\/wp\/v2\/product_tag?post=21549"}],"curies":[{"name":"wp","href":"https:\/\/api.w.org\/{rel}","templated":true}]}}