{"id":21917,"date":"2021-08-18T15:31:20","date_gmt":"2021-08-18T15:31:20","guid":{"rendered":"https:\/\/www.somatechnology.com\/spanish\/?post_type=product&#038;p=21917"},"modified":"2025-09-23T09:45:29","modified_gmt":"2025-09-23T13:45:29","slug":"nellcor-puritan-bennett-infrasonics-infant-star-950-500","status":"publish","type":"product","link":"https:\/\/www.somatechnology.com\/spanish\/equipo-medico-usado-remanufacturado\/ventiladores\/nellcor-puritan-bennett-infrasonics-infant-star-950-500\/","title":{"rendered":"Nellcor Puritan Bennett Infrasonics Infant star 950\/500"},"content":{"rendered":"<h2>Caracter\u00edsticas de Infrasonics Infant Star 950<\/h2>\n<p>El <strong>Nellcor Puritan Bennett Infrasonics Infant Star 950 \/ 500<\/strong> es un ventilador de flujo continuo y alta frecuencia. El sistema tambi\u00e9n ofrece ciclos temporizados y l\u00edmites de presi\u00f3n. Ofrece modos de ventilaci\u00f3n que incluyen CPAP e IMV. Infrasonics Infant Star 950 y 500 funcionan con el mismo sistema operativo id\u00e9ntico. El Infant Star fue dise\u00f1ado para apoyar la ventilaci\u00f3n de pacientes neonatales y pedi\u00e1tricos que pesan menos de 40 libras (18kg). El flujo ajustable para el ventilador oscila entre 4 y 40 Peters por minuto con un flujo de fondo adicional que oscila entre 2 y 30 litros por minuto.<\/p>\n<p>El sistema funciona con un microprocesador dual, donde uno controla las funciones de ventilaci\u00f3n y el otro proporciona la informaci\u00f3n de la pantalla. al tener dos microprocesadores, el sistema puede comprobar continuamente para detectar fallos de funcionamiento y seguir funcionando si se detecta algo. El ventilador Infrasonics infant star ofrece una monitorizaci\u00f3n completa con un sistema de alarma integrado para alertar de los cambios de ventilaci\u00f3n en el paciente.<\/p>\n<ul>\n<li>Pacientes neonatales y pedi\u00e1tricos.<\/li>\n<li>Mezclador \u00fanico calibrado del 21 al 100% para ayudar a reducir el desperdicio de gas.<\/li>\n<li>Interfaz de ordenador RS-232 o conexi\u00f3n a monitor para recopilar informaci\u00f3n sobre el ventilador.<\/li>\n<li>Microprocesadores duales para controlar el funcionamiento del ventilador y mostrar la informaci\u00f3n.<\/li>\n<\/ul>\n","protected":false},"excerpt":{"rendered":"<p>El Nellcor Puritan Bennett Infrasonics Infant Star 950 \/ 500 es un ventilador de flujo continuo y alta frecuencia. El sistema tambi\u00e9n ofrece ciclos temporizados y l\u00edmites de presi\u00f3n. Ofrece modos de ventilaci\u00f3n que incluyen CPAP e IMV. Infrasonics Infant Star 950 y 500 funcionan con el mismo sistema operativo id\u00e9ntico. El Infant Star fue dise\u00f1ado para apoyar la ventilaci\u00f3n de pacientes neonatales y pedi\u00e1tricos que pesan menos de 40 libras (18kg). El flujo ajustable para el ventilador oscila entre 4 y 40 Peters por minuto con un flujo de fondo adicional que oscila entre 2 y 30 litros por minuto.<\/p>\n","protected":false},"featured_media":21918,"template":"","meta":{"_acf_changed":false,"_relevanssi_hide_post":"","_relevanssi_hide_content":"","_relevanssi_pin_for_all":"","_relevanssi_pin_keywords":"","_relevanssi_unpin_keywords":"","_relevanssi_related_keywords":"","_relevanssi_related_include_ids":"","_relevanssi_related_exclude_ids":"","_relevanssi_related_no_append":"","_relevanssi_related_not_related":"","_relevanssi_related_posts":"","_relevanssi_noindex_reason":"","inline_featured_image":false},"pwb-brand":[1336],"product_brand":[],"product_cat":[51],"product_tag":[7171,7026,7172,1493,1032],"class_list":{"0":"post-21917","1":"product","2":"type-product","3":"status-publish","4":"has-post-thumbnail","6":"pwb-brand-equipo-medico-pb-puritan-bennett","7":"product_cat-ventiladores","8":"product_tag-infant-star-950","9":"product_tag-nellcor","10":"product_tag-nellcor-puritan-bennett-infrasonics-infant-star-950","11":"product_tag-puritan-bennett","12":"product_tag-ventilador","14":"first","15":"instock","16":"shipping-taxable","17":"purchasable","18":"product-type-simple"},"acf":[],"brands":[{"id":1336,"name":"Puritan Bennett","slug":"equipo-medico-pb-puritan-bennett"}],"_links":{"self":[{"href":"https:\/\/www.somatechnology.com\/spanish\/wp-json\/wp\/v2\/product\/21917","targetHints":{"allow":["GET"]}}],"collection":[{"href":"https:\/\/www.somatechnology.com\/spanish\/wp-json\/wp\/v2\/product"}],"about":[{"href":"https:\/\/www.somatechnology.com\/spanish\/wp-json\/wp\/v2\/types\/product"}],"wp:featuredmedia":[{"embeddable":true,"href":"https:\/\/www.somatechnology.com\/spanish\/wp-json\/wp\/v2\/media\/21918"}],"wp:attachment":[{"href":"https:\/\/www.somatechnology.com\/spanish\/wp-json\/wp\/v2\/media?parent=21917"}],"wp:term":[{"taxonomy":"pwb-brand","embeddable":true,"href":"https:\/\/www.somatechnology.com\/spanish\/wp-json\/wp\/v2\/pwb-brand?post=21917"},{"taxonomy":"product_brand","embeddable":true,"href":"https:\/\/www.somatechnology.com\/spanish\/wp-json\/wp\/v2\/product_brand?post=21917"},{"taxonomy":"product_cat","embeddable":true,"href":"https:\/\/www.somatechnology.com\/spanish\/wp-json\/wp\/v2\/product_cat?post=21917"},{"taxonomy":"product_tag","embeddable":true,"href":"https:\/\/www.somatechnology.com\/spanish\/wp-json\/wp\/v2\/product_tag?post=21917"}],"curies":[{"name":"wp","href":"https:\/\/api.w.org\/{rel}","templated":true}]}}