{"id":21990,"date":"2021-08-23T16:03:25","date_gmt":"2021-08-23T16:03:25","guid":{"rendered":"https:\/\/www.somatechnology.com\/spanish\/?post_type=product&#038;p=21990"},"modified":"2025-06-24T10:22:42","modified_gmt":"2025-06-24T14:22:42","slug":"philips-respironics-trilogy-200","status":"publish","type":"product","link":"https:\/\/www.somatechnology.com\/spanish\/equipo-medico-usado-remanufacturado\/ventiladores\/philips-respironics-trilogy-200\/","title":{"rendered":"Philips Respironics Trilogy 200"},"content":{"rendered":"<h2>Caracter\u00edsticas de Philips Respironics Trilogy 200<\/h2>\n<p>El ventilador port\u00e1til <strong>Philips Respironics Trilogy 200<\/strong> es ligero y f\u00e1cil de usar. El Trilogy 200 se dise\u00f1\u00f3 para el hogar, el hospital y los centros de cuidados alternativos para proporcionar asistencia ventilatoria invasiva y no invasiva a una amplia gama de pacientes pedi\u00e1tricos y adultos. Comparado con el Trilogy 100, el Trilogy 200 tiene todas las caracter\u00edsticas del 100, adem\u00e1s de una sensibilidad de disparo adicional que utiliza un sensor de flujo proximal. La sensibilidad de disparo adicional disminuye el trabajo respiratorio, lo que proporciona una mayor comodidad.<\/p>\n<ul>\n<li>Pantallas de f\u00e1cil lectura y navegaci\u00f3n.<\/li>\n<li>M\u00faltiples ajustes de prescripci\u00f3n y formas de onda en pantalla para ayudar a optimizar el tratamiento.<\/li>\n<li>Tama\u00f1o compacto que permite una mayor movilidad.<\/li>\n<li>Las funciones de control de presi\u00f3n y volumen proporcionan m\u00e1s tipos de terapia con un solo dispositivo.<\/li>\n<li>El uso de m\u00faltiples modos proporciona al cuidador una mayor flexibilidad en la forma de proporcionar los cuidados.<\/li>\n<\/ul>\n<p>&nbsp;<\/p>\n","protected":false},"excerpt":{"rendered":"<p>El ventilador port\u00e1til Philips Respironics Trilogy 200 es ligero y f\u00e1cil de usar. El Trilogy 200 se dise\u00f1\u00f3 para el hogar, el hospital y los centros de cuidados alternativos para proporcionar asistencia ventilatoria invasiva y no invasiva a una amplia gama de pacientes pedi\u00e1tricos y adultos. Comparado con el Trilogy 100, el Trilogy 200 tiene todas las caracter\u00edsticas del 100, adem\u00e1s de una sensibilidad de disparo adicional que utiliza un sensor de flujo proximal. La sensibilidad de disparo adicional disminuye el trabajo respiratorio, lo que proporciona una mayor comodidad.<\/p>\n","protected":false},"featured_media":21991,"template":"","meta":{"_acf_changed":false,"_relevanssi_hide_post":"","_relevanssi_hide_content":"","_relevanssi_pin_for_all":"","_relevanssi_pin_keywords":"","_relevanssi_unpin_keywords":"","_relevanssi_related_keywords":"","_relevanssi_related_include_ids":"","_relevanssi_related_exclude_ids":"","_relevanssi_related_no_append":"","_relevanssi_related_not_related":"","_relevanssi_related_posts":"","_relevanssi_noindex_reason":"","inline_featured_image":false},"pwb-brand":[1102],"product_brand":[],"product_cat":[51],"product_tag":[273,7177,1530,1780,1028],"class_list":{"0":"post-21990","1":"product","2":"type-product","3":"status-publish","4":"has-post-thumbnail","6":"pwb-brand-equipo-medico-philips","7":"product_cat-ventiladores","8":"product_tag-philips","9":"product_tag-philips-respiornics-trilogy-200","10":"product_tag-respironics","11":"product_tag-trilogy","12":"product_tag-ventiladores","14":"first","15":"instock","16":"shipping-taxable","17":"purchasable","18":"product-type-simple"},"acf":[],"brands":[{"id":1102,"name":"Philips","slug":"equipo-medico-philips"}],"_links":{"self":[{"href":"https:\/\/www.somatechnology.com\/spanish\/wp-json\/wp\/v2\/product\/21990","targetHints":{"allow":["GET"]}}],"collection":[{"href":"https:\/\/www.somatechnology.com\/spanish\/wp-json\/wp\/v2\/product"}],"about":[{"href":"https:\/\/www.somatechnology.com\/spanish\/wp-json\/wp\/v2\/types\/product"}],"wp:featuredmedia":[{"embeddable":true,"href":"https:\/\/www.somatechnology.com\/spanish\/wp-json\/wp\/v2\/media\/21991"}],"wp:attachment":[{"href":"https:\/\/www.somatechnology.com\/spanish\/wp-json\/wp\/v2\/media?parent=21990"}],"wp:term":[{"taxonomy":"pwb-brand","embeddable":true,"href":"https:\/\/www.somatechnology.com\/spanish\/wp-json\/wp\/v2\/pwb-brand?post=21990"},{"taxonomy":"product_brand","embeddable":true,"href":"https:\/\/www.somatechnology.com\/spanish\/wp-json\/wp\/v2\/product_brand?post=21990"},{"taxonomy":"product_cat","embeddable":true,"href":"https:\/\/www.somatechnology.com\/spanish\/wp-json\/wp\/v2\/product_cat?post=21990"},{"taxonomy":"product_tag","embeddable":true,"href":"https:\/\/www.somatechnology.com\/spanish\/wp-json\/wp\/v2\/product_tag?post=21990"}],"curies":[{"name":"wp","href":"https:\/\/api.w.org\/{rel}","templated":true}]}}