{"id":23546,"date":"2022-01-12T16:19:35","date_gmt":"2022-01-12T16:19:35","guid":{"rendered":"https:\/\/www.somatechnology.com\/spanish\/?post_type=product&#038;p=23546"},"modified":"2026-01-22T11:34:23","modified_gmt":"2026-01-22T16:34:23","slug":"medtronic-5388","status":"publish","type":"product","link":"https:\/\/www.somatechnology.com\/spanish\/equipo-medico-usado-remanufacturado\/marcapasos-externos\/medtronic-5388\/","title":{"rendered":"Medtronic 5388"},"content":{"rendered":"<h2><strong>Caracter\u00edsticas del Medtronic 5388<\/strong><\/h2>\n<p data-start=\"100\" data-end=\"555\">El <a href=\"https:\/\/www.somatechnology.com\/spanish\/wp-content\/uploads\/sites\/2\/2022\/01\/Medtronic-5388-spa.pdf\">Medtronic 5388<\/a> es un marcapasos externo temporero de doble c\u00e1mara que ofrece ocho modos de estimulaci\u00f3n. Funciona con bater\u00eda y normalmente se conecta a electrodos transvenosos, epic\u00e1rdicos o mioc\u00e1rdicos.\u00a0<span style=\"box-sizing: border-box; margin: 0px; padding: 0px;\">Es adecuado para la estimulaci\u00f3n temporal de\u00a0una o dos c\u00e1maras\u00a0y proporciona impulsos constantes gracias a su funcionamiento en\u00a0corriente constante.<\/span>\u00a0Medtronic tambi\u00e9n ofrece otros marcapasos de doble c\u00e1mara, como el Medtronic 5392.<\/p>\n<ul>\n<li data-start=\"559\" data-end=\"617\">Funciona con una bater\u00eda alcalina o de litio de 9 V.<\/li>\n<li data-start=\"620\" data-end=\"689\">Modos de estimulaci\u00f3n: DDD, DVI, DDI, DOO, VOO, VVI, AOO y AAI.<\/li>\n<li data-start=\"692\" data-end=\"816\">Compatible con cables de estimulaci\u00f3n y quir\u00fargicos Medtronic 5433A, Medtronic M5433V, Medtronic 5832 y Medtronic 5832S.<\/li>\n<\/ul>\n<p>&nbsp;<\/p>\n","protected":false},"excerpt":{"rendered":"<p>El Medtronic 5388 es un marcapasos temporal de doble c\u00e1mara alimentado por bater\u00eda que ofrece ocho modos de estimulaci\u00f3n. Se conecta a electrodos transvenosos, epic\u00e1rdicos o mioc\u00e1rdicos y admite la estimulaci\u00f3n temporal de una o dos c\u00e1maras. Su tecnolog\u00eda de corriente constante garantiza impulsos estables y confiables. Medtronic tambi\u00e9n ofrece otros marcapasos de doble c\u00e1mara, como el 5392.<\/p>\n","protected":false},"featured_media":33227,"template":"","meta":{"_acf_changed":false,"_relevanssi_hide_post":"","_relevanssi_hide_content":"","_relevanssi_pin_for_all":"","_relevanssi_pin_keywords":"","_relevanssi_unpin_keywords":"","_relevanssi_related_keywords":"","_relevanssi_related_include_ids":"","_relevanssi_related_exclude_ids":"","_relevanssi_related_no_append":"","_relevanssi_related_not_related":"","_relevanssi_related_posts":"","_relevanssi_noindex_reason":"","inline_featured_image":false},"pwb-brand":[1107],"product_brand":[],"product_cat":[7504],"product_tag":[7506,7508,10963,7505,7510,10959,10957,7509,466,7507],"class_list":{"0":"post-23546","1":"product","2":"type-product","3":"status-publish","4":"has-post-thumbnail","6":"pwb-brand-equipo-medico-medtronic","7":"product_cat-marcapasos-externos","8":"product_tag-7506","9":"product_tag-marcapasos","10":"product_tag-marcapasos-externo","11":"product_tag-marcapasos-externos","12":"product_tag-marcapasos-externos-temporales","13":"product_tag-marcapasos-medtronic","14":"product_tag-marcapasos-temporal","15":"product_tag-marcapasos-temporales","16":"product_tag-medtronic","17":"product_tag-medtronic-5388","19":"first","20":"instock","21":"shipping-taxable","22":"purchasable","23":"product-type-simple"},"acf":[],"brands":[{"id":1107,"name":"Medtronic","slug":"equipo-medico-medtronic"}],"_links":{"self":[{"href":"https:\/\/www.somatechnology.com\/spanish\/wp-json\/wp\/v2\/product\/23546","targetHints":{"allow":["GET"]}}],"collection":[{"href":"https:\/\/www.somatechnology.com\/spanish\/wp-json\/wp\/v2\/product"}],"about":[{"href":"https:\/\/www.somatechnology.com\/spanish\/wp-json\/wp\/v2\/types\/product"}],"wp:featuredmedia":[{"embeddable":true,"href":"https:\/\/www.somatechnology.com\/spanish\/wp-json\/wp\/v2\/media\/33227"}],"wp:attachment":[{"href":"https:\/\/www.somatechnology.com\/spanish\/wp-json\/wp\/v2\/media?parent=23546"}],"wp:term":[{"taxonomy":"pwb-brand","embeddable":true,"href":"https:\/\/www.somatechnology.com\/spanish\/wp-json\/wp\/v2\/pwb-brand?post=23546"},{"taxonomy":"product_brand","embeddable":true,"href":"https:\/\/www.somatechnology.com\/spanish\/wp-json\/wp\/v2\/product_brand?post=23546"},{"taxonomy":"product_cat","embeddable":true,"href":"https:\/\/www.somatechnology.com\/spanish\/wp-json\/wp\/v2\/product_cat?post=23546"},{"taxonomy":"product_tag","embeddable":true,"href":"https:\/\/www.somatechnology.com\/spanish\/wp-json\/wp\/v2\/product_tag?post=23546"}],"curies":[{"name":"wp","href":"https:\/\/api.w.org\/{rel}","templated":true}]}}