{"id":23550,"date":"2022-01-12T17:35:24","date_gmt":"2022-01-12T17:35:24","guid":{"rendered":"https:\/\/www.somatechnology.com\/spanish\/?post_type=product&#038;p=23550"},"modified":"2025-08-12T14:23:50","modified_gmt":"2025-08-12T18:23:50","slug":"medtronic-5391","status":"publish","type":"product","link":"https:\/\/www.somatechnology.com\/spanish\/equipo-medico-usado-remanufacturado\/marcapasos-externos\/medtronic-5391\/","title":{"rendered":"Medtronic 5391"},"content":{"rendered":"<h2 data-start=\"182\" data-end=\"223\"><strong data-start=\"185\" data-end=\"223\">Caracter\u00edsticas del Medtronic 5391<\/strong><\/h2>\n<p data-start=\"225\" data-end=\"663\">El <strong data-start=\"228\" data-end=\"246\">Medtronic 5391<\/strong> es un marcapasos temporal monocameral que ofrece cuatro modos diferentes de terapia de estimulaci\u00f3n. Este marcapasos de Medtronic funciona con bater\u00eda y se utiliza para estimulaci\u00f3n auricular o ventricular. Tiene una frecuencia b\u00e1sica de estimulaci\u00f3n de 180 ppm. El dispositivo cuenta con un dise\u00f1o ergon\u00f3mico que facilita su configuraci\u00f3n. Una sola bater\u00eda de 9 V puede alimentar el dispositivo hasta por 38 d\u00edas.<\/p>\n<ul>\n<li data-start=\"702\" data-end=\"741\">Funciona con bater\u00eda alcalina de 9 V.<\/li>\n<li data-start=\"744\" data-end=\"800\">Modos de terapia de estimulaci\u00f3n: VVI, AAI, VOO y AOO.<\/li>\n<li data-start=\"803\" data-end=\"954\">Compatible con cables de estimulaci\u00f3n, cables de extensi\u00f3n y cables para paciente Medtronic 6416, Medtronic 53912, Medtronic 5433A y Medtronic 5433V.5391<\/li>\n<\/ul>\n","protected":false},"excerpt":{"rendered":"<p>Marcapasos Externos<\/p>\n","protected":false},"featured_media":23551,"template":"","meta":{"_acf_changed":false,"_relevanssi_hide_post":"","_relevanssi_hide_content":"","_relevanssi_pin_for_all":"","_relevanssi_pin_keywords":"","_relevanssi_unpin_keywords":"","_relevanssi_related_keywords":"","_relevanssi_related_include_ids":"","_relevanssi_related_exclude_ids":"","_relevanssi_related_no_append":"","_relevanssi_related_not_related":"","_relevanssi_related_posts":"","_relevanssi_noindex_reason":"","inline_featured_image":false},"pwb-brand":[1107],"product_brand":[],"product_cat":[7504],"product_tag":[7514,7508,10963,7505,7510,10959,10957,7509,466,7513,9816,9879,9818,9817,9915],"class_list":{"0":"post-23550","1":"product","2":"type-product","3":"status-publish","4":"has-post-thumbnail","6":"pwb-brand-equipo-medico-medtronic","7":"product_cat-marcapasos-externos","8":"product_tag-7514","9":"product_tag-marcapasos","10":"product_tag-marcapasos-externo","11":"product_tag-marcapasos-externos","12":"product_tag-marcapasos-externos-temporales","13":"product_tag-marcapasos-medtronic","14":"product_tag-marcapasos-temporal","15":"product_tag-marcapasos-temporales","16":"product_tag-medtronic","17":"product_tag-medtronic-5391","18":"product_tag-soma","19":"product_tag-soma-tech","20":"product_tag-soma-tech-intl","21":"product_tag-soma-technology","22":"product_tag-soma-technology-inc","24":"first","25":"instock","26":"shipping-taxable","27":"purchasable","28":"product-type-simple"},"acf":[],"brands":[{"id":1107,"name":"Medtronic","slug":"equipo-medico-medtronic"}],"_links":{"self":[{"href":"https:\/\/www.somatechnology.com\/spanish\/wp-json\/wp\/v2\/product\/23550","targetHints":{"allow":["GET"]}}],"collection":[{"href":"https:\/\/www.somatechnology.com\/spanish\/wp-json\/wp\/v2\/product"}],"about":[{"href":"https:\/\/www.somatechnology.com\/spanish\/wp-json\/wp\/v2\/types\/product"}],"wp:featuredmedia":[{"embeddable":true,"href":"https:\/\/www.somatechnology.com\/spanish\/wp-json\/wp\/v2\/media\/23551"}],"wp:attachment":[{"href":"https:\/\/www.somatechnology.com\/spanish\/wp-json\/wp\/v2\/media?parent=23550"}],"wp:term":[{"taxonomy":"pwb-brand","embeddable":true,"href":"https:\/\/www.somatechnology.com\/spanish\/wp-json\/wp\/v2\/pwb-brand?post=23550"},{"taxonomy":"product_brand","embeddable":true,"href":"https:\/\/www.somatechnology.com\/spanish\/wp-json\/wp\/v2\/product_brand?post=23550"},{"taxonomy":"product_cat","embeddable":true,"href":"https:\/\/www.somatechnology.com\/spanish\/wp-json\/wp\/v2\/product_cat?post=23550"},{"taxonomy":"product_tag","embeddable":true,"href":"https:\/\/www.somatechnology.com\/spanish\/wp-json\/wp\/v2\/product_tag?post=23550"}],"curies":[{"name":"wp","href":"https:\/\/api.w.org\/{rel}","templated":true}]}}