{"id":29597,"date":"2024-02-16T12:04:02","date_gmt":"2024-02-16T17:04:02","guid":{"rendered":"https:\/\/www.somatechnology.com\/spanish\/?post_type=product&#038;p=29597"},"modified":"2024-02-16T12:04:02","modified_gmt":"2024-02-16T17:04:02","slug":"axia-amc60b","status":"publish","type":"product","link":"https:\/\/www.somatechnology.com\/spanish\/equipo-medico-usado-remanufacturado\/carros-de-emergencia\/carros-de-anestesia\/axia-amc60b\/","title":{"rendered":"Axia AMC60B"},"content":{"rendered":"<h2>Caracter\u00edsticas del carro de anestesia AMC60B<\/h2>\n<p>El carro de anestesia <strong>Axia AMC60B<\/strong> es una excelente soluci\u00f3n para respaldar el uso de anestesia en un quir\u00f3fano y ayudar a agilizar y mejorar la atenci\u00f3n al paciente. El AMC60B ofrece organizaci\u00f3n \u00f3ptima, funcionalidad y cajones espaciosos. Con su construcci\u00f3n duradera de aluminio y 6 cajones, este carro de anestesia permite una gran cantidad de almacenamiento para medicamentos, suministros y equipos necesarios para la administraci\u00f3n de anestesia.<\/p>\n<ul>\n<li>Mesa extensible<\/li>\n<li>Portasueros<\/li>\n<li>Divisores de cajones<\/li>\n<li>Opci\u00f3n de bloqueo de sello de candado<\/li>\n<li>Ruedas con freno<\/li>\n<li>C\u00f3moda manija de empuje<\/li>\n<li>Cajones de f\u00e1cil deslizamiento<\/li>\n<\/ul>\n","protected":false},"excerpt":{"rendered":"<p>Caracter\u00edsticas del carro de anestesia AMC60B El carro de anestesia Axia AMC60B es una excelente soluci\u00f3n para respaldar el uso de anestesia en un&#8230;<\/p>\n","protected":false},"featured_media":29592,"template":"","meta":{"_acf_changed":false,"_relevanssi_hide_post":"","_relevanssi_hide_content":"","_relevanssi_pin_for_all":"","_relevanssi_pin_keywords":"","_relevanssi_unpin_keywords":"","_relevanssi_related_keywords":"","_relevanssi_related_include_ids":"","_relevanssi_related_exclude_ids":"","_relevanssi_related_no_append":"","_relevanssi_related_not_related":"","_relevanssi_related_posts":"","_relevanssi_noindex_reason":"","inline_featured_image":false},"pwb-brand":[1098],"product_brand":[],"product_cat":[9506],"product_tag":[9523,9513,9522,191,9508,9520,9517,9509,9521,9510],"class_list":{"0":"post-29597","1":"product","2":"type-product","3":"status-publish","4":"has-post-thumbnail","6":"pwb-brand-equipo-medico-axia","7":"product_cat-carros-de-anestesia","8":"product_tag-60b","9":"product_tag-amc","10":"product_tag-amc60b","11":"product_tag-axia","12":"product_tag-carro","13":"product_tag-carro-de-anestesia","14":"product_tag-carro-medico","15":"product_tag-carros","16":"product_tag-carros-de-anestesia","17":"product_tag-carros-medicos","19":"first","20":"instock","21":"shipping-taxable","22":"purchasable","23":"product-type-simple"},"acf":[],"brands":[{"id":1098,"name":"Axia","slug":"equipo-medico-axia"}],"_links":{"self":[{"href":"https:\/\/www.somatechnology.com\/spanish\/wp-json\/wp\/v2\/product\/29597","targetHints":{"allow":["GET"]}}],"collection":[{"href":"https:\/\/www.somatechnology.com\/spanish\/wp-json\/wp\/v2\/product"}],"about":[{"href":"https:\/\/www.somatechnology.com\/spanish\/wp-json\/wp\/v2\/types\/product"}],"wp:featuredmedia":[{"embeddable":true,"href":"https:\/\/www.somatechnology.com\/spanish\/wp-json\/wp\/v2\/media\/29592"}],"wp:attachment":[{"href":"https:\/\/www.somatechnology.com\/spanish\/wp-json\/wp\/v2\/media?parent=29597"}],"wp:term":[{"taxonomy":"pwb-brand","embeddable":true,"href":"https:\/\/www.somatechnology.com\/spanish\/wp-json\/wp\/v2\/pwb-brand?post=29597"},{"taxonomy":"product_brand","embeddable":true,"href":"https:\/\/www.somatechnology.com\/spanish\/wp-json\/wp\/v2\/product_brand?post=29597"},{"taxonomy":"product_cat","embeddable":true,"href":"https:\/\/www.somatechnology.com\/spanish\/wp-json\/wp\/v2\/product_cat?post=29597"},{"taxonomy":"product_tag","embeddable":true,"href":"https:\/\/www.somatechnology.com\/spanish\/wp-json\/wp\/v2\/product_tag?post=29597"}],"curies":[{"name":"wp","href":"https:\/\/api.w.org\/{rel}","templated":true}]}}