{"id":29598,"date":"2024-02-16T12:31:16","date_gmt":"2024-02-16T17:31:16","guid":{"rendered":"https:\/\/www.somatechnology.com\/spanish\/?post_type=product&#038;p=29598"},"modified":"2024-02-16T14:58:06","modified_gmt":"2024-02-16T19:58:06","slug":"axia-amc90c","status":"publish","type":"product","link":"https:\/\/www.somatechnology.com\/spanish\/equipo-medico-usado-remanufacturado\/carros-de-emergencia\/bacinetes-pediatricos\/axia-amc90c\/","title":{"rendered":"Axia AMC90C"},"content":{"rendered":"<h2>Caracter\u00edsticas del bacinetes pedi\u00e1tricos Axia AMC90C<\/h2>\n<p>El bacinetes pedi\u00e1tricos <strong>Axia AMC90C<\/strong> es una excelente soluci\u00f3n para instalaciones m\u00e9dicas de alta demanda. Ofrece una organizaci\u00f3n \u00f3ptima, funcionalidad y cajones espaciosos. El AMC90C presenta una construcci\u00f3n de aluminio duradera con 9 cajones que permiten un almacenamiento abundante para instrumentos, suministros y equipos m\u00e9dicos. Este carro m\u00e9dico pedi\u00e1trico ayuda a optimizar el flujo de trabajo y contribuye a una atenci\u00f3n perfecta al paciente.<\/p>\n<ul>\n<li>Mesa extensible<\/li>\n<li>Tablero de RCP<\/li>\n<li>Portasueros de 4 ganchos<\/li>\n<li>Soporte para tanque de ox\u00edgeno<\/li>\n<li>Regleta externa<\/li>\n<li>Divisores de cajones<\/li>\n<li>Opci\u00f3n de cierre de sello o candado<\/li>\n<li>Ruedas insonorizadas con freno<\/li>\n<li>C\u00f3moda manija de empuje<\/li>\n<li>Cajones de f\u00e1cil deslizamiento<\/li>\n<li>Construcci\u00f3n completa de aluminio<\/li>\n<\/ul>\n","protected":false},"excerpt":{"rendered":"<p>Caracter\u00edsticas del bacinetes pedi\u00e1tricos Axia AMC90C El bacinetes pedi\u00e1tricos Axia AMC90C es una excelente soluci\u00f3n para instalaciones m\u00e9dicas de alta demanda. Ofrece una organizaci\u00f3n&#8230;<\/p>\n","protected":false},"featured_media":29593,"template":"","meta":{"_acf_changed":false,"_relevanssi_hide_post":"","_relevanssi_hide_content":"","_relevanssi_pin_for_all":"","_relevanssi_pin_keywords":"","_relevanssi_unpin_keywords":"","_relevanssi_related_keywords":"","_relevanssi_related_include_ids":"","_relevanssi_related_exclude_ids":"","_relevanssi_related_no_append":"","_relevanssi_related_not_related":"","_relevanssi_related_posts":"","_relevanssi_noindex_reason":"","inline_featured_image":false},"pwb-brand":[1098],"product_brand":[],"product_cat":[9507],"product_tag":[9528,9513,9527,191,9526,9508,9524,9517,9509,9510,9525],"class_list":{"0":"post-29598","1":"product","2":"type-product","3":"status-publish","4":"has-post-thumbnail","6":"pwb-brand-equipo-medico-axia","7":"product_cat-bacinetes-pediatricos","8":"product_tag-90c","9":"product_tag-amc","10":"product_tag-amc90c","11":"product_tag-axia","12":"product_tag-axia-amc90c","13":"product_tag-carro","14":"product_tag-carro-de-pediatrico","15":"product_tag-carro-medico","16":"product_tag-carros","17":"product_tag-carros-medicos","18":"product_tag-pediatrico","20":"first","21":"instock","22":"shipping-taxable","23":"purchasable","24":"product-type-simple"},"acf":[],"brands":[{"id":1098,"name":"Axia","slug":"equipo-medico-axia"}],"_links":{"self":[{"href":"https:\/\/www.somatechnology.com\/spanish\/wp-json\/wp\/v2\/product\/29598","targetHints":{"allow":["GET"]}}],"collection":[{"href":"https:\/\/www.somatechnology.com\/spanish\/wp-json\/wp\/v2\/product"}],"about":[{"href":"https:\/\/www.somatechnology.com\/spanish\/wp-json\/wp\/v2\/types\/product"}],"wp:featuredmedia":[{"embeddable":true,"href":"https:\/\/www.somatechnology.com\/spanish\/wp-json\/wp\/v2\/media\/29593"}],"wp:attachment":[{"href":"https:\/\/www.somatechnology.com\/spanish\/wp-json\/wp\/v2\/media?parent=29598"}],"wp:term":[{"taxonomy":"pwb-brand","embeddable":true,"href":"https:\/\/www.somatechnology.com\/spanish\/wp-json\/wp\/v2\/pwb-brand?post=29598"},{"taxonomy":"product_brand","embeddable":true,"href":"https:\/\/www.somatechnology.com\/spanish\/wp-json\/wp\/v2\/product_brand?post=29598"},{"taxonomy":"product_cat","embeddable":true,"href":"https:\/\/www.somatechnology.com\/spanish\/wp-json\/wp\/v2\/product_cat?post=29598"},{"taxonomy":"product_tag","embeddable":true,"href":"https:\/\/www.somatechnology.com\/spanish\/wp-json\/wp\/v2\/product_tag?post=29598"}],"curies":[{"name":"wp","href":"https:\/\/api.w.org\/{rel}","templated":true}]}}