{"id":29614,"date":"2024-02-20T14:54:27","date_gmt":"2024-02-20T19:54:27","guid":{"rendered":"https:\/\/www.somatechnology.com\/spanish\/?post_type=product&#038;p=29614"},"modified":"2025-09-23T09:39:03","modified_gmt":"2025-09-23T13:39:03","slug":"covidien-kendall-scd-700","status":"publish","type":"product","link":"https:\/\/www.somatechnology.com\/spanish\/equipo-medico-usado-remanufacturado\/sistema-de-compresion-secuencial\/covidien-kendall-scd-700\/","title":{"rendered":"Covidien Kendall SCD 700"},"content":{"rendered":"<h2>Caracter\u00edsticas de Covidien Kendall SCD 700<\/h2>\n<p>El controlador de compresi\u00f3n <strong>Covidien Kendall SCD 700<\/strong> administra compresi\u00f3n en la pierna, el pie o ambos para ayudar en la prevenci\u00f3n del tromboembolismo venoso (TEV), incluida la trombosis venosa profunda (TVP) y el embolismo pulmonar (EP) en pacientes en riesgo. El dispositivo de compresi\u00f3n secuencial SCD 700 presenta un dise\u00f1o flexible y transportable con una gran pantalla LCD para mayor visibilidad.<\/p>\n<ul>\n<li>Mide el tiempo de llenado venoso mediante la tecnolog\u00eda de detecci\u00f3n de llenado vascular (VRD) y personaliza los ciclos de compresi\u00f3n autom\u00e1ticamente.<\/li>\n<li>Mueve un 100% m\u00e1s de sangre por hora.<br \/>\nFacilita el seguimiento de la terapia del paciente al detectar que las prendas est\u00e1n trabajando activamente.<\/li>\n<li>Ruido bajo.<\/li>\n<li>Superficies lisas, sin ranuras y perfil delgado; compatible con la mayor\u00eda de los agentes de limpieza de grado hospitalario.<\/li>\n<\/ul>\n","protected":false},"excerpt":{"rendered":"<p>El controlador de compresi\u00f3n Covidien Kendall SCD 700 administra compresi\u00f3n en la pierna, el pie o ambos para ayudar en la prevenci\u00f3n del tromboembolismo venoso (TEV), incluida la trombosis venosa profunda (TVP) y el embolismo pulmonar (EP) en pacientes en riesgo.<\/p>\n","protected":false},"featured_media":29615,"template":"","meta":{"_acf_changed":false,"_relevanssi_hide_post":"","_relevanssi_hide_content":"","_relevanssi_pin_for_all":"","_relevanssi_pin_keywords":"","_relevanssi_unpin_keywords":"","_relevanssi_related_keywords":"","_relevanssi_related_include_ids":"","_relevanssi_related_exclude_ids":"","_relevanssi_related_no_append":"","_relevanssi_related_not_related":"","_relevanssi_related_posts":"","_relevanssi_noindex_reason":"","inline_featured_image":false},"pwb-brand":[1107],"product_brand":[],"product_cat":[9531],"product_tag":[3887,9546,9539,352,9544,9545,9532,9543,9541,9542,9538,3266,9540],"class_list":{"0":"post-29614","1":"product","2":"type-product","3":"status-publish","4":"has-post-thumbnail","6":"pwb-brand-equipo-medico-medtronic","7":"product_cat-sistema-de-compresion-secuencial","8":"product_tag-3887","9":"product_tag-compresion","10":"product_tag-compresion-secuencial","11":"product_tag-covidien","12":"product_tag-covidien-kendall-scd-700","13":"product_tag-covidien-scd-700","14":"product_tag-kendall","15":"product_tag-kendall-scd-700","16":"product_tag-scd","17":"product_tag-scd-700","18":"product_tag-secuencial","19":"product_tag-sistema","20":"product_tag-sistema-de-compresion-secuencial","22":"first","23":"instock","24":"shipping-taxable","25":"purchasable","26":"product-type-simple"},"acf":[],"brands":[{"id":1107,"name":"Medtronic","slug":"equipo-medico-medtronic"}],"_links":{"self":[{"href":"https:\/\/www.somatechnology.com\/spanish\/wp-json\/wp\/v2\/product\/29614","targetHints":{"allow":["GET"]}}],"collection":[{"href":"https:\/\/www.somatechnology.com\/spanish\/wp-json\/wp\/v2\/product"}],"about":[{"href":"https:\/\/www.somatechnology.com\/spanish\/wp-json\/wp\/v2\/types\/product"}],"wp:featuredmedia":[{"embeddable":true,"href":"https:\/\/www.somatechnology.com\/spanish\/wp-json\/wp\/v2\/media\/29615"}],"wp:attachment":[{"href":"https:\/\/www.somatechnology.com\/spanish\/wp-json\/wp\/v2\/media?parent=29614"}],"wp:term":[{"taxonomy":"pwb-brand","embeddable":true,"href":"https:\/\/www.somatechnology.com\/spanish\/wp-json\/wp\/v2\/pwb-brand?post=29614"},{"taxonomy":"product_brand","embeddable":true,"href":"https:\/\/www.somatechnology.com\/spanish\/wp-json\/wp\/v2\/product_brand?post=29614"},{"taxonomy":"product_cat","embeddable":true,"href":"https:\/\/www.somatechnology.com\/spanish\/wp-json\/wp\/v2\/product_cat?post=29614"},{"taxonomy":"product_tag","embeddable":true,"href":"https:\/\/www.somatechnology.com\/spanish\/wp-json\/wp\/v2\/product_tag?post=29614"}],"curies":[{"name":"wp","href":"https:\/\/api.w.org\/{rel}","templated":true}]}}