{"id":29616,"date":"2024-02-20T15:03:59","date_gmt":"2024-02-20T20:03:59","guid":{"rendered":"https:\/\/www.somatechnology.com\/spanish\/?post_type=product&#038;p=29616"},"modified":"2025-09-23T09:37:54","modified_gmt":"2025-09-23T13:37:54","slug":"covidien-kendall-scd-express-9525","status":"publish","type":"product","link":"https:\/\/www.somatechnology.com\/spanish\/equipo-medico-usado-remanufacturado\/sistema-de-compresion-secuencial\/covidien-kendall-scd-express-9525\/","title":{"rendered":"Covidien Kendall SCD Express 9525"},"content":{"rendered":"<h2>Caracter\u00edsticas de Covidien Kendall SCD Express 9525<\/h2>\n<p>El <strong>Covidien Kendall SCD Express 9525<\/strong> es un sistema de compresi\u00f3n secuencial que se utiliza en la prevenci\u00f3n de la trombosis profunda (TVP) y la embolia pulmonar (EP). El dispositivo de compresi\u00f3n secuencial consta de un controlador y un tubo no desechable que est\u00e1 conectado a una manga que se puede usar para pies o piernas. El controlador se utiliza para medir la cantidad de tiempo necesario para que la extremidad se rellene de sangre. El sistema viene con tres vejigas que se utilizan para comprimir gradualmente la extremidad para garantizar la limpieza de las venas profundas sin riesgo de que la sangre distal quede atrapada. \u00bfBusca un modelo actualizado? \u00a1Echa un vistazo al Kendall SCD 700!<\/p>\n<ul>\n<li>Este dispositivo de compresi\u00f3n secuencial brinda compresi\u00f3n al pie de la pierna, o a ambos simult\u00e1neamente.<\/li>\n<li>Compresi\u00f3n de piernas en gradiente, secuencial, circunferencial y cl\u00ednicamente probada.<\/li>\n<li>Compresi\u00f3n del pie de 5 segundos y 130 mmHg.<\/li>\n<li>Dise\u00f1o flexible y transportable.<\/li>\n<li>La bater\u00eda de iones de litio integrada dura hasta 8 horas de compresi\u00f3n ininterrumpida.<\/li>\n<li>Dise\u00f1o compacto y liviano de 5 libras.<\/li>\n<li>Mango ergon\u00f3mico y soporte de cama vers\u00e1til.<\/li>\n<\/ul>\n","protected":false},"excerpt":{"rendered":"<p>El Covidien Kendall SCD Express 9525 es un sistema de compresi\u00f3n secuencial que se utiliza en la prevenci\u00f3n de la trombosis profunda (TVP) y la embolia pulmonar (EP). El dispositivo de compresi\u00f3n secuencial consta de un controlador y un tubo no desechable que est\u00e1 conectado a una manga que se puede usar para pies o piernas.<\/p>\n","protected":false},"featured_media":29617,"template":"","meta":{"_acf_changed":false,"_relevanssi_hide_post":"","_relevanssi_hide_content":"","_relevanssi_pin_for_all":"","_relevanssi_pin_keywords":"","_relevanssi_unpin_keywords":"","_relevanssi_related_keywords":"","_relevanssi_related_include_ids":"","_relevanssi_related_exclude_ids":"","_relevanssi_related_no_append":"","_relevanssi_related_not_related":"","_relevanssi_related_posts":"","_relevanssi_noindex_reason":"","inline_featured_image":false},"pwb-brand":[1107],"product_brand":[],"product_cat":[9531],"product_tag":[9548,9546,9539,352,9549,9547,9532,9550,9541,9552,9551,9538,3266,9553],"class_list":{"0":"post-29616","1":"product","2":"type-product","3":"status-publish","4":"has-post-thumbnail","6":"pwb-brand-equipo-medico-medtronic","7":"product_cat-sistema-de-compresion-secuencial","8":"product_tag-9548","9":"product_tag-compresion","10":"product_tag-compresion-secuencial","11":"product_tag-covidien","12":"product_tag-covidien-kendall-scd-express-9525","13":"product_tag-express","14":"product_tag-kendall","15":"product_tag-kendall-scd-express-9525","16":"product_tag-scd","17":"product_tag-scd-express","18":"product_tag-scd-express-9525","19":"product_tag-secuencial","20":"product_tag-sistema","21":"product_tag-sistema-compresion-secuencial","23":"first","24":"instock","25":"shipping-taxable","26":"purchasable","27":"product-type-simple"},"acf":[],"brands":[{"id":1107,"name":"Medtronic","slug":"equipo-medico-medtronic"}],"_links":{"self":[{"href":"https:\/\/www.somatechnology.com\/spanish\/wp-json\/wp\/v2\/product\/29616","targetHints":{"allow":["GET"]}}],"collection":[{"href":"https:\/\/www.somatechnology.com\/spanish\/wp-json\/wp\/v2\/product"}],"about":[{"href":"https:\/\/www.somatechnology.com\/spanish\/wp-json\/wp\/v2\/types\/product"}],"wp:featuredmedia":[{"embeddable":true,"href":"https:\/\/www.somatechnology.com\/spanish\/wp-json\/wp\/v2\/media\/29617"}],"wp:attachment":[{"href":"https:\/\/www.somatechnology.com\/spanish\/wp-json\/wp\/v2\/media?parent=29616"}],"wp:term":[{"taxonomy":"pwb-brand","embeddable":true,"href":"https:\/\/www.somatechnology.com\/spanish\/wp-json\/wp\/v2\/pwb-brand?post=29616"},{"taxonomy":"product_brand","embeddable":true,"href":"https:\/\/www.somatechnology.com\/spanish\/wp-json\/wp\/v2\/product_brand?post=29616"},{"taxonomy":"product_cat","embeddable":true,"href":"https:\/\/www.somatechnology.com\/spanish\/wp-json\/wp\/v2\/product_cat?post=29616"},{"taxonomy":"product_tag","embeddable":true,"href":"https:\/\/www.somatechnology.com\/spanish\/wp-json\/wp\/v2\/product_tag?post=29616"}],"curies":[{"name":"wp","href":"https:\/\/api.w.org\/{rel}","templated":true}]}}