{"id":29630,"date":"2024-02-21T12:06:22","date_gmt":"2024-02-21T17:06:22","guid":{"rendered":"https:\/\/www.somatechnology.com\/spanish\/?post_type=product&#038;p=29630"},"modified":"2025-09-23T09:36:33","modified_gmt":"2025-09-23T13:36:33","slug":"steris-medivators-dsd-edge","status":"publish","type":"product","link":"https:\/\/www.somatechnology.com\/spanish\/equipo-medico-usado-remanufacturado\/reprocesador-para-endoscopios\/steris-medivators-dsd-edge\/","title":{"rendered":"Steris Medivators DSD Edge"},"content":{"rendered":"<h2>Caracter\u00edsticas de Steris Medivators DSD Edge<\/h2>\n<p><strong>Steris Medivators DSD Edge<\/strong> cuenta con dos cuencas de reprocesamiento asincr\u00f3nicas y totalmente independientes dise\u00f1adas para su uso en instalaciones de endoscopia concurridas. DSD Edge proporciona el tiempo de respuesta m\u00e1s r\u00e1pido del endoscopio con un ciclo de reprocesamiento de tan solo 25 minutos. The Edge utiliza un desinfectante de alto nivel Rapicide PA, un \u00e1cido perac\u00e9tico de un solo uso y respetuoso con el medio ambiente, que tiene una temperatura de desinfectante baja que elimina el tiempo de inactividad para enfriar el endoscopio.<\/p>\n<ul>\n<li>Tiempo de ciclo r\u00e1pido para una r\u00e1pida respuesta del endoscopio<\/li>\n<li>Dos cubetas para ciclos simult\u00e1neos o independientes<\/li>\n<li>Los par\u00e1metros del ciclo se monitorean continuamente<\/li>\n<li>Una prueba de fugas garantiza la protecci\u00f3n del endoscopio durante todo el ciclo<\/li>\n<li>Lavado con alcohol automatizado y secado al aire<\/li>\n<li>Utiliza desinfectante de alto nivel Rapicide PA de un solo uso<\/li>\n<\/ul>\n","protected":false},"excerpt":{"rendered":"<p>Steris Medivators DSD Edge cuenta con dos cuencas de reprocesamiento asincr\u00f3nicas y totalmente independientes dise\u00f1adas para su uso en instalaciones de endoscopia concurridas. DSD Edge proporciona el tiempo de respuesta m\u00e1s r\u00e1pido del endoscopio con un ciclo de reprocesamiento de tan solo 25 minutos.<\/p>\n","protected":false},"featured_media":29629,"template":"","meta":{"_acf_changed":false,"_relevanssi_hide_post":"","_relevanssi_hide_content":"","_relevanssi_pin_for_all":"","_relevanssi_pin_keywords":"","_relevanssi_unpin_keywords":"","_relevanssi_related_keywords":"","_relevanssi_related_include_ids":"","_relevanssi_related_exclude_ids":"","_relevanssi_related_no_append":"","_relevanssi_related_not_related":"","_relevanssi_related_posts":"","_relevanssi_noindex_reason":"","inline_featured_image":false},"pwb-brand":[1149],"product_brand":[],"product_cat":[9572],"product_tag":[9577,9578,9574,537,5686,9575,9573,543,9582,9581,9576,9580,9579],"class_list":{"0":"post-29630","1":"product","2":"type-product","3":"status-publish","4":"has-post-thumbnail","6":"pwb-brand-equipo-medico-steris","7":"product_cat-reprocesador-para-endoscopios","8":"product_tag-dsd","9":"product_tag-dsd-edge","10":"product_tag-endoscopios","11":"product_tag-medivators","12":"product_tag-medivators-dsd","13":"product_tag-reprocesador","14":"product_tag-reprocesador-para-endoscopios","15":"product_tag-steris","16":"product_tag-steris-dsd","17":"product_tag-steris-dsd-edge","18":"product_tag-steris-medivators","19":"product_tag-steris-medivators-dsd","20":"product_tag-steris-medivators-dsd-edge","22":"first","23":"instock","24":"shipping-taxable","25":"purchasable","26":"product-type-simple"},"acf":[],"brands":[{"id":1149,"name":"Steris","slug":"equipo-medico-steris"}],"_links":{"self":[{"href":"https:\/\/www.somatechnology.com\/spanish\/wp-json\/wp\/v2\/product\/29630","targetHints":{"allow":["GET"]}}],"collection":[{"href":"https:\/\/www.somatechnology.com\/spanish\/wp-json\/wp\/v2\/product"}],"about":[{"href":"https:\/\/www.somatechnology.com\/spanish\/wp-json\/wp\/v2\/types\/product"}],"wp:featuredmedia":[{"embeddable":true,"href":"https:\/\/www.somatechnology.com\/spanish\/wp-json\/wp\/v2\/media\/29629"}],"wp:attachment":[{"href":"https:\/\/www.somatechnology.com\/spanish\/wp-json\/wp\/v2\/media?parent=29630"}],"wp:term":[{"taxonomy":"pwb-brand","embeddable":true,"href":"https:\/\/www.somatechnology.com\/spanish\/wp-json\/wp\/v2\/pwb-brand?post=29630"},{"taxonomy":"product_brand","embeddable":true,"href":"https:\/\/www.somatechnology.com\/spanish\/wp-json\/wp\/v2\/product_brand?post=29630"},{"taxonomy":"product_cat","embeddable":true,"href":"https:\/\/www.somatechnology.com\/spanish\/wp-json\/wp\/v2\/product_cat?post=29630"},{"taxonomy":"product_tag","embeddable":true,"href":"https:\/\/www.somatechnology.com\/spanish\/wp-json\/wp\/v2\/product_tag?post=29630"}],"curies":[{"name":"wp","href":"https:\/\/api.w.org\/{rel}","templated":true}]}}