{"id":29631,"date":"2024-02-21T12:15:05","date_gmt":"2024-02-21T17:15:05","guid":{"rendered":"https:\/\/www.somatechnology.com\/spanish\/?post_type=product&#038;p=29631"},"modified":"2025-09-23T09:36:14","modified_gmt":"2025-09-23T13:36:14","slug":"steris-medivators-cer-2-mv-2","status":"publish","type":"product","link":"https:\/\/www.somatechnology.com\/spanish\/equipo-medico-usado-remanufacturado\/reprocesador-para-endoscopios\/steris-medivators-cer-2-mv-2\/","title":{"rendered":"Steris Medivators CER-2 \/ MV-2"},"content":{"rendered":"<h2>Caracter\u00edsticas de la Steris Medivators CER-2 \/ MV-2<\/h2>\n<ul>\n<li>F\u00e1cil de operar y mantener<\/li>\n<li>Capacidad de reprocesamiento de endoscopios simples o dobles<\/li>\n<li>Minimiza la exposici\u00f3n a vapores de germicidas qu\u00edmicos l\u00edquidos.<\/li>\n<li>Enjuague con alcohol semiautom\u00e1tico y secado al aire de canales de endoscopios<\/li>\n<li>Dep\u00f3sito de germicida qu\u00edmico l\u00edquido calentado<\/li>\n<li>R\u00e1pido tiempo de respuesta del ciclo de desinfecci\u00f3n con Rapicide de Medivators<\/li>\n<li>Compatible con endoscopios de ultrasonido Olympus<\/li>\n<li>Tiempos de inmersi\u00f3n en desinfectantes para Rapicide, glutaraldeh\u00eddo y o-ftalaldeh\u00eddo<\/li>\n<li>Hay disponibles protocolos de dos y tres enjuagues.<\/li>\n<\/ul>\n","protected":false},"excerpt":{"rendered":"<p>Caracter\u00edsticas de la Steris Medivators CER-2 \/ MV-2 F\u00e1cil de operar y mantener Capacidad de reprocesamiento de endoscopios simples o dobles Minimiza la exposici\u00f3n&#8230;<\/p>\n","protected":false},"featured_media":31206,"template":"","meta":{"_acf_changed":false,"_relevanssi_hide_post":"","_relevanssi_hide_content":"","_relevanssi_pin_for_all":"","_relevanssi_pin_keywords":"","_relevanssi_unpin_keywords":"","_relevanssi_related_keywords":"","_relevanssi_related_include_ids":"","_relevanssi_related_exclude_ids":"","_relevanssi_related_no_append":"","_relevanssi_related_not_related":"","_relevanssi_related_posts":"","_relevanssi_noindex_reason":"","inline_featured_image":false},"pwb-brand":[1149],"product_brand":[],"product_cat":[9572],"product_tag":[9574,9584,9583,138,9585,9586,9575,9573,9587],"class_list":{"0":"post-29631","1":"product","2":"type-product","3":"status-publish","4":"has-post-thumbnail","6":"pwb-brand-equipo-medico-steris","7":"product_cat-reprocesador-para-endoscopios","8":"product_tag-endoscopios","9":"product_tag-mv-2","10":"product_tag-mv2","11":"product_tag-olympus","12":"product_tag-olympus-mv-2","13":"product_tag-olympus-mv2","14":"product_tag-reprocesador","15":"product_tag-reprocesador-para-endoscopios","16":"product_tag-reprocesador-para-endoscopios-de-olympus","18":"first","19":"instock","20":"shipping-taxable","21":"purchasable","22":"product-type-simple"},"acf":[],"brands":[{"id":1149,"name":"Steris","slug":"equipo-medico-steris"}],"_links":{"self":[{"href":"https:\/\/www.somatechnology.com\/spanish\/wp-json\/wp\/v2\/product\/29631","targetHints":{"allow":["GET"]}}],"collection":[{"href":"https:\/\/www.somatechnology.com\/spanish\/wp-json\/wp\/v2\/product"}],"about":[{"href":"https:\/\/www.somatechnology.com\/spanish\/wp-json\/wp\/v2\/types\/product"}],"wp:featuredmedia":[{"embeddable":true,"href":"https:\/\/www.somatechnology.com\/spanish\/wp-json\/wp\/v2\/media\/31206"}],"wp:attachment":[{"href":"https:\/\/www.somatechnology.com\/spanish\/wp-json\/wp\/v2\/media?parent=29631"}],"wp:term":[{"taxonomy":"pwb-brand","embeddable":true,"href":"https:\/\/www.somatechnology.com\/spanish\/wp-json\/wp\/v2\/pwb-brand?post=29631"},{"taxonomy":"product_brand","embeddable":true,"href":"https:\/\/www.somatechnology.com\/spanish\/wp-json\/wp\/v2\/product_brand?post=29631"},{"taxonomy":"product_cat","embeddable":true,"href":"https:\/\/www.somatechnology.com\/spanish\/wp-json\/wp\/v2\/product_cat?post=29631"},{"taxonomy":"product_tag","embeddable":true,"href":"https:\/\/www.somatechnology.com\/spanish\/wp-json\/wp\/v2\/product_tag?post=29631"}],"curies":[{"name":"wp","href":"https:\/\/api.w.org\/{rel}","templated":true}]}}