{"id":29633,"date":"2024-02-21T12:23:50","date_gmt":"2024-02-21T17:23:50","guid":{"rendered":"https:\/\/www.somatechnology.com\/spanish\/?post_type=product&#038;p=29633"},"modified":"2025-09-23T09:36:01","modified_gmt":"2025-09-23T13:36:01","slug":"steris-medivators-cer-1-optima","status":"publish","type":"product","link":"https:\/\/www.somatechnology.com\/spanish\/equipo-medico-usado-remanufacturado\/reprocesador-para-endoscopios\/steris-medivators-cer-1-optima\/","title":{"rendered":"Steris Medivators CER-1 Optima"},"content":{"rendered":"<h2>Caracter\u00edsticas de Steris Medivators CER-1 Optima<\/h2>\n<p>Reprocesador de endoscopios compacto dise\u00f1ado para reprocesar r\u00e1pidamente uno o dos endoscopios sumergibles por ciclo. El CER presenta una operaci\u00f3n simple con solo presionar un bot\u00f3n, un recipiente de reprocesamiento grande para desinfectar endoscopios de cualquier tama\u00f1o (incluidos los endoscopios EUS) y un tama\u00f1o reducido para uso en mostrador o carrito m\u00f3vil. Las capacidades del reprocesador incluyen un ciclo de lavado seleccionable por el usuario para la limpieza del endoscopio, un puerto de purga de alcohol y secado al aire automatizado de los canales del endoscopio. Una tapa con junta completa contiene vapores desinfectantes y el dise\u00f1o exclusivo del CER autodesinfecta las l\u00edneas de fluido internas durante cada ciclo. Un sistema de filtraci\u00f3n de agua de dos etapas reduce las part\u00edculas y proporciona agua certificada libre de bacterias para el enjuague del endoscopio. El CER incluye un dep\u00f3sito de desinfectante calentado, un sistema de prefiltraci\u00f3n de agua, un tubo de lavado con alcohol, una bolsa de accesorios y un juego de filtros de agua.<\/p>\n<ul>\n<li>Reprocesamiento de endoscopios compacto y rentable con un funcionamiento sencillo mediante un bot\u00f3n<\/li>\n<li>Tiempo de ciclo r\u00e1pido para una r\u00e1pida respuesta del endoscopio<\/li>\n<li>Las conexiones individuales de los canales del endoscopio garantizan el contacto del desinfectante y del agua de enjuague con todos los canales.<\/li>\n<li>Ciclos preprogramados para la repetibilidad y consistencia del ciclo de reprocesamiento.<\/li>\n<li>El modelo CER-1 desinfecta un endoscopio por ciclo<\/li>\n<li>El modelo CER-2 desinfecta hasta dos endoscopios por ciclo<\/li>\n<li>La tapa de la junta y el dep\u00f3sito sellado contienen vapores desinfectantes.<\/li>\n<li>Lavado con alcohol y secado al aire de endoscopios.<\/li>\n<li>Alarmas sonoras y visuales por deficiencia del ciclo de reprocesamiento.<\/li>\n<li>Garantiza la seguridad del paciente y del operador. Autodesinfecta las l\u00edneas de fluido internas durante cada ciclo.<\/li>\n<li>Sistema de filtraci\u00f3n de agua de dos etapas con retenci\u00f3n de bacterias<\/li>\n<li>Compatible con todos los modelos actuales de endoscopios, incluidos aquellos con canales de alambre elevadores<\/li>\n<li>Para usar con la mayor\u00eda de los desinfectantes reutilizables de alto nivel aprobados por la FDA<\/li>\n<li>Un sistema de gesti\u00f3n de vapor, una bomba de transferencia de desinfectante, un sistema de neutralizaci\u00f3n y un carro m\u00f3vil opcionales<\/li>\n<\/ul>\n","protected":false},"excerpt":{"rendered":"<p>Reprocesador de endoscopios compacto dise\u00f1ado para reprocesar r\u00e1pidamente uno o dos endoscopios sumergibles por ciclo. El CER presenta una operaci\u00f3n simple con solo presionar un bot\u00f3n, un recipiente de reprocesamiento grande para desinfectar endoscopios de cualquier tama\u00f1o (incluidos los endoscopios EUS) y un tama\u00f1o reducido para uso en mostrador o carrito m\u00f3vil.<\/p>\n","protected":false},"featured_media":29634,"template":"","meta":{"_acf_changed":false,"_relevanssi_hide_post":"","_relevanssi_hide_content":"","_relevanssi_pin_for_all":"","_relevanssi_pin_keywords":"","_relevanssi_unpin_keywords":"","_relevanssi_related_keywords":"","_relevanssi_related_include_ids":"","_relevanssi_related_exclude_ids":"","_relevanssi_related_no_append":"","_relevanssi_related_not_related":"","_relevanssi_related_posts":"","_relevanssi_noindex_reason":"","inline_featured_image":false},"pwb-brand":[1149],"product_brand":[],"product_cat":[9572],"product_tag":[1071,9589,9591,9592,9593,9574,537,9594,9596,9595,9597,9590,9575,9588,9573,543,9601,9602,9604,9603,9605,9598,9599,9600],"class_list":{"0":"post-29633","1":"product","2":"type-product","3":"status-publish","4":"has-post-thumbnail","6":"pwb-brand-equipo-medico-steris","7":"product_cat-reprocesador-para-endoscopios","8":"product_tag-1071","9":"product_tag-cer","10":"product_tag-cer-1","11":"product_tag-cer-1-optima","12":"product_tag-cer1-optima","13":"product_tag-endoscopios","14":"product_tag-medivators","15":"product_tag-medivators-cer","16":"product_tag-medivators-cer-optima","17":"product_tag-medivators-cer-1-optima","18":"product_tag-medivators-cer1-optima","19":"product_tag-optima","20":"product_tag-reprocesador","21":"product_tag-reprocesador-endoscopios","22":"product_tag-reprocesador-para-endoscopios","23":"product_tag-steris","24":"product_tag-steris-cer","25":"product_tag-steris-cer-1","26":"product_tag-steris-cer-1-optima","27":"product_tag-steris-cer1","28":"product_tag-steris-cer1-optima","29":"product_tag-steris-medivaotrs-cer-1-optima","30":"product_tag-steris-medivators-cer-1-optima","31":"product_tag-steris-medivators-cer1-optima","33":"first","34":"instock","35":"shipping-taxable","36":"purchasable","37":"product-type-simple"},"acf":[],"brands":[{"id":1149,"name":"Steris","slug":"equipo-medico-steris"}],"_links":{"self":[{"href":"https:\/\/www.somatechnology.com\/spanish\/wp-json\/wp\/v2\/product\/29633","targetHints":{"allow":["GET"]}}],"collection":[{"href":"https:\/\/www.somatechnology.com\/spanish\/wp-json\/wp\/v2\/product"}],"about":[{"href":"https:\/\/www.somatechnology.com\/spanish\/wp-json\/wp\/v2\/types\/product"}],"wp:featuredmedia":[{"embeddable":true,"href":"https:\/\/www.somatechnology.com\/spanish\/wp-json\/wp\/v2\/media\/29634"}],"wp:attachment":[{"href":"https:\/\/www.somatechnology.com\/spanish\/wp-json\/wp\/v2\/media?parent=29633"}],"wp:term":[{"taxonomy":"pwb-brand","embeddable":true,"href":"https:\/\/www.somatechnology.com\/spanish\/wp-json\/wp\/v2\/pwb-brand?post=29633"},{"taxonomy":"product_brand","embeddable":true,"href":"https:\/\/www.somatechnology.com\/spanish\/wp-json\/wp\/v2\/product_brand?post=29633"},{"taxonomy":"product_cat","embeddable":true,"href":"https:\/\/www.somatechnology.com\/spanish\/wp-json\/wp\/v2\/product_cat?post=29633"},{"taxonomy":"product_tag","embeddable":true,"href":"https:\/\/www.somatechnology.com\/spanish\/wp-json\/wp\/v2\/product_tag?post=29633"}],"curies":[{"name":"wp","href":"https:\/\/api.w.org\/{rel}","templated":true}]}}