{"id":29657,"date":"2024-02-22T17:13:21","date_gmt":"2024-02-22T22:13:21","guid":{"rendered":"https:\/\/www.somatechnology.com\/spanish\/?post_type=product&#038;p=29657"},"modified":"2025-09-23T09:33:23","modified_gmt":"2025-09-23T13:33:23","slug":"medtronic-covidien-valleylab-rapidvac","status":"publish","type":"product","link":"https:\/\/www.somatechnology.com\/spanish\/equipo-medico-usado-remanufacturado\/evacuadores-de-humo\/medtronic-covidien-valleylab-rapidvac\/","title":{"rendered":"Medtronic Covidien Valleylab RapidVac"},"content":{"rendered":"<h2>Caracter\u00edsticas de Medtronic Covidien Valleylab RapidVac<\/h2>\n<p><strong>Medtronic Covidien Valleylab RapidVac<\/strong> es un sistema de evacuaci\u00f3n de humo que captura part\u00edculas y adsorbe gases del humo quir\u00fargico. El evacuador de humo RapidVac est\u00e1 dise\u00f1ado espec\u00edficamente para mejorar la visibilidad y reducir los posibles riesgos para la salud asociados con el humo quir\u00fargico. Puede utilizarse tanto en procedimientos abiertos como laparosc\u00f3picos. Esta unidad est\u00e1 dise\u00f1ada con una bomba de acci\u00f3n centr\u00edfuga de alta succi\u00f3n y alto caudal y cuenta con un motor ultrasilencioso.<\/p>\n<ul>\n<li><strong>M\u00e1s potencia:<\/strong> el sistema RapidVac tiene un 30 % m\u00e1s de potencia con un flujo de aire m\u00e1ximo que nuestro modelo anterior.<\/li>\n<li><strong>Tecnolog\u00eda de filtro eficaz:<\/strong> el filtro ULPA todo en uno, de cuatro etapas, de alta tecnolog\u00eda, de larga duraci\u00f3n, de tres puertos y equipado con RFid proporciona una eficiencia de filtraci\u00f3n del 99,9995 % con un tama\u00f1o de part\u00edcula de 0,12 micrones.<\/li>\n<li><strong>F\u00e1cil de usar:<\/strong> gr\u00e1ficos f\u00e1cilmente comprensibles, f\u00e1cil de configurar, flujo de aire y vida \u00fatil del filtro f\u00e1cilmente determinados y f\u00e1cil reemplazo del filtro.<\/li>\n<li><strong>Econ\u00f3mico:<\/strong> Filtro de larga duraci\u00f3n, tiempo de activaci\u00f3n de 25 horas. Tres puertos para tama\u00f1os de filtro comunes. No se necesitan prefiltros ni adaptadores, lo que reduce el costo por procedimiento.<\/li>\n<li><strong>Silencioso:<\/strong> El sistema de evacuaci\u00f3n de humos RapidVac es m\u00e1s silencioso que nuestro modelo anterior y, seg\u00fan las encuestas, es m\u00e1s silencioso de lo esperado en quir\u00f3fano.<\/li>\n<\/ul>\n","protected":false},"excerpt":{"rendered":"<p>Medtronic Covidien Valleylab RapidVac es un sistema de evacuaci\u00f3n de humo que captura part\u00edculas y adsorbe gases del humo quir\u00fargico. El evacuador de humo RapidVac est\u00e1 dise\u00f1ado espec\u00edficamente para mejorar la visibilidad y reducir los posibles riesgos para la salud asociados con el humo quir\u00fargico.<\/p>\n","protected":false},"featured_media":29658,"template":"","meta":{"_acf_changed":false,"_relevanssi_hide_post":"","_relevanssi_hide_content":"","_relevanssi_pin_for_all":"","_relevanssi_pin_keywords":"","_relevanssi_unpin_keywords":"","_relevanssi_related_keywords":"","_relevanssi_related_include_ids":"","_relevanssi_related_exclude_ids":"","_relevanssi_related_no_append":"","_relevanssi_related_not_related":"","_relevanssi_related_posts":"","_relevanssi_noindex_reason":"","inline_featured_image":false},"pwb-brand":[1107],"product_brand":[],"product_cat":[9627],"product_tag":[352,9651,9648,9629,9628,9630,466,9649,9650,9646,1608,9647],"class_list":{"0":"post-29657","1":"product","2":"type-product","3":"status-publish","4":"has-post-thumbnail","6":"pwb-brand-equipo-medico-medtronic","7":"product_cat-evacuadores-de-humo","8":"product_tag-covidien","9":"product_tag-covidien-rapidvac","10":"product_tag-covidien-valleylab-rapidvac","11":"product_tag-evacuadores","12":"product_tag-evacuadores-de-humo","13":"product_tag-humo","14":"product_tag-medtronic","15":"product_tag-medtronic-covidien-valleylab-rapidvac","16":"product_tag-medtronic-rapidvac","17":"product_tag-rapidvac","18":"product_tag-valleylab","19":"product_tag-valleylap-rapidvac","21":"first","22":"instock","23":"featured","24":"shipping-taxable","25":"purchasable","26":"product-type-simple"},"acf":[],"brands":[{"id":1107,"name":"Medtronic","slug":"equipo-medico-medtronic"}],"_links":{"self":[{"href":"https:\/\/www.somatechnology.com\/spanish\/wp-json\/wp\/v2\/product\/29657","targetHints":{"allow":["GET"]}}],"collection":[{"href":"https:\/\/www.somatechnology.com\/spanish\/wp-json\/wp\/v2\/product"}],"about":[{"href":"https:\/\/www.somatechnology.com\/spanish\/wp-json\/wp\/v2\/types\/product"}],"wp:featuredmedia":[{"embeddable":true,"href":"https:\/\/www.somatechnology.com\/spanish\/wp-json\/wp\/v2\/media\/29658"}],"wp:attachment":[{"href":"https:\/\/www.somatechnology.com\/spanish\/wp-json\/wp\/v2\/media?parent=29657"}],"wp:term":[{"taxonomy":"pwb-brand","embeddable":true,"href":"https:\/\/www.somatechnology.com\/spanish\/wp-json\/wp\/v2\/pwb-brand?post=29657"},{"taxonomy":"product_brand","embeddable":true,"href":"https:\/\/www.somatechnology.com\/spanish\/wp-json\/wp\/v2\/product_brand?post=29657"},{"taxonomy":"product_cat","embeddable":true,"href":"https:\/\/www.somatechnology.com\/spanish\/wp-json\/wp\/v2\/product_cat?post=29657"},{"taxonomy":"product_tag","embeddable":true,"href":"https:\/\/www.somatechnology.com\/spanish\/wp-json\/wp\/v2\/product_tag?post=29657"}],"curies":[{"name":"wp","href":"https:\/\/api.w.org\/{rel}","templated":true}]}}