{"id":29675,"date":"2024-02-26T13:08:42","date_gmt":"2024-02-26T18:08:42","guid":{"rendered":"https:\/\/www.somatechnology.com\/spanish\/?post_type=product&#038;p=29675"},"modified":"2024-02-26T13:09:02","modified_gmt":"2024-02-26T18:09:02","slug":"allen-ultrafins-stirrups","status":"publish","type":"product","link":"https:\/\/www.somatechnology.com\/spanish\/equipo-medico-usado-remanufacturado\/stirrups\/allen-ultrafins-stirrups\/","title":{"rendered":"Allen Ultrafins Stirrups"},"content":{"rendered":"<h2>Caracter\u00edsticas de los Stirrups Allen Ultrafins<\/h2>\n<p>El <strong>stirrups Allen Ultrafins<\/strong> es una mejora del stirrups Yellofins. Tiene un conjunto de varilla y articulaci\u00f3n reforzados y una funda flexible que ayuda a que todo el sistema pueda manejar a un paciente que pesa hasta 800 libras (363 kg). Los Allen Ultrafins siguen siendo apropiados para su uso con pacientes en general, aunque los Ultrafins fueron dise\u00f1ados para pacientes grandes.<\/p>\n<ul>\n<li>Una bota flexible que se adapta c\u00f3modamente a la pantorrilla.<\/li>\n<li>Dise\u00f1o de aleta \u00fanico que cubre la cabeza del peron\u00e9 para proteger el nervio peroneo superficial.<\/li>\n<li>Mango de agarre apretable que proporciona un f\u00e1cil ajuste intraoperatorio.<\/li>\n<li>Litotom\u00eda e indicadores de longitud.<\/li>\n<\/ul>\n","protected":false},"excerpt":{"rendered":"<p>Caracter\u00edsticas de los Stirrups Allen Ultrafins El stirrups Allen Ultrafins es una mejora del stirrups Yellofins. Tiene un conjunto de varilla y articulaci\u00f3n reforzados&#8230;<\/p>\n","protected":false},"featured_media":29676,"template":"","meta":{"_acf_changed":false,"_relevanssi_hide_post":"","_relevanssi_hide_content":"","_relevanssi_pin_for_all":"","_relevanssi_pin_keywords":"","_relevanssi_unpin_keywords":"","_relevanssi_related_keywords":"","_relevanssi_related_include_ids":"","_relevanssi_related_exclude_ids":"","_relevanssi_related_no_append":"","_relevanssi_related_not_related":"","_relevanssi_related_posts":"","_relevanssi_noindex_reason":"","inline_featured_image":false},"pwb-brand":[9652],"product_brand":[],"product_cat":[3206],"product_tag":[9659,9660,9662,9661,9663,9653,3207,9664,9666,9665,9667],"class_list":{"0":"post-29675","1":"product","2":"type-product","3":"status-publish","4":"has-post-thumbnail","6":"pwb-brand-equipo-medico-allen","7":"product_cat-stirrups","8":"product_tag-allen-stirrup","9":"product_tag-allen-stirrups","10":"product_tag-allen-ultrafin","11":"product_tag-allen-ultrafins","12":"product_tag-allen-ultrafins-stirrups","13":"product_tag-stirrup","14":"product_tag-stirrups","15":"product_tag-ultrafin","16":"product_tag-ultrafin-stirrups","17":"product_tag-ultrafins","18":"product_tag-ultrafins-stirrups","20":"first","21":"instock","22":"shipping-taxable","23":"purchasable","24":"product-type-simple"},"acf":[],"brands":[{"id":9652,"name":"Allen","slug":"equipo-medico-allen"}],"_links":{"self":[{"href":"https:\/\/www.somatechnology.com\/spanish\/wp-json\/wp\/v2\/product\/29675","targetHints":{"allow":["GET"]}}],"collection":[{"href":"https:\/\/www.somatechnology.com\/spanish\/wp-json\/wp\/v2\/product"}],"about":[{"href":"https:\/\/www.somatechnology.com\/spanish\/wp-json\/wp\/v2\/types\/product"}],"wp:featuredmedia":[{"embeddable":true,"href":"https:\/\/www.somatechnology.com\/spanish\/wp-json\/wp\/v2\/media\/29676"}],"wp:attachment":[{"href":"https:\/\/www.somatechnology.com\/spanish\/wp-json\/wp\/v2\/media?parent=29675"}],"wp:term":[{"taxonomy":"pwb-brand","embeddable":true,"href":"https:\/\/www.somatechnology.com\/spanish\/wp-json\/wp\/v2\/pwb-brand?post=29675"},{"taxonomy":"product_brand","embeddable":true,"href":"https:\/\/www.somatechnology.com\/spanish\/wp-json\/wp\/v2\/product_brand?post=29675"},{"taxonomy":"product_cat","embeddable":true,"href":"https:\/\/www.somatechnology.com\/spanish\/wp-json\/wp\/v2\/product_cat?post=29675"},{"taxonomy":"product_tag","embeddable":true,"href":"https:\/\/www.somatechnology.com\/spanish\/wp-json\/wp\/v2\/product_tag?post=29675"}],"curies":[{"name":"wp","href":"https:\/\/api.w.org\/{rel}","templated":true}]}}