{"id":29682,"date":"2024-02-26T15:27:35","date_gmt":"2024-02-26T20:27:35","guid":{"rendered":"https:\/\/www.somatechnology.com\/spanish\/?post_type=product&#038;p=29682"},"modified":"2024-02-26T15:27:35","modified_gmt":"2024-02-26T20:27:35","slug":"allen-yellofins-stirrups","status":"publish","type":"product","link":"https:\/\/www.somatechnology.com\/spanish\/equipo-medico-usado-remanufacturado\/stirrups\/allen-yellofins-stirrups\/","title":{"rendered":"Allen Yellofins Stirrups"},"content":{"rendered":"<h2>Caracter\u00edsticas de los stirrups Allen Yellofins<\/h2>\n<p>Los stirrups Allen Yellofins permiten al personal quir\u00fargico levantar y posicionar la pierna de un paciente, luego mantener las piernas en posici\u00f3n de manera segura mientras se realizan los procedimientos quir\u00fargicos. Los Yellofins tienen una aleta de seguridad lateral con tecnolog\u00eda patentada de asistencia a la elevaci\u00f3n. El dise\u00f1o del Yellowfin elimina la posibilidad de lesi\u00f3n del nervio peroneo.<\/p>\n<ul>\n<li>El mango de agarre apretado proporciona un f\u00e1cil ajuste intraoperatorio.<\/li>\n<li>Dise\u00f1o de bota de aleta lateral extendida.<\/li>\n<li>Bota autoajustable.<\/li>\n<li>Litotom\u00eda e indicadores de longitud.<\/li>\n<li>Tecnolog\u00eda de asistencia al levantamiento.<\/li>\n<\/ul>\n","protected":false},"excerpt":{"rendered":"<p>Caracter\u00edsticas de los stirrups Allen Yellofins Los stirrups Allen Yellofins permiten al personal quir\u00fargico levantar y posicionar la pierna de un paciente, luego mantener&#8230;<\/p>\n","protected":false},"featured_media":29684,"template":"","meta":{"_acf_changed":false,"_relevanssi_hide_post":"","_relevanssi_hide_content":"","_relevanssi_pin_for_all":"","_relevanssi_pin_keywords":"","_relevanssi_unpin_keywords":"","_relevanssi_related_keywords":"","_relevanssi_related_include_ids":"","_relevanssi_related_exclude_ids":"","_relevanssi_related_no_append":"","_relevanssi_related_not_related":"","_relevanssi_related_posts":"","_relevanssi_noindex_reason":"","inline_featured_image":false},"pwb-brand":[9652],"product_brand":[],"product_cat":[3206],"product_tag":[9659,9660,9683,9682,9685,9684,9653,3207,9677,9670,9671,9676,9669],"class_list":{"0":"post-29682","1":"product","2":"type-product","3":"status-publish","4":"has-post-thumbnail","6":"pwb-brand-equipo-medico-allen","7":"product_cat-stirrups","8":"product_tag-allen-stirrup","9":"product_tag-allen-stirrups","10":"product_tag-allen-yellofin","11":"product_tag-allen-yellofins","12":"product_tag-allen-yellowfin","13":"product_tag-allen-yellowfins","14":"product_tag-stirrup","15":"product_tag-stirrups","16":"product_tag-yello","17":"product_tag-yellofin","18":"product_tag-yellofins","19":"product_tag-yellow","20":"product_tag-yellowfins","22":"first","23":"instock","24":"shipping-taxable","25":"purchasable","26":"product-type-simple"},"acf":[],"brands":[{"id":9652,"name":"Allen","slug":"equipo-medico-allen"}],"_links":{"self":[{"href":"https:\/\/www.somatechnology.com\/spanish\/wp-json\/wp\/v2\/product\/29682","targetHints":{"allow":["GET"]}}],"collection":[{"href":"https:\/\/www.somatechnology.com\/spanish\/wp-json\/wp\/v2\/product"}],"about":[{"href":"https:\/\/www.somatechnology.com\/spanish\/wp-json\/wp\/v2\/types\/product"}],"wp:featuredmedia":[{"embeddable":true,"href":"https:\/\/www.somatechnology.com\/spanish\/wp-json\/wp\/v2\/media\/29684"}],"wp:attachment":[{"href":"https:\/\/www.somatechnology.com\/spanish\/wp-json\/wp\/v2\/media?parent=29682"}],"wp:term":[{"taxonomy":"pwb-brand","embeddable":true,"href":"https:\/\/www.somatechnology.com\/spanish\/wp-json\/wp\/v2\/pwb-brand?post=29682"},{"taxonomy":"product_brand","embeddable":true,"href":"https:\/\/www.somatechnology.com\/spanish\/wp-json\/wp\/v2\/product_brand?post=29682"},{"taxonomy":"product_cat","embeddable":true,"href":"https:\/\/www.somatechnology.com\/spanish\/wp-json\/wp\/v2\/product_cat?post=29682"},{"taxonomy":"product_tag","embeddable":true,"href":"https:\/\/www.somatechnology.com\/spanish\/wp-json\/wp\/v2\/product_tag?post=29682"}],"curies":[{"name":"wp","href":"https:\/\/api.w.org\/{rel}","templated":true}]}}