{"id":29685,"date":"2024-02-26T15:44:42","date_gmt":"2024-02-26T20:44:42","guid":{"rendered":"https:\/\/www.somatechnology.com\/spanish\/?post_type=product&#038;p=29685"},"modified":"2024-02-26T15:44:42","modified_gmt":"2024-02-26T20:44:42","slug":"schuremed-candy-cane-stirrups","status":"publish","type":"product","link":"https:\/\/www.somatechnology.com\/spanish\/equipo-medico-usado-remanufacturado\/stirrups\/schuremed-candy-cane-stirrups\/","title":{"rendered":"SchureMed Candy Cane Stirrups"},"content":{"rendered":"<h2>Caracter\u00edsticas de los stirrups SchureMed Candy Cane<\/h2>\n<p>Los stirrups SchureMed Candy Cane ayudan a posicionar a los pacientes de una manera rentable para una amplia gama de procedimientos quir\u00fargicos. Los stirrups Candy Cane tienen alturas y \u00e1ngulos ajustables para procedimientos ginecol\u00f3gicos, urol\u00f3gicos o laparosc\u00f3picos. Estos stirrups SchureMed tienen una capacidad de peso de 350 libras.<\/p>\n<ul>\n<li>Ajuste verticalmente de 71 cm-112 cm (28 in a 44 in) con un espacio libre para las piernas de 20 cm (8 in).<\/li>\n<li>La altura del estribo se puede bloquear simplemente girando el mango ergon\u00f3mico.<\/li>\n<li>Conecte los stirrups de la mesa quir\u00fargica al riel lateral de la mesa quir\u00fargica\/quir\u00fargico con Schure Socket XL (se vende por separado).<\/li>\n<\/ul>\n","protected":false},"excerpt":{"rendered":"<p>Caracter\u00edsticas de los stirrups SchureMed Candy Cane Los stirrups SchureMed Candy Cane ayudan a posicionar a los pacientes de una manera rentable para una&#8230;<\/p>\n","protected":false},"featured_media":29686,"template":"","meta":{"_acf_changed":false,"_relevanssi_hide_post":"","_relevanssi_hide_content":"","_relevanssi_pin_for_all":"","_relevanssi_pin_keywords":"","_relevanssi_unpin_keywords":"","_relevanssi_related_keywords":"","_relevanssi_related_include_ids":"","_relevanssi_related_exclude_ids":"","_relevanssi_related_no_append":"","_relevanssi_related_not_related":"","_relevanssi_related_posts":"","_relevanssi_noindex_reason":"","inline_featured_image":false},"pwb-brand":[3213],"product_brand":[],"product_cat":[3206],"product_tag":[9693,9692,9690,9691,9694,9686,9689,9695,9687,9688,9653,3207],"class_list":{"0":"post-29685","1":"product","2":"type-product","3":"status-publish","4":"has-post-thumbnail","6":"pwb-brand-equipo-medico-schuremed","7":"product_cat-stirrups","8":"product_tag-baston","9":"product_tag-baston-de-caramelo","10":"product_tag-candy","11":"product_tag-cane","12":"product_tag-caramelo","13":"product_tag-schuremed","14":"product_tag-schuremed-candy-cane","15":"product_tag-schuremed-candy-cane-stirrups","16":"product_tag-schuremed-stirrup","17":"product_tag-schuremed-stirrups","18":"product_tag-stirrup","19":"product_tag-stirrups","21":"first","22":"instock","23":"shipping-taxable","24":"purchasable","25":"product-type-simple"},"acf":[],"brands":[{"id":3213,"name":"SchureMed","slug":"equipo-medico-schuremed"}],"_links":{"self":[{"href":"https:\/\/www.somatechnology.com\/spanish\/wp-json\/wp\/v2\/product\/29685","targetHints":{"allow":["GET"]}}],"collection":[{"href":"https:\/\/www.somatechnology.com\/spanish\/wp-json\/wp\/v2\/product"}],"about":[{"href":"https:\/\/www.somatechnology.com\/spanish\/wp-json\/wp\/v2\/types\/product"}],"wp:featuredmedia":[{"embeddable":true,"href":"https:\/\/www.somatechnology.com\/spanish\/wp-json\/wp\/v2\/media\/29686"}],"wp:attachment":[{"href":"https:\/\/www.somatechnology.com\/spanish\/wp-json\/wp\/v2\/media?parent=29685"}],"wp:term":[{"taxonomy":"pwb-brand","embeddable":true,"href":"https:\/\/www.somatechnology.com\/spanish\/wp-json\/wp\/v2\/pwb-brand?post=29685"},{"taxonomy":"product_brand","embeddable":true,"href":"https:\/\/www.somatechnology.com\/spanish\/wp-json\/wp\/v2\/product_brand?post=29685"},{"taxonomy":"product_cat","embeddable":true,"href":"https:\/\/www.somatechnology.com\/spanish\/wp-json\/wp\/v2\/product_cat?post=29685"},{"taxonomy":"product_tag","embeddable":true,"href":"https:\/\/www.somatechnology.com\/spanish\/wp-json\/wp\/v2\/product_tag?post=29685"}],"curies":[{"name":"wp","href":"https:\/\/api.w.org\/{rel}","templated":true}]}}