{"id":29691,"date":"2024-02-26T16:28:37","date_gmt":"2024-02-26T21:28:37","guid":{"rendered":"https:\/\/www.somatechnology.com\/spanish\/?post_type=product&#038;p=29691"},"modified":"2024-02-26T16:32:36","modified_gmt":"2024-02-26T21:32:36","slug":"stryker-986-castvac","status":"publish","type":"product","link":"https:\/\/www.somatechnology.com\/spanish\/equipo-medico-usado-remanufacturado\/cortador-de-yeso\/stryker-986-castvac\/","title":{"rendered":"Stryker 986 CastVac"},"content":{"rendered":"<h2>Caracter\u00edsticas de Stryker 986 CastVac<\/h2>\n<p>El <strong>Stryker 986 CastVac<\/strong> est\u00e1 montado sobre un soporte m\u00f3vil de cinco ruedas para proporcionar f\u00e1cil movilidad y estabilidad. Es muy silencioso en comparaci\u00f3n con otros sistemas de vac\u00edo de fundici\u00f3n. La tapa del recipiente desmontable facilita el vaciado del filtro colector de polvo. El Stryker CastVac se puede utilizar con los cortadores de fundici\u00f3n Stryker 940, Stryker 840 y Stryker 848. Este sistema de extracci\u00f3n de yeso cuenta con un interruptor de alimentaci\u00f3n de 3 v\u00edas f\u00e1cil de operar.<\/p>\n<ul>\n<li>Tapa del recipiente extra\u00edble.<\/li>\n<li>Soporte de manguera giratorio.<\/li>\n<li>Control de pieza de mano. La aspiradora se enciende autom\u00e1ticamente cuando se activa el cortador o la sierra para moldes.<\/li>\n<li>Vac\u00edo silencioso.<\/li>\n<li>Manguera de aspiraci\u00f3n de 2.4 m.<\/li>\n<li>Dimensiones: 51 x 51 x 88 cm (20.1 x 20.1 x 34.6 in)<\/li>\n<\/ul>\n","protected":false},"excerpt":{"rendered":"<p>Caracter\u00edsticas de Stryker 986 CastVac El Stryker 986 CastVac est\u00e1 montado sobre un soporte m\u00f3vil de cinco ruedas para proporcionar f\u00e1cil movilidad y estabilidad&#8230;.<\/p>\n","protected":false},"featured_media":29693,"template":"","meta":{"_acf_changed":false,"_relevanssi_hide_post":"","_relevanssi_hide_content":"","_relevanssi_pin_for_all":"","_relevanssi_pin_keywords":"","_relevanssi_unpin_keywords":"","_relevanssi_related_keywords":"","_relevanssi_related_include_ids":"","_relevanssi_related_exclude_ids":"","_relevanssi_related_no_append":"","_relevanssi_related_not_related":"","_relevanssi_related_posts":"","_relevanssi_noindex_reason":"","inline_featured_image":false},"pwb-brand":[1079],"product_brand":[],"product_cat":[9696],"product_tag":[9703,9705,9704,9698,9699,178,9706,9697],"class_list":{"0":"post-29691","1":"product","2":"type-product","3":"status-publish","4":"has-post-thumbnail","6":"pwb-brand-equipo-medico-stryker","7":"product_cat-cortador-de-yeso","8":"product_tag-9703","9":"product_tag-986-castvac","10":"product_tag-castvac","11":"product_tag-cortador","12":"product_tag-cortador-de-yeso","13":"product_tag-stryker","14":"product_tag-styker-986-castvac","15":"product_tag-yeso","17":"first","18":"instock","19":"shipping-taxable","20":"purchasable","21":"product-type-simple"},"acf":[],"brands":[{"id":1079,"name":"Stryker","slug":"equipo-medico-stryker"}],"_links":{"self":[{"href":"https:\/\/www.somatechnology.com\/spanish\/wp-json\/wp\/v2\/product\/29691","targetHints":{"allow":["GET"]}}],"collection":[{"href":"https:\/\/www.somatechnology.com\/spanish\/wp-json\/wp\/v2\/product"}],"about":[{"href":"https:\/\/www.somatechnology.com\/spanish\/wp-json\/wp\/v2\/types\/product"}],"wp:featuredmedia":[{"embeddable":true,"href":"https:\/\/www.somatechnology.com\/spanish\/wp-json\/wp\/v2\/media\/29693"}],"wp:attachment":[{"href":"https:\/\/www.somatechnology.com\/spanish\/wp-json\/wp\/v2\/media?parent=29691"}],"wp:term":[{"taxonomy":"pwb-brand","embeddable":true,"href":"https:\/\/www.somatechnology.com\/spanish\/wp-json\/wp\/v2\/pwb-brand?post=29691"},{"taxonomy":"product_brand","embeddable":true,"href":"https:\/\/www.somatechnology.com\/spanish\/wp-json\/wp\/v2\/product_brand?post=29691"},{"taxonomy":"product_cat","embeddable":true,"href":"https:\/\/www.somatechnology.com\/spanish\/wp-json\/wp\/v2\/product_cat?post=29691"},{"taxonomy":"product_tag","embeddable":true,"href":"https:\/\/www.somatechnology.com\/spanish\/wp-json\/wp\/v2\/product_tag?post=29691"}],"curies":[{"name":"wp","href":"https:\/\/api.w.org\/{rel}","templated":true}]}}