{"id":29935,"date":"2024-04-15T12:10:14","date_gmt":"2024-04-15T16:10:14","guid":{"rendered":"https:\/\/www.somatechnology.com\/spanish\/?post_type=product&#038;p=29935"},"modified":"2025-06-30T17:19:56","modified_gmt":"2025-06-30T21:19:56","slug":"axia-ti89","status":"publish","type":"product","link":"https:\/\/www.somatechnology.com\/spanish\/equipo-medico-usado-remanufacturado\/cardiologia\/ekg-interpretativo-y-no-interpretativo\/axia-ti89\/","title":{"rendered":"Axia Ti89"},"content":{"rendered":"<h2>Caracter\u00edsticas del Axia Ti89<\/h2>\n<p>El <strong><a href=\"https:\/\/www.somatechnology.com\/wp-content\/uploads\/sites\/2\/2024\/04\/Axia-Ti89-spa.pdf\">Axia Ti89<\/a><\/strong> es un electrocardi\u00f3grafo digital de 12 canales para uso en pacientes adultos y pedi\u00e1tricos. El Ti89 cuenta con una pantalla t\u00e1ctil a color de 8,9 pulgadas f\u00e1cil de usar y admite transferencias de datos a una PC mediante una LAN, unidad USB, tarjeta SD o wifi. Los datos del ECG se pueden guardar en formatos JPG o XML. La impresora incorporada permite a los profesionales m\u00e9dicos ver y comparar formas de onda y resultados de an\u00e1lisis en papel t\u00e9rmico de gran tama\u00f1o.<\/p>\n<ul>\n<li>ECG digital de 12 canales<\/li>\n<li>Pantalla t\u00e1ctil a color de 8,9 pulgadas<\/li>\n<li>Interpretaci\u00f3n autom\u00e1tica<\/li>\n<li>Teclado alfanum\u00e9rico de silicona retroiluminado resistente al agua<\/li>\n<li>La impresora t\u00e9rmica incorporada imprime en papel de 210 mm x 140 mm<\/li>\n<\/ul>\n<p>&nbsp;<\/p>\n","protected":false},"excerpt":{"rendered":"<p>Caracter\u00edsticas del Axia Ti89 El Axia Ti89 es un electrocardi\u00f3grafo digital de 12 canales para uso en pacientes adultos y pedi\u00e1tricos. El Ti89 cuenta&#8230;<\/p>\n","protected":false},"featured_media":29940,"template":"","meta":{"_acf_changed":false,"_relevanssi_hide_post":"","_relevanssi_hide_content":"","_relevanssi_pin_for_all":"","_relevanssi_pin_keywords":"","_relevanssi_unpin_keywords":"","_relevanssi_related_keywords":"","_relevanssi_related_include_ids":"","_relevanssi_related_exclude_ids":"","_relevanssi_related_no_append":"","_relevanssi_related_not_related":"","_relevanssi_related_posts":"","_relevanssi_noindex_reason":"","inline_featured_image":false},"pwb-brand":[1098],"product_brand":[],"product_cat":[49],"product_tag":[10652,191,10654,10657,10656,10655,10653,10659,10660,9958,9247,9978,9967,9952,10658,10661,10662,9816,10666,10664,9879,10667,9818,10665,10668,9966,10663,10651,10650],"class_list":{"0":"post-29935","1":"product","2":"type-product","3":"status-publish","4":"has-post-thumbnail","6":"pwb-brand-equipo-medico-axia","7":"product_cat-ekg-interpretativo-y-no-interpretativo","8":"product_tag-10652","9":"product_tag-axia","10":"product_tag-axia-89","11":"product_tag-axia-ecg","12":"product_tag-axia-ekg","13":"product_tag-axia-ti","14":"product_tag-axia-ti89","15":"product_tag-axia-ti89-ecg","16":"product_tag-axia-ti89-ekg","17":"product_tag-ecg","18":"product_tag-ekg","19":"product_tag-internacional","20":"product_tag-intl","21":"product_tag-maquina","22":"product_tag-maquina-axia","23":"product_tag-maquina-axia-ti89","24":"product_tag-maquina-ekg-axia-ti89","25":"product_tag-soma","26":"product_tag-soma-internacional","27":"product_tag-soma-intl","28":"product_tag-soma-tech","29":"product_tag-soma-tech-internacional","30":"product_tag-soma-tech-intl","31":"product_tag-soma-tecnologia","32":"product_tag-soma-tecnologia-internacional","33":"product_tag-tech","34":"product_tag-tecnologia","35":"product_tag-ti","36":"product_tag-ti89","38":"first","39":"instock","40":"featured","41":"shipping-taxable","42":"purchasable","43":"product-type-simple"},"acf":[],"brands":[{"id":1098,"name":"Axia","slug":"equipo-medico-axia"}],"_links":{"self":[{"href":"https:\/\/www.somatechnology.com\/spanish\/wp-json\/wp\/v2\/product\/29935","targetHints":{"allow":["GET"]}}],"collection":[{"href":"https:\/\/www.somatechnology.com\/spanish\/wp-json\/wp\/v2\/product"}],"about":[{"href":"https:\/\/www.somatechnology.com\/spanish\/wp-json\/wp\/v2\/types\/product"}],"wp:featuredmedia":[{"embeddable":true,"href":"https:\/\/www.somatechnology.com\/spanish\/wp-json\/wp\/v2\/media\/29940"}],"wp:attachment":[{"href":"https:\/\/www.somatechnology.com\/spanish\/wp-json\/wp\/v2\/media?parent=29935"}],"wp:term":[{"taxonomy":"pwb-brand","embeddable":true,"href":"https:\/\/www.somatechnology.com\/spanish\/wp-json\/wp\/v2\/pwb-brand?post=29935"},{"taxonomy":"product_brand","embeddable":true,"href":"https:\/\/www.somatechnology.com\/spanish\/wp-json\/wp\/v2\/product_brand?post=29935"},{"taxonomy":"product_cat","embeddable":true,"href":"https:\/\/www.somatechnology.com\/spanish\/wp-json\/wp\/v2\/product_cat?post=29935"},{"taxonomy":"product_tag","embeddable":true,"href":"https:\/\/www.somatechnology.com\/spanish\/wp-json\/wp\/v2\/product_tag?post=29935"}],"curies":[{"name":"wp","href":"https:\/\/api.w.org\/{rel}","templated":true}]}}