{"id":30059,"date":"2024-05-09T11:15:44","date_gmt":"2024-05-09T15:15:44","guid":{"rendered":"https:\/\/www.somatechnology.com\/spanish\/?post_type=product&#038;p=30059"},"modified":"2024-10-11T12:36:50","modified_gmt":"2024-10-11T16:36:50","slug":"rad-97-masimo","status":"publish","type":"product","link":"https:\/\/www.somatechnology.com\/spanish\/equipo-medico-usado-remanufacturado\/monitores-de-signos-vitales\/oximetro-de-pulso\/rad-97-masimo\/","title":{"rendered":"Masimo Rad-97"},"content":{"rendered":"<h2>Masimo Rad 97 Ox\u00edmetro de pulso <span class=\"s1\"><b>Caracter\u00edsticas<\/b><\/span><\/h2>\n<p>El <strong>Masimo Rad 97<\/strong> es un <a href=\"https:\/\/www.somatechnology.com\/spanish\/equipos-medicos\/monitores-de-signos-vitales\/oximetro-de-pulso\/\">ox\u00edmetro de pulso<\/a> no invasivo. El <a href=\"https:\/\/www.somatechnology.com\/wp-content\/uploads\/sites\/2\/2024\/05\/Masimo-Rad-97-Pulse-Oximeter-Spa.pdf\">Rad-97<\/a> ofrece mediciones continuas de SpO2, etCO2, presi\u00f3n arterial y frecuencia respiratoria. Este sistema es un dispositivo peque\u00f1o, compacto y port\u00e1til que puede utilizarse para monitorear pacientes encamados. El sistema Masimo viene con tres modos de medici\u00f3n diferentes para la presi\u00f3n arterial: chequeo puntual, intervalo autom\u00e1tico e intervalo de estado. El ox\u00edmetro de pulso se puede usar en pacientes neonatales, pedi\u00e1tricos y adultos. El Rad 97 ofrece capacidades integradas de Wi-Fi que se pueden conectar a la red \u00abMasimo Patient SafetyNet\u00bb o \u00abIris Gateway\u00bb en su centro para actualizar y transferir los datos del paciente para futuras referencias. Adem\u00e1s, el Rad 97\u00a0 ofrece una pantalla a color de alta resoluci\u00f3n y alto brillo con capacidades t\u00e1ctiles, lo que facilita la personalizaci\u00f3n de la pantalla para evaluaciones r\u00e1pidas y la expansi\u00f3n de datos pertinentes para el an\u00e1lisis en tiempo real.<\/p>\n<ul>\n<li>Sensor de luz ambiental que ajusta autom\u00e1ticamente el brillo de la pantalla<\/li>\n<li>El \u00edcono de perfil cambia y el bot\u00f3n de inicio se ilumina en colores correspondientes<\/li>\n<li>Indicador luminoso para alarmas y mensajes del sistema<\/li>\n<li>Bater\u00eda recargable de ion de litio con aproximadamente cuatro horas de autonom\u00eda<\/li>\n<li>Tendencia de 96 horas de datos param\u00e9tricos<\/li>\n<li>Alarmas audibles y visuales<\/li>\n<\/ul>\n","protected":false},"excerpt":{"rendered":"<p>Masimo Rad 97 Ox\u00edmetro de pulso Caracter\u00edsticas El Masimo Rad 97 es un ox\u00edmetro de pulso no invasivo. El Rad-97 ofrece mediciones continuas de&#8230;<\/p>\n","protected":false},"featured_media":31048,"template":"","meta":{"_acf_changed":false,"_relevanssi_hide_post":"","_relevanssi_hide_content":"","_relevanssi_pin_for_all":"","_relevanssi_pin_keywords":"","_relevanssi_unpin_keywords":"","_relevanssi_related_keywords":"","_relevanssi_related_include_ids":"","_relevanssi_related_exclude_ids":"","_relevanssi_related_no_append":"","_relevanssi_related_not_related":"","_relevanssi_related_posts":"","_relevanssi_noindex_reason":"","inline_featured_image":false},"pwb-brand":[1141],"product_brand":[],"product_cat":[65],"product_tag":[10199,6618,9718,9733,10200,9720,6619,9717,10202,9904,7018,10196,10198,9858,9719,10197,9721,10201],"class_list":{"0":"post-30059","1":"product","2":"type-product","3":"status-publish","4":"has-post-thumbnail","6":"pwb-brand-oximetro-de-pulso-masimo","7":"product_cat-oximetro-de-pulso","8":"product_tag-capnografia-masimo-rad-97","9":"product_tag-masimo","10":"product_tag-masimo-rad-97","11":"product_tag-masimo-rad-97-manual","12":"product_tag-masimo-rad-97-precio","13":"product_tag-masimo-rad-97-rainbow","14":"product_tag-masimo-radical-7","15":"product_tag-masimorad97","16":"product_tag-monitor-pulso","17":"product_tag-nibp","18":"product_tag-oximetro-de-pulso","19":"product_tag-oximetro-de-pulso-masimo-rad-97","20":"product_tag-oximetros-de-pulso","21":"product_tag-pulso","22":"product_tag-rad-97","23":"product_tag-rad-97-rainbow","24":"product_tag-radical","25":"product_tag-radical-97-precio","27":"first","28":"instock","29":"shipping-taxable","30":"purchasable","31":"product-type-simple"},"acf":[],"brands":[{"id":1141,"name":"Masimo","slug":"oximetro-de-pulso-masimo"}],"_links":{"self":[{"href":"https:\/\/www.somatechnology.com\/spanish\/wp-json\/wp\/v2\/product\/30059","targetHints":{"allow":["GET"]}}],"collection":[{"href":"https:\/\/www.somatechnology.com\/spanish\/wp-json\/wp\/v2\/product"}],"about":[{"href":"https:\/\/www.somatechnology.com\/spanish\/wp-json\/wp\/v2\/types\/product"}],"wp:featuredmedia":[{"embeddable":true,"href":"https:\/\/www.somatechnology.com\/spanish\/wp-json\/wp\/v2\/media\/31048"}],"wp:attachment":[{"href":"https:\/\/www.somatechnology.com\/spanish\/wp-json\/wp\/v2\/media?parent=30059"}],"wp:term":[{"taxonomy":"pwb-brand","embeddable":true,"href":"https:\/\/www.somatechnology.com\/spanish\/wp-json\/wp\/v2\/pwb-brand?post=30059"},{"taxonomy":"product_brand","embeddable":true,"href":"https:\/\/www.somatechnology.com\/spanish\/wp-json\/wp\/v2\/product_brand?post=30059"},{"taxonomy":"product_cat","embeddable":true,"href":"https:\/\/www.somatechnology.com\/spanish\/wp-json\/wp\/v2\/product_cat?post=30059"},{"taxonomy":"product_tag","embeddable":true,"href":"https:\/\/www.somatechnology.com\/spanish\/wp-json\/wp\/v2\/product_tag?post=30059"}],"curies":[{"name":"wp","href":"https:\/\/api.w.org\/{rel}","templated":true}]}}