{"id":30101,"date":"2024-05-20T11:06:09","date_gmt":"2024-05-20T15:06:09","guid":{"rendered":"https:\/\/www.somatechnology.com\/spanish\/?post_type=product&#038;p=30101"},"modified":"2025-09-23T09:33:01","modified_gmt":"2025-09-23T13:33:01","slug":"mindray-datascope-duo","status":"publish","type":"product","link":"https:\/\/www.somatechnology.com\/spanish\/equipo-medico-usado-remanufacturado\/monitores-de-signos-vitales\/mindray-datascope-duo\/","title":{"rendered":"Mindray Datascope Duo"},"content":{"rendered":"<h2 class=\"p1\"><b>Mindray <\/b><b>Datascope Duo<\/b><\/h2>\n<p>El Mindray Datascope Duo es un monitor port\u00e1til de comprobaci\u00f3n puntual de NIBP dise\u00f1ado para su uso en entornos sanitarios con pacientes adultos y pedi\u00e1tricos que necesitan un seguimiento cl\u00ednico continuo. Permite realizar mediciones de NIBP r\u00e1pidas y precisas y tambi\u00e9n puede monitorear la frecuencia del pulso y la SpO2 (opcional). El dispositivo puede funcionar con una conexi\u00f3n de CA o con una bater\u00eda recargable de iones de litio. Su dise\u00f1o \u00fanico presenta un asa de transporte para facilitar su transporte, construcci\u00f3n liviana y tama\u00f1o compacto. El Duo se puede transportar en la mano, montarlo en un soporte con ruedas o colocarlo sobre una mesa para mayor comodidad.<\/p>\n<ul>\n<li>Interfaz f\u00e1cil de usar: opere todas las funciones con un sencillo teclado de cuatro botones.<\/li>\n<li>Lecturas confiables: obtenga datos de presi\u00f3n arterial y frecuencia del pulso a partir de NIBP u oximetr\u00eda de pulso con la tecnolog\u00eda Masimo SET SpO2.<\/li>\n<li>Operaci\u00f3n simple: Garantiza mediciones precisas de la presi\u00f3n arterial y la frecuencia del pulso. Dise\u00f1o port\u00e1til: mueva el dispositivo sin esfuerzo entre pacientes, lo que lo hace conveniente para los profesionales de la salud.<\/li>\n<li>El dispositivo mide la presi\u00f3n arterial, los niveles de O2, la frecuencia respiratoria, el gasto card\u00edaco y la temperatura.<br \/>\nFamilia de m\u00f3dulos de medici\u00f3n m\u00faltiple con sus extensiones y analizadores de gas IntelliVue ampliar su funcionalidad con.<\/li>\n<\/ul>\n","protected":false},"excerpt":{"rendered":"<p>El Mindray Datascope Duo es un monitor port\u00e1til de comprobaci\u00f3n puntual de NIBP dise\u00f1ado para su uso en entornos sanitarios con pacientes adultos y pedi\u00e1tricos que necesitan un seguimiento cl\u00ednico continuo. Permite realizar mediciones de NIBP r\u00e1pidas y precisas y tambi\u00e9n puede monitorear la frecuencia del pulso y la SpO2 (opcional).<\/p>\n","protected":false},"featured_media":30103,"template":"","meta":{"_acf_changed":false,"_relevanssi_hide_post":"","_relevanssi_hide_content":"","_relevanssi_pin_for_all":"","_relevanssi_pin_keywords":"","_relevanssi_unpin_keywords":"","_relevanssi_related_keywords":"","_relevanssi_related_include_ids":"","_relevanssi_related_exclude_ids":"","_relevanssi_related_no_append":"","_relevanssi_related_not_related":"","_relevanssi_related_posts":"","_relevanssi_noindex_reason":"","inline_featured_image":false},"pwb-brand":[1135],"product_brand":[],"product_cat":[129],"product_tag":[9842,9844,9811,9804,9783,9794,9773,9834,9830,9822,9814,9807,9786,9823,9825,9852,9839,9851,9796,9793,9803,9805,9799,9772,9782,9784,9778,9775,9797,9776,9821,9850,9806,9785,9800,9779,9795,9815,9791,9774,9770,9790,9769,9847,9820,9829,9849,9798,9777,9837,9843,9836,9802,9812,9792,9808,9781,9771,9787,9831,9809,9788,9813,9835,9848,9833,9826,9816,9818,9817,9824,9810,9789,9832,9828,9827,9838,9840,9845,9819,9841,9846,9801,9780],"class_list":{"0":"post-30101","1":"product","2":"type-product","3":"status-publish","4":"has-post-thumbnail","6":"pwb-brand-equipo-medico-mindray","7":"product_cat-monitores-de-signos-vitales","8":"product_tag-atencion-al-paciente","9":"product_tag-calidad-de-atencion","10":"product_tag-clinical-monitoring","11":"product_tag-clinical-technology","12":"product_tag-clinicaltechnology","13":"product_tag-critical-care","14":"product_tag-criticalcare","15":"product_tag-cuidado-de-la-salud-innovador","16":"product_tag-cuidado-del-paciente","17":"product_tag-cuidados-criticos","18":"product_tag-data-management","19":"product_tag-digital-health","20":"product_tag-digitalhealth","21":"product_tag-dispositivos-medicos","22":"product_tag-equipo-hospitalario","23":"product_tag-equipo-medico","24":"product_tag-equipos-hospitalarios","25":"product_tag-gestion-de-datos","26":"product_tag-health-tech","27":"product_tag-healthcare-innovation","28":"product_tag-healthcare-professionals","29":"product_tag-healthcare-solutions","30":"product_tag-healthcare-technology","31":"product_tag-healthcareinnovation","32":"product_tag-healthcareprofessionals","33":"product_tag-healthcaresolutions","34":"product_tag-healthcaretechnology","35":"product_tag-healthtech","36":"product_tag-hospital-equipment","37":"product_tag-hospitalequipment","38":"product_tag-innovacion-en-el-cuidado-de-la-salud","39":"product_tag-innovacion-en-salud","40":"product_tag-innovative-healthcare","41":"product_tag-innovativehealthcare","42":"product_tag-life-saving-technology","43":"product_tag-lifesavingtechnology","44":"product_tag-medical-devices","45":"product_tag-medical-equipment","46":"product_tag-medical-technology","47":"product_tag-medicaldevices","48":"product_tag-medicaltechnology","49":"product_tag-mindray-datascope-duo","50":"product_tag-mindraydatascopeduo","51":"product_tag-monitoreo-clinico","52":"product_tag-monitoreo-de-pacientes","53":"product_tag-monitoreo-de-signos-vitales","54":"product_tag-monitoreo-remoto","55":"product_tag-monitoring-solutions","56":"product_tag-monitoringsolutions","57":"product_tag-paciente-monitoreo","58":"product_tag-paciente-seguridad","59":"product_tag-paciente-seguro-ty","60":"product_tag-patient-care","61":"product_tag-patient-care-solutions","62":"product_tag-patient-monitoring","63":"product_tag-patient-safety","64":"product_tag-patientcare","65":"product_tag-patientmonitoring","66":"product_tag-patientsafety","67":"product_tag-profesionales-de-la-salud","68":"product_tag-quality-care","69":"product_tag-qualitycare","70":"product_tag-remote-monitoring","71":"product_tag-salud-digital","72":"product_tag-soluciones-de-atencion-al-paciente","73":"product_tag-soluciones-de-cuidado-de-la-salud","74":"product_tag-soluciones-de-monitoreo","75":"product_tag-soma","76":"product_tag-soma-tech-intl","77":"product_tag-soma-technology","78":"product_tag-tech-de-salud","79":"product_tag-technology-in-healthcare","80":"product_tag-technologyinhealthcare","81":"product_tag-tecnologia-clinica","82":"product_tag-tecnologia-de-ahorro-de-vida","83":"product_tag-tecnologia-de-cuidado-de-la-salud","84":"product_tag-tecnologia-de-la-salud","85":"product_tag-tecnologia-del-cuidado-de-la-salud","86":"product_tag-tecnologia-en-atencion-medica","87":"product_tag-tecnologia-medica","88":"product_tag-tecnologia-para-salvar-vidas","89":"product_tag-tecnologia-sanitaria","90":"product_tag-vital-signs-monitoring","91":"product_tag-vitalsignsmonitoring","93":"first","94":"instock","95":"shipping-taxable","96":"purchasable","97":"product-type-simple"},"acf":[],"brands":[{"id":1135,"name":"Mindray","slug":"equipo-medico-mindray"}],"_links":{"self":[{"href":"https:\/\/www.somatechnology.com\/spanish\/wp-json\/wp\/v2\/product\/30101","targetHints":{"allow":["GET"]}}],"collection":[{"href":"https:\/\/www.somatechnology.com\/spanish\/wp-json\/wp\/v2\/product"}],"about":[{"href":"https:\/\/www.somatechnology.com\/spanish\/wp-json\/wp\/v2\/types\/product"}],"wp:featuredmedia":[{"embeddable":true,"href":"https:\/\/www.somatechnology.com\/spanish\/wp-json\/wp\/v2\/media\/30103"}],"wp:attachment":[{"href":"https:\/\/www.somatechnology.com\/spanish\/wp-json\/wp\/v2\/media?parent=30101"}],"wp:term":[{"taxonomy":"pwb-brand","embeddable":true,"href":"https:\/\/www.somatechnology.com\/spanish\/wp-json\/wp\/v2\/pwb-brand?post=30101"},{"taxonomy":"product_brand","embeddable":true,"href":"https:\/\/www.somatechnology.com\/spanish\/wp-json\/wp\/v2\/product_brand?post=30101"},{"taxonomy":"product_cat","embeddable":true,"href":"https:\/\/www.somatechnology.com\/spanish\/wp-json\/wp\/v2\/product_cat?post=30101"},{"taxonomy":"product_tag","embeddable":true,"href":"https:\/\/www.somatechnology.com\/spanish\/wp-json\/wp\/v2\/product_tag?post=30101"}],"curies":[{"name":"wp","href":"https:\/\/api.w.org\/{rel}","templated":true}]}}