{"id":30122,"date":"2024-05-21T12:00:45","date_gmt":"2024-05-21T16:00:45","guid":{"rendered":"https:\/\/www.somatechnology.com\/spanish\/?post_type=product&#038;p=30122"},"modified":"2024-05-21T16:07:04","modified_gmt":"2024-05-21T20:07:04","slug":"nonin-sensmart-x-100m","status":"publish","type":"product","link":"https:\/\/www.somatechnology.com\/spanish\/equipo-medico-usado-remanufacturado\/monitores-de-signos-vitales\/oximetro-de-pulso\/nonin-sensmart-x-100m\/","title":{"rendered":"Nonin SenSmart X-100M"},"content":{"rendered":"<h2 class=\"p1\">Ox\u00edmetro de pulso Nonin SenSmart X-100M<\/h2>\n<p class=\"p1\">Sistema de oximetr\u00eda universal <b>SenSmart modelo X-100 de Nonin <\/b>Medical: presenta un dispositivo todo en uno. Dise\u00f1ada para ofrecer simplicidad e inteligencia, esta tecnolog\u00eda de vanguardia est\u00e1 cambiando la forma en que se realiza la oximetr\u00eda. Experimente el poder de los datos en tiempo real. El sistema port\u00e1til X-100 muestra m\u00faltiples valores de rSO2 y SpO2 simult\u00e1neamente en una sola pantalla, lo que le permite tomar decisiones informadas r\u00e1pidamente. El X-100 es el primer sistema que ofrece mediciones de oximetr\u00eda regional y de pulso en la actualidad, con la versatilidad de expandirse para incluir m\u00e1s par\u00e1metros en el futuro. Mant\u00e9ngase a la vanguardia con el sistema de oximetr\u00eda universal SenSmart modelo X-100, donde la simplicidad se une a la sofisticaci\u00f3n para una precisi\u00f3n de monitoreo y facilidad de uso incomparables.<\/p>\n<ul>\n<li class=\"p2\"><b><\/b><b>Precisi\u00f3n perfeccionada: <\/b>los sensores blandos ofrecen lecturas r\u00e1pidas y precisas que siguen siendo confiables en escenarios desafiantes, como baja perfusi\u00f3n y movimiento del paciente.<\/li>\n<li class=\"p1\"><b>Libere la versatilidad: <\/b>experimente una flexibilidad inigualable aprovechando una amplia gama de sensores de rSO2 y sensores de SpO2 compatibles con SenSmart de Nonin<\/li>\n<li class=\"p1\"><b>Integraci\u00f3n perfecta: <\/b>conecte y muestre sin esfuerzo todos los datos de oximetr\u00eda en el monitor SenSmart para obtener informaci\u00f3n r\u00e1pida y completa.<\/li>\n<li class=\"p1\"><b>Comodidad sin esfuerzo: <\/b>conectividad Bluetooth para una transferencia de datos perfecta y un software de descarga de casos f\u00e1cil de usar. Mant\u00e9ngase conectado e informado con facilidad<b>.<\/b><\/li>\n<\/ul>\n","protected":false},"excerpt":{"rendered":"<p>Ox\u00edmetro de pulso Nonin SenSmart X-100M Sistema de oximetr\u00eda universal SenSmart modelo X-100 de Nonin Medical: presenta un dispositivo todo en uno. Dise\u00f1ada para&#8230;<\/p>\n","protected":false},"featured_media":30123,"template":"","meta":{"_acf_changed":false,"_relevanssi_hide_post":"","_relevanssi_hide_content":"","_relevanssi_pin_for_all":"","_relevanssi_pin_keywords":"","_relevanssi_unpin_keywords":"","_relevanssi_related_keywords":"","_relevanssi_related_include_ids":"","_relevanssi_related_exclude_ids":"","_relevanssi_related_no_append":"","_relevanssi_related_not_related":"","_relevanssi_related_posts":"","_relevanssi_noindex_reason":"","inline_featured_image":false},"pwb-brand":[9853],"product_brand":[],"product_cat":[65],"product_tag":[9862,7035,9855,9854,9859,9856,7018,9865,9858,9861,9864,9863],"class_list":{"0":"post-30122","1":"product","2":"type-product","3":"status-publish","4":"has-post-thumbnail","6":"pwb-brand-nonin","7":"product_cat-oximetro-de-pulso","8":"product_tag-100m","9":"product_tag-nonin","10":"product_tag-nonin-pulse-oximeter","11":"product_tag-nonin-sensmart-x-100m","12":"product_tag-nonin-en-espanol","13":"product_tag-oximetro","14":"product_tag-oximetro-de-pulso","15":"product_tag-oximetro-de-puso-nonin","16":"product_tag-pulso","17":"product_tag-sensmart","18":"product_tag-sensmart-x-100m","19":"product_tag-x-100m","21":"first","22":"instock","23":"shipping-taxable","24":"purchasable","25":"product-type-simple"},"acf":[],"brands":[{"id":9853,"name":"Nonin","slug":"nonin"}],"_links":{"self":[{"href":"https:\/\/www.somatechnology.com\/spanish\/wp-json\/wp\/v2\/product\/30122","targetHints":{"allow":["GET"]}}],"collection":[{"href":"https:\/\/www.somatechnology.com\/spanish\/wp-json\/wp\/v2\/product"}],"about":[{"href":"https:\/\/www.somatechnology.com\/spanish\/wp-json\/wp\/v2\/types\/product"}],"wp:featuredmedia":[{"embeddable":true,"href":"https:\/\/www.somatechnology.com\/spanish\/wp-json\/wp\/v2\/media\/30123"}],"wp:attachment":[{"href":"https:\/\/www.somatechnology.com\/spanish\/wp-json\/wp\/v2\/media?parent=30122"}],"wp:term":[{"taxonomy":"pwb-brand","embeddable":true,"href":"https:\/\/www.somatechnology.com\/spanish\/wp-json\/wp\/v2\/pwb-brand?post=30122"},{"taxonomy":"product_brand","embeddable":true,"href":"https:\/\/www.somatechnology.com\/spanish\/wp-json\/wp\/v2\/product_brand?post=30122"},{"taxonomy":"product_cat","embeddable":true,"href":"https:\/\/www.somatechnology.com\/spanish\/wp-json\/wp\/v2\/product_cat?post=30122"},{"taxonomy":"product_tag","embeddable":true,"href":"https:\/\/www.somatechnology.com\/spanish\/wp-json\/wp\/v2\/product_tag?post=30122"}],"curies":[{"name":"wp","href":"https:\/\/api.w.org\/{rel}","templated":true}]}}