{"id":30191,"date":"2024-05-30T12:53:21","date_gmt":"2024-05-30T16:53:21","guid":{"rendered":"https:\/\/www.somatechnology.com\/spanish\/?post_type=product&#038;p=30191"},"modified":"2024-06-03T12:57:59","modified_gmt":"2024-06-03T16:57:59","slug":"masimo-rad-57","status":"publish","type":"product","link":"https:\/\/www.somatechnology.com\/spanish\/equipo-medico-usado-remanufacturado\/monitores-de-signos-vitales\/oximetro-de-pulso\/masimo-rad-57\/","title":{"rendered":"Masimo Rad-57"},"content":{"rendered":"<h2>Masimo Rad-57 Ox\u00edmetro de Pulso Caracter\u00edsticas<\/h2>\n<p class=\"p1\">El coox\u00edmetro de pulso port\u00e1til <b>Masimo Rad-57<\/b> es un dispositivo no invasivo que se utiliza para controlar la saturaci\u00f3n de ox\u00edgeno arterial y la frecuencia del pulso. Est\u00e1 equipado con una pantalla LED multicolor que muestra valores num\u00e9ricos continuos de SpO2, \u00edndice de perfusi\u00f3n (PI) y frecuencia del pulso (PR). Adem\u00e1s, el Rad-57 incluye funciones como un indicador de IQ de se\u00f1al baja (Low SIQ), estado de alarma, opci\u00f3n de silencio de alarma e indicador de duraci\u00f3n de la bater\u00eda.<\/p>\n<ul>\n<li>Mant\u00e9ngase conectado con monitoreo continuo en un elegante dispositivo port\u00e1til<\/li>\n<li>F\u00e1cil, r\u00e1pido y f\u00e1cil de usar<\/li>\n<li>Dise\u00f1ado para ser duradero pero liviano, perfecto para trabajo de campo y entornos hospitalarios.<\/li>\n<li>Realice un seguimiento sin esfuerzo con Low Signal I.Q. Indicador (SIQ) para mediciones confiables<\/li>\n<li>Realice tendencias en sus datos con hasta 72 horas de almacenamiento de memoria para obtener informaci\u00f3n y an\u00e1lisis completos<\/li>\n<li>10 horas de uso continuo con 4 pilas alcalinas AA.<\/li>\n<li>Alarmas individuales para SpO2, PR, SpCO y SpMet PVI<\/li>\n<\/ul>\n","protected":false},"excerpt":{"rendered":"<p>Masimo Rad-57 Ox\u00edmetro de Pulso Caracter\u00edsticas El coox\u00edmetro de pulso port\u00e1til Masimo Rad-57 es un dispositivo no invasivo que se utiliza para controlar la&#8230;<\/p>\n","protected":false},"featured_media":30200,"template":"","meta":{"_acf_changed":false,"_relevanssi_hide_post":"","_relevanssi_hide_content":"","_relevanssi_pin_for_all":"","_relevanssi_pin_keywords":"","_relevanssi_unpin_keywords":"","_relevanssi_related_keywords":"","_relevanssi_related_include_ids":"","_relevanssi_related_exclude_ids":"","_relevanssi_related_no_append":"","_relevanssi_related_not_related":"","_relevanssi_related_posts":"","_relevanssi_noindex_reason":"","inline_featured_image":false},"pwb-brand":[1141],"product_brand":[],"product_cat":[65],"product_tag":[9875,9873,9874,9867,9877,6618,7088,9866,9872,7018,9869,9868,9870,9721,9871,9878,9816,9879,9818,9817,9876],"class_list":{"0":"post-30191","1":"product","2":"type-product","3":"status-publish","4":"has-post-thumbnail","6":"pwb-brand-oximetro-de-pulso-masimo","7":"product_cat-oximetro-de-pulso","8":"product_tag-cooximetria-de-pulso","9":"product_tag-cooximetro","10":"product_tag-cooximetro-de-pulso","11":"product_tag-cooximetro-de-pulso-masimo-rad-57","12":"product_tag-etco2","13":"product_tag-masimo","14":"product_tag-masimo-rad","15":"product_tag-masimo-rad-57","16":"product_tag-masimo-radical-57","17":"product_tag-oximetro-de-pulso","18":"product_tag-oximetro-de-pulso-masimo","19":"product_tag-oximetro-pluse-masimo-rad-57","20":"product_tag-rad-57","21":"product_tag-radical","22":"product_tag-radical-57","23":"product_tag-saturacion-de-oxigeno","24":"product_tag-soma","25":"product_tag-soma-tech","26":"product_tag-soma-tech-intl","27":"product_tag-soma-technology","28":"product_tag-spo2","30":"first","31":"instock","32":"shipping-taxable","33":"purchasable","34":"product-type-simple"},"acf":[],"brands":[{"id":1141,"name":"Masimo","slug":"oximetro-de-pulso-masimo"}],"_links":{"self":[{"href":"https:\/\/www.somatechnology.com\/spanish\/wp-json\/wp\/v2\/product\/30191","targetHints":{"allow":["GET"]}}],"collection":[{"href":"https:\/\/www.somatechnology.com\/spanish\/wp-json\/wp\/v2\/product"}],"about":[{"href":"https:\/\/www.somatechnology.com\/spanish\/wp-json\/wp\/v2\/types\/product"}],"wp:featuredmedia":[{"embeddable":true,"href":"https:\/\/www.somatechnology.com\/spanish\/wp-json\/wp\/v2\/media\/30200"}],"wp:attachment":[{"href":"https:\/\/www.somatechnology.com\/spanish\/wp-json\/wp\/v2\/media?parent=30191"}],"wp:term":[{"taxonomy":"pwb-brand","embeddable":true,"href":"https:\/\/www.somatechnology.com\/spanish\/wp-json\/wp\/v2\/pwb-brand?post=30191"},{"taxonomy":"product_brand","embeddable":true,"href":"https:\/\/www.somatechnology.com\/spanish\/wp-json\/wp\/v2\/product_brand?post=30191"},{"taxonomy":"product_cat","embeddable":true,"href":"https:\/\/www.somatechnology.com\/spanish\/wp-json\/wp\/v2\/product_cat?post=30191"},{"taxonomy":"product_tag","embeddable":true,"href":"https:\/\/www.somatechnology.com\/spanish\/wp-json\/wp\/v2\/product_tag?post=30191"}],"curies":[{"name":"wp","href":"https:\/\/api.w.org\/{rel}","templated":true}]}}