{"id":30216,"date":"2024-06-04T11:19:07","date_gmt":"2024-06-04T15:19:07","guid":{"rendered":"https:\/\/www.somatechnology.com\/spanish\/?post_type=product&#038;p=30216"},"modified":"2025-05-19T15:47:04","modified_gmt":"2025-05-19T19:47:04","slug":"masimo-rad-g","status":"publish","type":"product","link":"https:\/\/www.somatechnology.com\/spanish\/equipo-medico-usado-remanufacturado\/monitores-de-signos-vitales\/oximetro-de-pulso\/masimo-rad-g\/","title":{"rendered":"Masimo Rad-G"},"content":{"rendered":"<h2>Caracter\u00edsticas del ox\u00edmetro de pulso Masimo Rad-G<\/h2>\n<p class=\"p1\">El <b>Rad-G<\/b> con Temperatura es un dispositivo port\u00e1til que puede medir varios par\u00e1metros fisiol\u00f3gicos, como la saturaci\u00f3n de ox\u00edgeno (SpO2), la frecuencia del pulso (PR), el \u00edndice de perfusi\u00f3n (Pi ), \u00edndice de variabilidad plet (PVi), frecuencia respiratoria plet (RRp) y temperatura. Este dispositivo port\u00e1til todo en uno est\u00e1 dise\u00f1ado para ayudar en la gesti\u00f3n cl\u00ednica.<\/p>\n<ul>\n<li>Integraci\u00f3n del sensor de temperatura por infrarrojos.<\/li>\n<li>Funciona con un sensor universal de conexi\u00f3n directa o un sensor adhesivo junto con un cable de paciente<\/li>\n<li>El term\u00f3metro infrarrojo cl\u00ednico ofrece lecturas de temperatura sin contacto.<\/li>\n<li>Carcasa exterior resistente dise\u00f1ada para soportar impactos de ca\u00eddas desde 6 pies sobre superficies duras.<\/li>\n<li>La bater\u00eda interna recargable garantiza un d\u00eda completo de uso operativo ininterrumpido.<\/li>\n<\/ul>\n","protected":false},"excerpt":{"rendered":"<p>Caracter\u00edsticas del ox\u00edmetro de pulso Masimo Rad-G El Rad-G con Temperatura es un dispositivo port\u00e1til que puede medir varios par\u00e1metros fisiol\u00f3gicos, como la saturaci\u00f3n&#8230;<\/p>\n","protected":false},"featured_media":30222,"template":"","meta":{"_acf_changed":false,"_relevanssi_hide_post":"","_relevanssi_hide_content":"","_relevanssi_pin_for_all":"","_relevanssi_pin_keywords":"","_relevanssi_unpin_keywords":"","_relevanssi_related_keywords":"","_relevanssi_related_include_ids":"","_relevanssi_related_exclude_ids":"","_relevanssi_related_no_append":"","_relevanssi_related_not_related":"","_relevanssi_related_posts":"","_relevanssi_noindex_reason":"","inline_featured_image":false},"pwb-brand":[1141],"product_brand":[],"product_cat":[65],"product_tag":[9875,9873,9874,9881,9877,6618,7088,9880,9885,7018,9869,9882,9883,9721,9884,9878,9816,9879,9818,9817,9876],"class_list":{"0":"post-30216","1":"product","2":"type-product","3":"status-publish","4":"has-post-thumbnail","6":"pwb-brand-oximetro-de-pulso-masimo","7":"product_cat-oximetro-de-pulso","8":"product_tag-cooximetria-de-pulso","9":"product_tag-cooximetro","10":"product_tag-cooximetro-de-pulso","11":"product_tag-cooximetro-de-pulso-masimo-rad-g","12":"product_tag-etco2","13":"product_tag-masimo","14":"product_tag-masimo-rad","15":"product_tag-masimo-rad-g","16":"product_tag-masimo-radical-g","17":"product_tag-oximetro-de-pulso","18":"product_tag-oximetro-de-pulso-masimo","19":"product_tag-oximetro-masimo-rad-g-pluse","20":"product_tag-rad-g","21":"product_tag-radical","22":"product_tag-radical-g","23":"product_tag-saturacion-de-oxigeno","24":"product_tag-soma","25":"product_tag-soma-tech","26":"product_tag-soma-tech-intl","27":"product_tag-soma-technology","28":"product_tag-spo2","30":"first","31":"instock","32":"shipping-taxable","33":"purchasable","34":"product-type-simple"},"acf":[],"brands":[{"id":1141,"name":"Masimo","slug":"oximetro-de-pulso-masimo"}],"_links":{"self":[{"href":"https:\/\/www.somatechnology.com\/spanish\/wp-json\/wp\/v2\/product\/30216","targetHints":{"allow":["GET"]}}],"collection":[{"href":"https:\/\/www.somatechnology.com\/spanish\/wp-json\/wp\/v2\/product"}],"about":[{"href":"https:\/\/www.somatechnology.com\/spanish\/wp-json\/wp\/v2\/types\/product"}],"wp:featuredmedia":[{"embeddable":true,"href":"https:\/\/www.somatechnology.com\/spanish\/wp-json\/wp\/v2\/media\/30222"}],"wp:attachment":[{"href":"https:\/\/www.somatechnology.com\/spanish\/wp-json\/wp\/v2\/media?parent=30216"}],"wp:term":[{"taxonomy":"pwb-brand","embeddable":true,"href":"https:\/\/www.somatechnology.com\/spanish\/wp-json\/wp\/v2\/pwb-brand?post=30216"},{"taxonomy":"product_brand","embeddable":true,"href":"https:\/\/www.somatechnology.com\/spanish\/wp-json\/wp\/v2\/product_brand?post=30216"},{"taxonomy":"product_cat","embeddable":true,"href":"https:\/\/www.somatechnology.com\/spanish\/wp-json\/wp\/v2\/product_cat?post=30216"},{"taxonomy":"product_tag","embeddable":true,"href":"https:\/\/www.somatechnology.com\/spanish\/wp-json\/wp\/v2\/product_tag?post=30216"}],"curies":[{"name":"wp","href":"https:\/\/api.w.org\/{rel}","templated":true}]}}