{"id":30254,"date":"2024-06-12T16:10:11","date_gmt":"2024-06-12T20:10:11","guid":{"rendered":"https:\/\/www.somatechnology.com\/spanish\/?post_type=product&#038;p=30254"},"modified":"2025-09-23T09:31:18","modified_gmt":"2025-09-23T13:31:18","slug":"baxter-hillrom-welch-allyn-spot-signos-vitales-4400","status":"publish","type":"product","link":"https:\/\/www.somatechnology.com\/spanish\/equipo-medico-usado-remanufacturado\/monitores-de-signos-vitales\/baxter-hillrom-welch-allyn-spot-signos-vitales-4400\/","title":{"rendered":"Baxter Hillrom Welch Allyn Spot Signos Vitales 4400"},"content":{"rendered":"<h2>Caracter\u00edsticas del monitor de constantes vitales Baxter Hillrom Welch Allyn Spot 4400<\/h2>\n<p class=\"p1\">El dispositivo Welch Allyn Spot Vital Signs 4400 agiliza el proceso de captura, acceso y documentaci\u00f3n de los signos vitales del paciente, permiti\u00e9ndole priorizar la atenci\u00f3n de sus pacientes. Con el dispositivo Welch Allyn Spot Vital Signs 4400, dispone de una herramienta de pantalla t\u00e1ctil completa y f\u00e1cil de usar para controlar los signos vitales del paciente.<\/p>\n<ul>\n<li>La tecnolog\u00eda SureBP es capaz de medir la presi\u00f3n arterial en tan solo 15 segundos.<\/li>\n<li>La utilizaci\u00f3n de un promedio de PA ayuda a garantizar una detecci\u00f3n precisa de la hipertensi\u00f3n.<\/li>\n<li>SureTemp Plus ofrece termometr\u00eda oral\/axilar, mientras que tambi\u00e9n est\u00e1 disponible la opci\u00f3n de tecnolog\u00eda Nonin SpO2.<\/li>\n<li>El dispositivo cuenta con una pantalla t\u00e1ctil a color de 7 pulgadas, que contribuye a un flujo de trabajo optimizado.<\/li>\n<li>Opciones para documentar las observaciones del paciente, como la frecuencia respiratoria y el IMC.<\/li>\n<li>Se incluye conectividad EMR para ayudar a su equipo de atenci\u00f3n a evitar errores de documentaci\u00f3n.<\/li>\n<li>El dispositivo viene equipado con un manguito de presi\u00f3n arterial para adultos.<\/li>\n<\/ul>\n","protected":false},"excerpt":{"rendered":"<p>El dispositivo Welch Allyn Spot Vital Signs 4400 agiliza el proceso de captura, acceso y documentaci\u00f3n de los signos vitales del paciente, permiti\u00e9ndole priorizar la atenci\u00f3n de sus pacientes. Con el dispositivo Welch Allyn Spot Vital Signs 4400, dispone de una herramienta de pantalla t\u00e1ctil completa y f\u00e1cil de usar para controlar los signos vitales del paciente.<\/p>\n","protected":false},"featured_media":30265,"template":"","meta":{"_acf_changed":false,"_relevanssi_hide_post":"","_relevanssi_hide_content":"","_relevanssi_pin_for_all":"","_relevanssi_pin_keywords":"","_relevanssi_unpin_keywords":"","_relevanssi_related_keywords":"","_relevanssi_related_include_ids":"","_relevanssi_related_exclude_ids":"","_relevanssi_related_no_append":"","_relevanssi_related_not_related":"","_relevanssi_related_posts":"","_relevanssi_noindex_reason":"","inline_featured_image":false},"pwb-brand":[1321],"product_brand":[],"product_cat":[129],"product_tag":[9928,3923,9935,9904,9933,9934,9936,9937,9938,9931,9816,9817,9915,9929,9930,9897,1242,9927,9900,9901,9932,9939],"class_list":{"0":"post-30254","1":"product","2":"type-product","3":"status-publish","4":"has-post-thumbnail","6":"pwb-brand-bombas-intravenosas-baxter","7":"product_cat-monitores-de-signos-vitales","8":"product_tag-allyn-spot-vital-signs-monitor","9":"product_tag-monitor","10":"product_tag-monitors","11":"product_tag-nibp","12":"product_tag-nibp-monitor","13":"product_tag-nibp-monitors","14":"product_tag-non-invasive-blood-pressure","15":"product_tag-non-invasive-blood-pressure-monitor","16":"product_tag-non-invasive-blood-pressure-monitors","17":"product_tag-signs-monitor","18":"product_tag-soma","19":"product_tag-soma-technology","20":"product_tag-soma-technology-inc","21":"product_tag-spot-vital-signs-monitor","22":"product_tag-vital-signs-monitor","23":"product_tag-welch","24":"product_tag-welch-allyn","25":"product_tag-welch-allyn-baxter-hillrom-welch-allyn-vital-signs-monitor","26":"product_tag-welch-allyn-spot","27":"product_tag-welch-allyn-spot-vital","28":"product_tag-welch-allyn-spot-vital-signs","29":"product_tag-welch-allyn-spot-vital-signs-monitor","31":"first","32":"instock","33":"shipping-taxable","34":"purchasable","35":"product-type-simple"},"acf":[],"brands":[{"id":1321,"name":"Baxter","slug":"bombas-intravenosas-baxter"}],"_links":{"self":[{"href":"https:\/\/www.somatechnology.com\/spanish\/wp-json\/wp\/v2\/product\/30254","targetHints":{"allow":["GET"]}}],"collection":[{"href":"https:\/\/www.somatechnology.com\/spanish\/wp-json\/wp\/v2\/product"}],"about":[{"href":"https:\/\/www.somatechnology.com\/spanish\/wp-json\/wp\/v2\/types\/product"}],"wp:featuredmedia":[{"embeddable":true,"href":"https:\/\/www.somatechnology.com\/spanish\/wp-json\/wp\/v2\/media\/30265"}],"wp:attachment":[{"href":"https:\/\/www.somatechnology.com\/spanish\/wp-json\/wp\/v2\/media?parent=30254"}],"wp:term":[{"taxonomy":"pwb-brand","embeddable":true,"href":"https:\/\/www.somatechnology.com\/spanish\/wp-json\/wp\/v2\/pwb-brand?post=30254"},{"taxonomy":"product_brand","embeddable":true,"href":"https:\/\/www.somatechnology.com\/spanish\/wp-json\/wp\/v2\/product_brand?post=30254"},{"taxonomy":"product_cat","embeddable":true,"href":"https:\/\/www.somatechnology.com\/spanish\/wp-json\/wp\/v2\/product_cat?post=30254"},{"taxonomy":"product_tag","embeddable":true,"href":"https:\/\/www.somatechnology.com\/spanish\/wp-json\/wp\/v2\/product_tag?post=30254"}],"curies":[{"name":"wp","href":"https:\/\/api.w.org\/{rel}","templated":true}]}}