{"id":30267,"date":"2024-06-14T09:11:24","date_gmt":"2024-06-14T13:11:24","guid":{"rendered":"https:\/\/www.somatechnology.com\/spanish\/?post_type=product&#038;p=30267"},"modified":"2025-05-07T15:41:55","modified_gmt":"2025-05-07T19:41:55","slug":"zimmer-ats-2200","status":"publish","type":"product","link":"https:\/\/www.somatechnology.com\/spanish\/equipo-medico-usado-remanufacturado\/torniquetes\/zimmer-ats-2200\/","title":{"rendered":"Zimmer ATS 2200 torniquete"},"content":{"rendered":"<h2>Caracter\u00edsticas del torniquete Zimmer ATS 2200<\/h2>\n<p>El Zimmer ATS 2200 es un sistema autom\u00e1tico de torniquete con un solo puerto y una interfaz t\u00e1ctil de doble manguito. Este sistema est\u00e1 dise\u00f1ado para identificar oclusiones en la l\u00ednea entre la m\u00e1quina y el manguito, reduciendo el riesgo de mantener la presi\u00f3n en el manguito del torniquete. Adem\u00e1s, monitoriza los manguitos para detectar peque\u00f1as variaciones durante la cirug\u00eda, con el objetivo de detectar posibles fugas en el manguito o la manguera.<\/p>\n<ul>\n<li>Pantalla t\u00e1ctil a color de 7\u201d.<\/li>\n<li>Duraci\u00f3n de la bater\u00eda de iones de litio que ofrece hasta 6 horas de funcionamiento.<\/li>\n<li>Dise\u00f1o montado en mesa o poste.<\/li>\n<li>Soporte de manguito doble con un solo puerto.<\/li>\n<\/ul>\n","protected":false},"excerpt":{"rendered":"<p>Caracter\u00edsticas del torniquete Zimmer ATS 2200 El Zimmer ATS 2200 es un sistema autom\u00e1tico de torniquete con un solo puerto y una interfaz t\u00e1ctil&#8230;<\/p>\n","protected":false},"featured_media":31974,"template":"","meta":{"_acf_changed":false,"_relevanssi_hide_post":"","_relevanssi_hide_content":"","_relevanssi_pin_for_all":"","_relevanssi_pin_keywords":"","_relevanssi_unpin_keywords":"","_relevanssi_related_keywords":"","_relevanssi_related_include_ids":"","_relevanssi_related_exclude_ids":"","_relevanssi_related_no_append":"","_relevanssi_related_not_related":"","_relevanssi_related_posts":"","_relevanssi_noindex_reason":"","inline_featured_image":false},"pwb-brand":[1276],"product_brand":[],"product_cat":[77],"product_tag":[9948,9946,2412,9947,2411,9941,9943,2418,9940,9949,2404,9942,5281,2432,9945,2431,9944],"class_list":{"0":"post-30267","1":"product","2":"type-product","3":"status-publish","4":"has-post-thumbnail","6":"pwb-brand-zimmer","7":"product_cat-torniquetes","8":"product_tag-9948","9":"product_tag-a-las-2200","10":"product_tag-a-t-s","11":"product_tag-a-t-s-2200","12":"product_tag-ats","13":"product_tag-sistema-de-torniquete-automatico","14":"product_tag-sistemas-de-torniquete-automatico","15":"product_tag-torniquete","16":"product_tag-torniquete-automatico","17":"product_tag-torniquete-zimmer","18":"product_tag-torniquetes","19":"product_tag-torniquetes-automaticos","20":"product_tag-torniquetes-zimmer","21":"product_tag-zimmer-a-t-s","22":"product_tag-zimmer-a-t-s-2200","23":"product_tag-zimmer-ats","24":"product_tag-zimmer-ats-2200","26":"first","27":"instock","28":"shipping-taxable","29":"purchasable","30":"product-type-simple"},"acf":[],"brands":[{"id":1276,"name":"Zimmer","slug":"zimmer"}],"_links":{"self":[{"href":"https:\/\/www.somatechnology.com\/spanish\/wp-json\/wp\/v2\/product\/30267","targetHints":{"allow":["GET"]}}],"collection":[{"href":"https:\/\/www.somatechnology.com\/spanish\/wp-json\/wp\/v2\/product"}],"about":[{"href":"https:\/\/www.somatechnology.com\/spanish\/wp-json\/wp\/v2\/types\/product"}],"wp:featuredmedia":[{"embeddable":true,"href":"https:\/\/www.somatechnology.com\/spanish\/wp-json\/wp\/v2\/media\/31974"}],"wp:attachment":[{"href":"https:\/\/www.somatechnology.com\/spanish\/wp-json\/wp\/v2\/media?parent=30267"}],"wp:term":[{"taxonomy":"pwb-brand","embeddable":true,"href":"https:\/\/www.somatechnology.com\/spanish\/wp-json\/wp\/v2\/pwb-brand?post=30267"},{"taxonomy":"product_brand","embeddable":true,"href":"https:\/\/www.somatechnology.com\/spanish\/wp-json\/wp\/v2\/product_brand?post=30267"},{"taxonomy":"product_cat","embeddable":true,"href":"https:\/\/www.somatechnology.com\/spanish\/wp-json\/wp\/v2\/product_cat?post=30267"},{"taxonomy":"product_tag","embeddable":true,"href":"https:\/\/www.somatechnology.com\/spanish\/wp-json\/wp\/v2\/product_tag?post=30267"}],"curies":[{"name":"wp","href":"https:\/\/api.w.org\/{rel}","templated":true}]}}