{"id":30325,"date":"2024-06-26T10:50:54","date_gmt":"2024-06-26T14:50:54","guid":{"rendered":"https:\/\/www.somatechnology.com\/spanish\/?post_type=product&#038;p=30325"},"modified":"2024-06-26T11:17:53","modified_gmt":"2024-06-26T15:17:53","slug":"silla-de-playa-schure-med-ez-lift","status":"publish","type":"product","link":"https:\/\/www.somatechnology.com\/spanish\/equipo-medico-usado-remanufacturado\/mesas-de-cirugia\/silla-de-playa-schure-med-ez-lift\/","title":{"rendered":"Silla de playa Schure Med EZ Lift"},"content":{"rendered":"<h2>Caracter\u00edsticas de la silla de playa SchureMed EZ Lift<\/h2>\n<p class=\"p1\"><strong>La silla de playa E-Z Lift<\/strong> est\u00e1 dise\u00f1ada para procedimientos ortop\u00e9dicos de hombro para garantizar la mejor posici\u00f3n del paciente. Esta silla es liviana y puede adaptarse a diferentes necesidades del paciente, preferencias del cirujano y modelos de mesa.<\/p>\n<ul>\n<li>\n<p class=\"p1\"><b>Reduce considerablemente la cantidad de trabajo del personal al trasladar pacientes en comparaci\u00f3n con otros m\u00e9todos manuales.<\/b><\/p>\n<\/li>\n<li>\n<p class=\"p1\"><b><\/b><b>Rango de articulaci\u00f3n:<\/b> 0-90\u00b0<\/p>\n<\/li>\n<li>\n<p class=\"p1\"><b>El reposacabezas deslizante se ajusta para adaptarse perfectamente a cada paciente.<\/b><\/p>\n<\/li>\n<li>\n<p class=\"p1\"><b><\/b><b>Ortesis lateral incluida<\/b><\/p>\n<\/li>\n<li>\n<p class=\"p1\"><b><\/b><b>El sistema de cabeza con doble r\u00f3tula asegura de forma segura la cabeza del paciente<\/b><\/p>\n<\/li>\n<li>\n<p class=\"p1\"><b><\/b><b>Juego de almohadillas Deluxe de cinco piezas incluido<\/b><\/p>\n<\/li>\n<li>\n<p class=\"p1\"><b><\/b><b>Altura m\u00ednima: <\/b>4 pies 2<\/p>\n<\/li>\n<li>\n<p class=\"p1\"><b>Altura m\u00e1xima: <\/b>6 pies 4<\/p>\n<\/li>\n<\/ul>\n","protected":false},"excerpt":{"rendered":"<p>Caracter\u00edsticas de la silla de playa SchureMed EZ Lift La silla de playa E-Z Lift est\u00e1 dise\u00f1ada para procedimientos ortop\u00e9dicos de hombro para garantizar&#8230;<\/p>\n","protected":false},"featured_media":30327,"template":"","meta":{"_acf_changed":false,"_relevanssi_hide_post":"","_relevanssi_hide_content":"","_relevanssi_pin_for_all":"","_relevanssi_pin_keywords":"","_relevanssi_unpin_keywords":"","_relevanssi_related_keywords":"","_relevanssi_related_include_ids":"","_relevanssi_related_exclude_ids":"","_relevanssi_related_no_append":"","_relevanssi_related_not_related":"","_relevanssi_related_posts":"","_relevanssi_noindex_reason":"","inline_featured_image":false},"pwb-brand":[3213],"product_brand":[],"product_cat":[72],"product_tag":[10000,10001,10006,3860,9983,10013,1903,10004,10015,10014,10011,4191,9950,9979,9978,9967,9999,10005,10009,10003,2500,3099,9984,9982,10002,9686,10007,9998,10012,10008,9816,9879,9817,9965,9962,9966,9963,9980,10010],"class_list":{"0":"post-30325","1":"product","2":"type-product","3":"status-publish","4":"has-post-thumbnail","6":"pwb-brand-equipo-medico-schuremed","7":"product_cat-mesas-de-cirugia","8":"product_tag-beach","9":"product_tag-chair","10":"product_tag-chairs","11":"product_tag-cirugia","12":"product_tag-cirugia-usada","13":"product_tag-de-playa","14":"product_tag-e","15":"product_tag-e-z","16":"product_tag-easy","17":"product_tag-eazy","18":"product_tag-elevador","19":"product_tag-ez","20":"product_tag-int","21":"product_tag-int-mesas-quirurgicas","22":"product_tag-internacional","23":"product_tag-intl","24":"product_tag-lift","25":"product_tag-lift-beach","26":"product_tag-med","27":"product_tag-medical","28":"product_tag-mesas-quirurgicas","29":"product_tag-quirurgicas","30":"product_tag-quirurgicas-usadas","31":"product_tag-restauradas","32":"product_tag-schure","33":"product_tag-schuremed","34":"product_tag-schuremed-ez","35":"product_tag-schuremed-ez-lift-beach-chair","36":"product_tag-silla","37":"product_tag-silla-elevadora-de-playa","38":"product_tag-soma","39":"product_tag-soma-tech","40":"product_tag-soma-technology","41":"product_tag-soma-technology-international","42":"product_tag-somatechnology","43":"product_tag-tech","44":"product_tag-technology","45":"product_tag-usadas","46":"product_tag-z","48":"first","49":"instock","50":"shipping-taxable","51":"purchasable","52":"product-type-simple"},"acf":[],"brands":[{"id":3213,"name":"SchureMed","slug":"equipo-medico-schuremed"}],"_links":{"self":[{"href":"https:\/\/www.somatechnology.com\/spanish\/wp-json\/wp\/v2\/product\/30325","targetHints":{"allow":["GET"]}}],"collection":[{"href":"https:\/\/www.somatechnology.com\/spanish\/wp-json\/wp\/v2\/product"}],"about":[{"href":"https:\/\/www.somatechnology.com\/spanish\/wp-json\/wp\/v2\/types\/product"}],"wp:featuredmedia":[{"embeddable":true,"href":"https:\/\/www.somatechnology.com\/spanish\/wp-json\/wp\/v2\/media\/30327"}],"wp:attachment":[{"href":"https:\/\/www.somatechnology.com\/spanish\/wp-json\/wp\/v2\/media?parent=30325"}],"wp:term":[{"taxonomy":"pwb-brand","embeddable":true,"href":"https:\/\/www.somatechnology.com\/spanish\/wp-json\/wp\/v2\/pwb-brand?post=30325"},{"taxonomy":"product_brand","embeddable":true,"href":"https:\/\/www.somatechnology.com\/spanish\/wp-json\/wp\/v2\/product_brand?post=30325"},{"taxonomy":"product_cat","embeddable":true,"href":"https:\/\/www.somatechnology.com\/spanish\/wp-json\/wp\/v2\/product_cat?post=30325"},{"taxonomy":"product_tag","embeddable":true,"href":"https:\/\/www.somatechnology.com\/spanish\/wp-json\/wp\/v2\/product_tag?post=30325"}],"curies":[{"name":"wp","href":"https:\/\/api.w.org\/{rel}","templated":true}]}}