{"id":30326,"date":"2024-06-26T10:50:51","date_gmt":"2024-06-26T14:50:51","guid":{"rendered":"https:\/\/www.somatechnology.com\/spanish\/?post_type=product&#038;p=30326"},"modified":"2025-09-23T09:25:53","modified_gmt":"2025-09-23T13:25:53","slug":"sistema-de-posicionamiento-de-la-columna-vertebral-oakworks-ii","status":"publish","type":"product","link":"https:\/\/www.somatechnology.com\/spanish\/equipo-medico-usado-remanufacturado\/mesas-de-cirugia\/sistema-de-posicionamiento-de-la-columna-vertebral-oakworks-ii\/","title":{"rendered":"Sistema de posicionamiento de la columna vertebral OakWorks II"},"content":{"rendered":"<h2>Caracter\u00edsticas del sistema de posicionamiento de la columna vertebral II OakWorks<\/h2>\n<p class=\"p1\">El Spine Positioning System II desempe\u00f1a un papel vital en la sala de fluoroscopia para el tratamiento del dolor. Agiliza la configuraci\u00f3n, mejora la comodidad del paciente y reduce los movimientos no deseados. Este sistema permite a los m\u00e9dicos tener una visi\u00f3n m\u00e1s clara de la anatom\u00eda objetivo, lo que facilita procedimientos de columna eficientes y seguros. Oakworks trabaj\u00f3 en estrecha colaboraci\u00f3n con los mejores especialistas en manejo del dolor para crear el Spine Positioning System II, centr\u00e1ndose en lograr el equilibrio perfecto entre im\u00e1genes \u00f3ptimas y el bienestar del paciente. El marco ajustable y el sistema de acolchado no contienen metal y son radiotransparentes, lo que proporciona una plataforma estable para posicionar a pacientes de diferentes tipos de cuerpo durante per\u00edodos prolongados. Con un reposacabezas ajustable para un posicionamiento personalizado durante los procedimientos cervicales y una almohadilla de soporte para el torso contorneada, junto con varias almohadillas y cu\u00f1as de ajuste, este sistema ofrece una variedad de opciones de posicionamiento para la m\u00e1xima comodidad del paciente y calidad de imagen durante los procedimientos de la columna.<\/p>\n<ul>\n<li>\n<p class=\"p1\"><b>Mejora la visualizaci\u00f3n de puntos anat\u00f3micos cruciales necesarios para inyecciones espinales seguras y precisas, lo que lo convierte en una parte esencial del conjunto de manejo del dolor.<\/b><\/p>\n<\/li>\n<li>\n<p class=\"p1\"><b><\/b><b>Resuelve desaf\u00edos relacionados con las im\u00e1genes, la estabilidad y la comodidad del paciente durante los procedimientos de columna, garantizando mejores resultados.<\/b><\/p>\n<\/li>\n<li>\n<p class=\"p1\"><b><\/b><b>El dise\u00f1o innovador ofrece una visualizaci\u00f3n mejorada de la columna cervical, tor\u00e1cica y lumbar, incluida la uni\u00f3n cervicotor\u00e1cica, independientemente de la forma del cuerpo del paciente.<\/b><\/p>\n<\/li>\n<li>\n<p class=\"p1\"><b><\/b><b>Viene con un pr\u00e1ctico estuche port\u00e1til para un transporte y almacenamiento f\u00e1cil e higi\u00e9nico.<\/b><\/p>\n<\/li>\n<\/ul>\n","protected":false},"excerpt":{"rendered":"<p>El Spine Positioning System II desempe\u00f1a un papel vital en la sala de fluoroscopia para el tratamiento del dolor. Agiliza la configuraci\u00f3n, mejora la comodidad del paciente y reduce los movimientos no deseados. Este sistema permite a los m\u00e9dicos tener una visi\u00f3n m\u00e1s clara de la anatom\u00eda objetivo, lo que facilita procedimientos de columna eficientes y seguros.<\/p>\n","protected":false},"featured_media":30328,"template":"","meta":{"_acf_changed":false,"_relevanssi_hide_post":"","_relevanssi_hide_content":"","_relevanssi_pin_for_all":"","_relevanssi_pin_keywords":"","_relevanssi_unpin_keywords":"","_relevanssi_related_keywords":"","_relevanssi_related_include_ids":"","_relevanssi_related_exclude_ids":"","_relevanssi_related_no_append":"","_relevanssi_related_not_related":"","_relevanssi_related_posts":"","_relevanssi_noindex_reason":"","inline_featured_image":false},"pwb-brand":[11024],"product_brand":[],"product_cat":[72],"product_tag":[1568,9992,3860,9983,9990,9991,1920,1872,9989,9950,9979,9978,9964,9967,2500,9986,9994,9985,9995,9988,3099,9984,9981,9997,9982,9993,9816,9879,9817,9965,9962,9987,9996,9966,9963,9980],"class_list":{"0":"post-30326","1":"product","2":"type-product","3":"status-publish","4":"has-post-thumbnail","6":"pwb-brand-oakworks","7":"product_cat-mesas-de-cirugia","8":"product_tag-1568","9":"product_tag-2o","10":"product_tag-cirugia","11":"product_tag-cirugia-usada","12":"product_tag-dos","13":"product_tag-duo","14":"product_tag-i","15":"product_tag-ii","16":"product_tag-iii","17":"product_tag-int","18":"product_tag-int-mesas-quirurgicas","19":"product_tag-internacional","20":"product_tag-international","21":"product_tag-intl","22":"product_tag-mesas-quirurgicas","23":"product_tag-oakworks","24":"product_tag-oakworks-spine","25":"product_tag-oakworks-spine-positioning-system-ii","26":"product_tag-posicionamiento","27":"product_tag-positioning-system","28":"product_tag-quirurgicas","29":"product_tag-quirurgicas-usadas","30":"product_tag-reacondicionadas","31":"product_tag-reformadas","32":"product_tag-restauradas","33":"product_tag-segundo","34":"product_tag-soma","35":"product_tag-soma-tech","36":"product_tag-soma-technology","37":"product_tag-soma-technology-international","38":"product_tag-somatechnology","39":"product_tag-spine","40":"product_tag-system-ii","41":"product_tag-tech","42":"product_tag-technology","43":"product_tag-usadas","45":"first","46":"instock","47":"shipping-taxable","48":"purchasable","49":"product-type-simple"},"acf":[],"brands":[{"id":11024,"name":"Oakworks","slug":"oakworks"}],"_links":{"self":[{"href":"https:\/\/www.somatechnology.com\/spanish\/wp-json\/wp\/v2\/product\/30326","targetHints":{"allow":["GET"]}}],"collection":[{"href":"https:\/\/www.somatechnology.com\/spanish\/wp-json\/wp\/v2\/product"}],"about":[{"href":"https:\/\/www.somatechnology.com\/spanish\/wp-json\/wp\/v2\/types\/product"}],"wp:featuredmedia":[{"embeddable":true,"href":"https:\/\/www.somatechnology.com\/spanish\/wp-json\/wp\/v2\/media\/30328"}],"wp:attachment":[{"href":"https:\/\/www.somatechnology.com\/spanish\/wp-json\/wp\/v2\/media?parent=30326"}],"wp:term":[{"taxonomy":"pwb-brand","embeddable":true,"href":"https:\/\/www.somatechnology.com\/spanish\/wp-json\/wp\/v2\/pwb-brand?post=30326"},{"taxonomy":"product_brand","embeddable":true,"href":"https:\/\/www.somatechnology.com\/spanish\/wp-json\/wp\/v2\/product_brand?post=30326"},{"taxonomy":"product_cat","embeddable":true,"href":"https:\/\/www.somatechnology.com\/spanish\/wp-json\/wp\/v2\/product_cat?post=30326"},{"taxonomy":"product_tag","embeddable":true,"href":"https:\/\/www.somatechnology.com\/spanish\/wp-json\/wp\/v2\/product_tag?post=30326"}],"curies":[{"name":"wp","href":"https:\/\/api.w.org\/{rel}","templated":true}]}}