{"id":30413,"date":"2024-07-18T15:43:47","date_gmt":"2024-07-18T19:43:47","guid":{"rendered":"https:\/\/www.somatechnology.com\/spanish\/?post_type=product&#038;p=30413"},"modified":"2024-07-19T08:49:18","modified_gmt":"2024-07-19T12:49:18","slug":"ge-logiq-v2","status":"publish","type":"product","link":"https:\/\/www.somatechnology.com\/spanish\/equipo-medico-usado-remanufacturado\/imagenologia-radiologia\/ultrasonidos\/ge-logiq-v2\/","title":{"rendered":"GE LOGIQ V2"},"content":{"rendered":"<h2>Caracter\u00edsticas del GE LOGIQ V2<\/h2>\n<p class=\"p1\">El <b>GE LOGIQ V2<\/b> es una m\u00e1quina de ultrasonido port\u00e1til dise\u00f1ada para prop\u00f3sitos de imagen abdominal, obst\u00e9trica, ginecol\u00f3gica, de partes peque\u00f1as, vascular\/perif\u00e9rica, urol\u00f3gica, transcraneal y card\u00edaca.<\/p>\n<ul>\n<li class=\"p1\"><b>Calidad de Imagen:<\/b> Tecnolog\u00edas avanzadas de imagen para im\u00e1genes de alta resoluci\u00f3n y claridad.<\/li>\n<li class=\"p1\"><b>Portabilidad:<\/b> Dise\u00f1o compacto para facilitar la maniobrabilidad y el transporte dentro de entornos cl\u00ednicos.<\/li>\n<li class=\"p1\"><b>Transductores:<\/b> Amplia gama de transductores disponibles para adaptarse a diferentes necesidades de imagen y tipos de pacientes.<\/li>\n<\/ul>\n","protected":false},"excerpt":{"rendered":"<p>Caracter\u00edsticas del GE LOGIQ V2 El GE LOGIQ V2 es una m\u00e1quina de ultrasonido port\u00e1til dise\u00f1ada para prop\u00f3sitos de imagen abdominal, obst\u00e9trica, ginecol\u00f3gica, de&#8230;<\/p>\n","protected":false},"featured_media":30422,"template":"","meta":{"_acf_changed":false,"_relevanssi_hide_post":"","_relevanssi_hide_content":"","_relevanssi_pin_for_all":"","_relevanssi_pin_keywords":"","_relevanssi_unpin_keywords":"","_relevanssi_related_keywords":"","_relevanssi_related_include_ids":"","_relevanssi_related_exclude_ids":"","_relevanssi_related_no_append":"","_relevanssi_related_not_related":"","_relevanssi_related_posts":"","_relevanssi_noindex_reason":"","inline_featured_image":false},"pwb-brand":[1100],"product_brand":[],"product_cat":[91],"product_tag":[224,1902,10027,10016,10018,10023,10024,10017,10028,2263,10025,10026,9816,9817,9915,1901,1900,2261],"class_list":{"0":"post-30413","1":"product","2":"type-product","3":"status-publish","4":"has-post-thumbnail","6":"pwb-brand-equipo-medico-ge","7":"product_cat-ultrasonidos","8":"product_tag-ge","9":"product_tag-ge-logiq","10":"product_tag-ge-logiq-2","11":"product_tag-ge-logiq-e-nuevo-a-la-venta","12":"product_tag-ge-logiq-v-reacondicionado-a-la-venta","13":"product_tag-ge-logiq-v-ultrasound","14":"product_tag-ge-logiq-v-ultrasound-machine","15":"product_tag-ge-logiq-v-usado-a-la-venta","16":"product_tag-ge-v2","17":"product_tag-logiq-v2","18":"product_tag-maquina-de-ultrasonido","19":"product_tag-maquinas-de-ultrasonido","20":"product_tag-soma","21":"product_tag-soma-technology","22":"product_tag-soma-technology-inc","23":"product_tag-ultrasonido","24":"product_tag-ultrasonidos","25":"product_tag-v2","27":"first","28":"instock","29":"shipping-taxable","30":"purchasable","31":"product-type-simple"},"acf":[],"brands":[{"id":1100,"name":"GE","slug":"equipo-medico-ge"}],"_links":{"self":[{"href":"https:\/\/www.somatechnology.com\/spanish\/wp-json\/wp\/v2\/product\/30413","targetHints":{"allow":["GET"]}}],"collection":[{"href":"https:\/\/www.somatechnology.com\/spanish\/wp-json\/wp\/v2\/product"}],"about":[{"href":"https:\/\/www.somatechnology.com\/spanish\/wp-json\/wp\/v2\/types\/product"}],"wp:featuredmedia":[{"embeddable":true,"href":"https:\/\/www.somatechnology.com\/spanish\/wp-json\/wp\/v2\/media\/30422"}],"wp:attachment":[{"href":"https:\/\/www.somatechnology.com\/spanish\/wp-json\/wp\/v2\/media?parent=30413"}],"wp:term":[{"taxonomy":"pwb-brand","embeddable":true,"href":"https:\/\/www.somatechnology.com\/spanish\/wp-json\/wp\/v2\/pwb-brand?post=30413"},{"taxonomy":"product_brand","embeddable":true,"href":"https:\/\/www.somatechnology.com\/spanish\/wp-json\/wp\/v2\/product_brand?post=30413"},{"taxonomy":"product_cat","embeddable":true,"href":"https:\/\/www.somatechnology.com\/spanish\/wp-json\/wp\/v2\/product_cat?post=30413"},{"taxonomy":"product_tag","embeddable":true,"href":"https:\/\/www.somatechnology.com\/spanish\/wp-json\/wp\/v2\/product_tag?post=30413"}],"curies":[{"name":"wp","href":"https:\/\/api.w.org\/{rel}","templated":true}]}}