{"id":30414,"date":"2024-07-18T16:28:10","date_gmt":"2024-07-18T20:28:10","guid":{"rendered":"https:\/\/www.somatechnology.com\/spanish\/?post_type=product&#038;p=30414"},"modified":"2024-07-19T08:49:14","modified_gmt":"2024-07-19T12:49:14","slug":"ge-logiq-v1","status":"publish","type":"product","link":"https:\/\/www.somatechnology.com\/spanish\/equipo-medico-usado-remanufacturado\/imagenologia-radiologia\/ultrasonidos\/ge-logiq-v1\/","title":{"rendered":"GE LOGIQ V1"},"content":{"rendered":"<h2>Caracter\u00edsticas de GE LOGIQ V1<\/h2>\n<p class=\"p1\">El <b>GE Logiq V1<\/b> es un sistema de ultrasonido port\u00e1til y ha sido dise\u00f1ado espec\u00edficamente para brindar capacidades de obtenci\u00f3n de im\u00e1genes excepcionales y flexibilidad en un dise\u00f1o compacto basado en una computadora port\u00e1til. Este sistema est\u00e1 equipado para atender una amplia gama de usos cl\u00ednicos, como im\u00e1genes abdominales, de partes peque\u00f1as, vasculares y transcraneales.<\/p>\n<ul>\n<li><b>Im\u00e1genes arm\u00f3nicas codificadas:<\/b> para una resoluci\u00f3n excepcional incluso a profundidades de tejido significativas.<\/li>\n<li><b>Im\u00e1genes con reducci\u00f3n de manchas en tiempo real (SRI-HD): <\/b>minimiza el ruido y mejora la claridad de las estructuras de los tejidos.<\/li>\n<li><b>CrossXBeam:<\/b> mejora la visualizaci\u00f3n de los l\u00edmites del tejido y mejora la diferenciaci\u00f3n de las interfaces del tejido. Este sistema es adaptable a diversas pr\u00e1cticas m\u00e9dicas.<\/li>\n<\/ul>\n","protected":false},"excerpt":{"rendered":"<p>Caracter\u00edsticas de GE LOGIQ V1 El GE Logiq V1 es un sistema de ultrasonido port\u00e1til y ha sido dise\u00f1ado espec\u00edficamente para brindar capacidades de&#8230;<\/p>\n","protected":false},"featured_media":30423,"template":"","meta":{"_acf_changed":false,"_relevanssi_hide_post":"","_relevanssi_hide_content":"","_relevanssi_pin_for_all":"","_relevanssi_pin_keywords":"","_relevanssi_unpin_keywords":"","_relevanssi_related_keywords":"","_relevanssi_related_include_ids":"","_relevanssi_related_exclude_ids":"","_relevanssi_related_no_append":"","_relevanssi_related_not_related":"","_relevanssi_related_posts":"","_relevanssi_noindex_reason":"","inline_featured_image":false},"pwb-brand":[1100],"product_brand":[],"product_cat":[91],"product_tag":[224,1902,10019,10016,10018,10023,10024,10017,10022,10020,10025,10026,9816,9817,9915,1901,1900,10021],"class_list":{"0":"post-30414","1":"product","2":"type-product","3":"status-publish","4":"has-post-thumbnail","6":"pwb-brand-equipo-medico-ge","7":"product_cat-ultrasonidos","8":"product_tag-ge","9":"product_tag-ge-logiq","10":"product_tag-ge-logiq-1","11":"product_tag-ge-logiq-e-nuevo-a-la-venta","12":"product_tag-ge-logiq-v-reacondicionado-a-la-venta","13":"product_tag-ge-logiq-v-ultrasound","14":"product_tag-ge-logiq-v-ultrasound-machine","15":"product_tag-ge-logiq-v-usado-a-la-venta","16":"product_tag-ge-v1","17":"product_tag-logiq-v1","18":"product_tag-maquina-de-ultrasonido","19":"product_tag-maquinas-de-ultrasonido","20":"product_tag-soma","21":"product_tag-soma-technology","22":"product_tag-soma-technology-inc","23":"product_tag-ultrasonido","24":"product_tag-ultrasonidos","25":"product_tag-v1","27":"first","28":"instock","29":"shipping-taxable","30":"purchasable","31":"product-type-simple"},"acf":[],"brands":[{"id":1100,"name":"GE","slug":"equipo-medico-ge"}],"_links":{"self":[{"href":"https:\/\/www.somatechnology.com\/spanish\/wp-json\/wp\/v2\/product\/30414","targetHints":{"allow":["GET"]}}],"collection":[{"href":"https:\/\/www.somatechnology.com\/spanish\/wp-json\/wp\/v2\/product"}],"about":[{"href":"https:\/\/www.somatechnology.com\/spanish\/wp-json\/wp\/v2\/types\/product"}],"wp:featuredmedia":[{"embeddable":true,"href":"https:\/\/www.somatechnology.com\/spanish\/wp-json\/wp\/v2\/media\/30423"}],"wp:attachment":[{"href":"https:\/\/www.somatechnology.com\/spanish\/wp-json\/wp\/v2\/media?parent=30414"}],"wp:term":[{"taxonomy":"pwb-brand","embeddable":true,"href":"https:\/\/www.somatechnology.com\/spanish\/wp-json\/wp\/v2\/pwb-brand?post=30414"},{"taxonomy":"product_brand","embeddable":true,"href":"https:\/\/www.somatechnology.com\/spanish\/wp-json\/wp\/v2\/product_brand?post=30414"},{"taxonomy":"product_cat","embeddable":true,"href":"https:\/\/www.somatechnology.com\/spanish\/wp-json\/wp\/v2\/product_cat?post=30414"},{"taxonomy":"product_tag","embeddable":true,"href":"https:\/\/www.somatechnology.com\/spanish\/wp-json\/wp\/v2\/product_tag?post=30414"}],"curies":[{"name":"wp","href":"https:\/\/api.w.org\/{rel}","templated":true}]}}