{"id":30859,"date":"2024-09-19T16:06:06","date_gmt":"2024-09-19T20:06:06","guid":{"rendered":"https:\/\/www.somatechnology.com\/spanish\/?post_type=product&#038;p=30859"},"modified":"2024-09-20T12:50:24","modified_gmt":"2024-09-20T16:50:24","slug":"mesa-de-ecocardiografia-biodex-echo-pro","status":"publish","type":"product","link":"https:\/\/www.somatechnology.com\/spanish\/equipo-medico-usado-remanufacturado\/mesa-de-examen\/mesa-de-ecocardiografia-biodex-echo-pro\/","title":{"rendered":"Biodex Echo Pro"},"content":{"rendered":"<h2>Caracter\u00edsticas de la <strong>mesa de ecocardiograf\u00eda Biodex Echo Pro<\/strong><\/h2>\n<p>La <strong>mesa de ecocardiograf\u00eda Biodex Echo Pro<\/strong> reduce el tiempo necesario para obtener una imagen de alta calidad. Con la comodidad del paciente como meta, los soportes acojinados para los brazos y un colch\u00f3n grueso garantizan una experiencia c\u00f3moda durante procedimientos prolongados. El recorte para examinaci\u00f3n card\u00edaca proporciona acceso libre al \u00e1rea del t\u00f3rax izquierdo para una aproximaci\u00f3n apical sin obstrucciones. Habilita una interacci\u00f3n fluida entre el sonografista y el paciente, promoviendo una postura de trabajo adecuada para disminuir lesiones m\u00fasculo-esquel\u00e9ticas.<\/p>\n<ul>\n<li>Permite posiciones de trabajo tanto sentado como de pie.<\/li>\n<li>Tablero opcional para escaneo vascular que se coloca en cualquier extremo lateral de la mesa.<\/li>\n<li>Recorte ajustable para el sonografista, maximiza el acceso al paciente y brinda una posici\u00f3n de trabajo c\u00f3moda.<\/li>\n<li>Altura ajustable y motorizada.<\/li>\n<li>El recorte para examinaci\u00f3n card\u00edaca, cuenta con un rango amplio de posiciones para adaptarse a cualquier necesidad del sonografista.<\/li>\n<\/ul>\n","protected":false},"excerpt":{"rendered":"<p>Caracter\u00edsticas de la mesa de ecocardiograf\u00eda Biodex Echo Pro La mesa de ecocardiograf\u00eda Biodex Echo Pro reduce el tiempo necesario para obtener una imagen&#8230;<\/p>\n","protected":false},"featured_media":30861,"template":"","meta":{"_acf_changed":false,"_relevanssi_hide_post":"","_relevanssi_hide_content":"","_relevanssi_pin_for_all":"","_relevanssi_pin_keywords":"","_relevanssi_unpin_keywords":"","_relevanssi_related_keywords":"","_relevanssi_related_include_ids":"","_relevanssi_related_exclude_ids":"","_relevanssi_related_no_append":"","_relevanssi_related_not_related":"","_relevanssi_related_posts":"","_relevanssi_noindex_reason":"","inline_featured_image":false},"pwb-brand":[3126],"product_brand":[],"product_cat":[10069],"product_tag":[3127,10101,10100,10108,10106,10105,10104,10099,10103,10109,10107,3098,10112,10113,10114,10110,10111,3095,3094,2500,3926,10102,3100],"class_list":{"0":"post-30859","1":"product","2":"type-product","3":"status-publish","4":"has-post-thumbnail","6":"pwb-brand-mesas-biodex","7":"product_cat-mesa-de-examen","8":"product_tag-biodex","9":"product_tag-biodex-echo-pro","10":"product_tag-biodex-echo-pro-echocardiography-table","11":"product_tag-biodex-echo-table","12":"product_tag-biodex-echocardiography-table","13":"product_tag-biodex-pro","14":"product_tag-biodex-pro-table","15":"product_tag-biodex-surgical-table","16":"product_tag-biodex-table","17":"product_tag-echo-pro-echocardiography-table","18":"product_tag-echocardiography-table","19":"product_tag-mesa","20":"product_tag-mesa-biodex","21":"product_tag-mesa-biodex-pro","22":"product_tag-mesa-de-ecocardiografia","23":"product_tag-mesa-de-ecocardiografia-biodex-echo-pro","24":"product_tag-mesa-pro","25":"product_tag-mesa-quirurgica","26":"product_tag-mesas","27":"product_tag-mesas-quirurgicas","28":"product_tag-pro","29":"product_tag-pro-table","30":"product_tag-quirurgica","32":"first","33":"instock","34":"shipping-taxable","35":"product-type-simple"},"acf":[],"brands":[{"id":3126,"name":"Biodex","slug":"mesas-biodex"}],"_links":{"self":[{"href":"https:\/\/www.somatechnology.com\/spanish\/wp-json\/wp\/v2\/product\/30859","targetHints":{"allow":["GET"]}}],"collection":[{"href":"https:\/\/www.somatechnology.com\/spanish\/wp-json\/wp\/v2\/product"}],"about":[{"href":"https:\/\/www.somatechnology.com\/spanish\/wp-json\/wp\/v2\/types\/product"}],"wp:featuredmedia":[{"embeddable":true,"href":"https:\/\/www.somatechnology.com\/spanish\/wp-json\/wp\/v2\/media\/30861"}],"wp:attachment":[{"href":"https:\/\/www.somatechnology.com\/spanish\/wp-json\/wp\/v2\/media?parent=30859"}],"wp:term":[{"taxonomy":"pwb-brand","embeddable":true,"href":"https:\/\/www.somatechnology.com\/spanish\/wp-json\/wp\/v2\/pwb-brand?post=30859"},{"taxonomy":"product_brand","embeddable":true,"href":"https:\/\/www.somatechnology.com\/spanish\/wp-json\/wp\/v2\/product_brand?post=30859"},{"taxonomy":"product_cat","embeddable":true,"href":"https:\/\/www.somatechnology.com\/spanish\/wp-json\/wp\/v2\/product_cat?post=30859"},{"taxonomy":"product_tag","embeddable":true,"href":"https:\/\/www.somatechnology.com\/spanish\/wp-json\/wp\/v2\/product_tag?post=30859"}],"curies":[{"name":"wp","href":"https:\/\/api.w.org\/{rel}","templated":true}]}}