{"id":30898,"date":"2024-09-25T16:28:52","date_gmt":"2024-09-25T20:28:52","guid":{"rendered":"https:\/\/www.somatechnology.com\/spanish\/?post_type=product&#038;p=30898"},"modified":"2025-09-23T09:16:58","modified_gmt":"2025-09-23T13:16:58","slug":"icu-medical-parapac-plus","status":"publish","type":"product","link":"https:\/\/www.somatechnology.com\/spanish\/equipo-medico-usado-remanufacturado\/ventiladores\/icu-medical-parapac-plus\/","title":{"rendered":"ICU Medical paraPAC Plus"},"content":{"rendered":"<h2>Caracter\u00edsticas del ICU Medical paraPAC Plus<\/h2>\n<p>El <strong>ICU Medical paraPAC Plus<\/strong> es un ventilador vers\u00e1til que ofrece terapia de ox\u00edgeno, CPAP, ox\u00edgeno bajo demanda y ventilaci\u00f3n mec\u00e1nica en una sola unidad liviana. El paraPAC Plus est\u00e1 dise\u00f1ado para soportar entornos exigentes como emergencias, ambulancias, aviones, hospitales e incluso es compatible con resonancias magn\u00e9ticas (RM) de hasta 3 Tesla. Este ventilador puede ser utilizado en adultos, ni\u00f1os y lactantes tanto en situaciones de emergencia como en ventilaci\u00f3n controlada, brindando mayor flexibilidad para el transporte intra-hospitalario. El paraPAC Plus garantiza una atenci\u00f3n \u00f3ptima al paciente con caracter\u00edsticas de seguridad integradas y una funcionalidad f\u00e1cil de usar.<\/p>\n<ul>\n<li><strong>Multifuncionalidad:<\/strong> Proporciona terapia de ox\u00edgeno, CPAP, ox\u00edgeno bajo demanda y ventilaci\u00f3n mec\u00e1nica en una sola unidad compacta.<\/li>\n<li><strong>Compatibilidad con MRI:<\/strong> Certificado para uso en entornos de resonancia magn\u00e9tica (RM) de hasta 3 Tesla y hasta 7.5 Tesla\/m de gradiente espacial.<\/li>\n<li><strong>Liviano y Port\u00e1til:<\/strong> Pesa solo 2.3 kg.<\/li>\n<li>Funci\u00f3n de DEMANDA o SMMV, permitiendo que el paciente respire con el ventilador.<\/li>\n<li><strong>Aprobado para Aviaci\u00f3n:<\/strong> Probado y aprobado para su uso en aeronaves de ala fija y rotativa.<\/li>\n<\/ul>\n","protected":false},"excerpt":{"rendered":"<p>El ICU Medical paraPAC Plus es un ventilador vers\u00e1til que ofrece terapia de ox\u00edgeno, CPAP, ox\u00edgeno bajo demanda y ventilaci\u00f3n mec\u00e1nica en una sola unidad liviana. El paraPAC Plus est\u00e1 dise\u00f1ado para soportar entornos exigentes como emergencias, ambulancias, aviones, hospitales e incluso es compatible con resonancias magn\u00e9ticas (RM) de hasta 3 Tesla. Este ventilador puede ser utilizado en adultos, ni\u00f1os y lactantes tanto en situaciones de emergencia como en ventilaci\u00f3n controlada, brindando mayor flexibilidad para el transporte intra-hospitalario. El paraPAC Plus garantiza una atenci\u00f3n \u00f3ptima al paciente con caracter\u00edsticas de seguridad integradas y una funcionalidad f\u00e1cil de usar.<\/p>\n","protected":false},"featured_media":30900,"template":"","meta":{"_acf_changed":false,"_relevanssi_hide_post":"","_relevanssi_hide_content":"","_relevanssi_pin_for_all":"","_relevanssi_pin_keywords":"","_relevanssi_unpin_keywords":"","_relevanssi_related_keywords":"","_relevanssi_related_include_ids":"","_relevanssi_related_exclude_ids":"","_relevanssi_related_no_append":"","_relevanssi_related_not_related":"","_relevanssi_related_posts":"","_relevanssi_noindex_reason":"","inline_featured_image":false},"pwb-brand":[10134],"product_brand":[],"product_cat":[51],"product_tag":[10115,10116,5905,10122,10121,10127,10128,453,10125,10126,10118,10120,10117,10119,1473,914,913,10124,10123,10129,10132,10130,10131,6101,1032,1028,6102],"class_list":{"0":"post-30898","1":"product","2":"type-product","3":"status-publish","4":"has-post-thumbnail","6":"pwb-brand-icu-medical","7":"product_cat-ventiladores","8":"product_tag-icu","9":"product_tag-icu-med","10":"product_tag-icu-medical","11":"product_tag-icu-medical-para-pac-plus","12":"product_tag-icu-medical-parapac-plus","13":"product_tag-icu-medical-ventilador","14":"product_tag-icu-medical-ventiladores","15":"product_tag-mri","16":"product_tag-mri-vent","17":"product_tag-mri-ventilador","18":"product_tag-para-pac","19":"product_tag-para-pac-plus","20":"product_tag-parapac","21":"product_tag-parapac-plus","22":"product_tag-plus","23":"product_tag-smiths","24":"product_tag-smiths-medical","25":"product_tag-smiths-medical-para-pac-plus","26":"product_tag-smiths-medical-parapac-plus","27":"product_tag-smiths-medical-ventilador","28":"product_tag-smiths-medical-ventiladores","29":"product_tag-smiths-ventilador","30":"product_tag-smiths-ventiladores","31":"product_tag-vent","32":"product_tag-ventilador","33":"product_tag-ventiladores","34":"product_tag-vents","36":"first","37":"instock","38":"shipping-taxable","39":"purchasable","40":"product-type-simple"},"acf":[],"brands":[{"id":10134,"name":"ICU Medical","slug":"icu-medical"}],"_links":{"self":[{"href":"https:\/\/www.somatechnology.com\/spanish\/wp-json\/wp\/v2\/product\/30898","targetHints":{"allow":["GET"]}}],"collection":[{"href":"https:\/\/www.somatechnology.com\/spanish\/wp-json\/wp\/v2\/product"}],"about":[{"href":"https:\/\/www.somatechnology.com\/spanish\/wp-json\/wp\/v2\/types\/product"}],"wp:featuredmedia":[{"embeddable":true,"href":"https:\/\/www.somatechnology.com\/spanish\/wp-json\/wp\/v2\/media\/30900"}],"wp:attachment":[{"href":"https:\/\/www.somatechnology.com\/spanish\/wp-json\/wp\/v2\/media?parent=30898"}],"wp:term":[{"taxonomy":"pwb-brand","embeddable":true,"href":"https:\/\/www.somatechnology.com\/spanish\/wp-json\/wp\/v2\/pwb-brand?post=30898"},{"taxonomy":"product_brand","embeddable":true,"href":"https:\/\/www.somatechnology.com\/spanish\/wp-json\/wp\/v2\/product_brand?post=30898"},{"taxonomy":"product_cat","embeddable":true,"href":"https:\/\/www.somatechnology.com\/spanish\/wp-json\/wp\/v2\/product_cat?post=30898"},{"taxonomy":"product_tag","embeddable":true,"href":"https:\/\/www.somatechnology.com\/spanish\/wp-json\/wp\/v2\/product_tag?post=30898"}],"curies":[{"name":"wp","href":"https:\/\/api.w.org\/{rel}","templated":true}]}}