{"id":30927,"date":"2024-10-01T14:33:45","date_gmt":"2024-10-01T18:33:45","guid":{"rendered":"https:\/\/www.somatechnology.com\/spanish\/?post_type=product&#038;p=30927"},"modified":"2024-10-01T14:44:42","modified_gmt":"2024-10-01T18:44:42","slug":"covidien-kangaroo-connect","status":"publish","type":"product","link":"https:\/\/www.somatechnology.com\/spanish\/equipo-medico-usado-remanufacturado\/bomba-de-alimentacion\/covidien-kangaroo-connect\/","title":{"rendered":"Covidien Kangaroo Connect"},"content":{"rendered":"<h2>Caracter\u00edsticas de la Covidien Kangaroo Connect<\/h2>\n<p>La <a href=\"https:\/\/www.somatechnology.com\/wp-content\/uploads\/sites\/2\/2024\/10\/Covidien-Kangaroo-Connect-Spa.pdf\">bomba de alimentaci\u00f3n Covidien Kangaroo Connect<\/a> es una soluci\u00f3n port\u00e1til para administrar nutrici\u00f3n enteral con precisi\u00f3n y flexibilidad. Es adecuada para varios escenarios m\u00e9dicos, incluidos hospitales, instalaciones de atenci\u00f3n intensiva y atenci\u00f3n domiciliaria. Garantiza un rendimiento confiable tanto en condiciones estacionarias como ambulatorias. Al utilizarse con el conjunto de alimentaci\u00f3n Kangaroo Connect, ofrece <a href=\"https:\/\/www.somatechnology.com\/spanish\/equipos-medicos\/bomba-de-alimentacion\/\">opciones de alimentaci\u00f3n<\/a> continua, por dosis o en bolos. Es compatible con accesorios esenciales y complementos opcionales. Proporciona un rendimiento confiable para pacientes desde infantes hasta adultos, excluyendo neonatos.<\/p>\n<ul>\n<li>Funcionamiento silencioso de la bomba<\/li>\n<li>Pantalla LCD grande y a color<\/li>\n<li>Dise\u00f1o compacto y liviano<\/li>\n<li>Carcasa de goma para mejor agarre<\/li>\n<li>Visualizaci\u00f3n del historial de alimentaci\u00f3n de las \u00faltimas 72 horas<\/li>\n<li>La abrazadera para el poste se puede desmontar de la bomba o del WCH sin necesidad de retirarla del poste IV<\/li>\n<\/ul>\n","protected":false},"excerpt":{"rendered":"<p>Caracter\u00edsticas de la Covidien Kangaroo Connect La bomba de alimentaci\u00f3n Covidien Kangaroo Connect es una soluci\u00f3n port\u00e1til para administrar nutrici\u00f3n enteral con precisi\u00f3n y&#8230;<\/p>\n","protected":false},"featured_media":30929,"template":"","meta":{"_acf_changed":false,"_relevanssi_hide_post":"","_relevanssi_hide_content":"","_relevanssi_pin_for_all":"","_relevanssi_pin_keywords":"","_relevanssi_unpin_keywords":"","_relevanssi_related_keywords":"","_relevanssi_related_include_ids":"","_relevanssi_related_exclude_ids":"","_relevanssi_related_no_append":"","_relevanssi_related_not_related":"","_relevanssi_related_posts":"","_relevanssi_noindex_reason":"","inline_featured_image":false},"pwb-brand":[1139],"product_brand":[],"product_cat":[9503],"product_tag":[3621,10168,10172,10171,352,10169,2999,10170],"class_list":{"0":"post-30927","1":"product","2":"type-product","3":"status-publish","4":"has-post-thumbnail","6":"pwb-brand-equipo-medico-covidien","7":"product_cat-bomba-de-alimentacion","8":"product_tag-bomba-de-alimentacion","9":"product_tag-bomba-de-alimentacion-covidien-kangaroo-connect","10":"product_tag-bomba-de-alimentacion-kangaroo-connect","11":"product_tag-bombas-de-alimentacion","12":"product_tag-covidien","13":"product_tag-covidien-kangaroo-connect","14":"product_tag-kangaroo","15":"product_tag-kangaroo-connect","17":"first","18":"instock","19":"shipping-taxable","20":"purchasable","21":"product-type-simple"},"acf":[],"brands":[{"id":1139,"name":"Covidien","slug":"equipo-medico-covidien"}],"_links":{"self":[{"href":"https:\/\/www.somatechnology.com\/spanish\/wp-json\/wp\/v2\/product\/30927","targetHints":{"allow":["GET"]}}],"collection":[{"href":"https:\/\/www.somatechnology.com\/spanish\/wp-json\/wp\/v2\/product"}],"about":[{"href":"https:\/\/www.somatechnology.com\/spanish\/wp-json\/wp\/v2\/types\/product"}],"wp:featuredmedia":[{"embeddable":true,"href":"https:\/\/www.somatechnology.com\/spanish\/wp-json\/wp\/v2\/media\/30929"}],"wp:attachment":[{"href":"https:\/\/www.somatechnology.com\/spanish\/wp-json\/wp\/v2\/media?parent=30927"}],"wp:term":[{"taxonomy":"pwb-brand","embeddable":true,"href":"https:\/\/www.somatechnology.com\/spanish\/wp-json\/wp\/v2\/pwb-brand?post=30927"},{"taxonomy":"product_brand","embeddable":true,"href":"https:\/\/www.somatechnology.com\/spanish\/wp-json\/wp\/v2\/product_brand?post=30927"},{"taxonomy":"product_cat","embeddable":true,"href":"https:\/\/www.somatechnology.com\/spanish\/wp-json\/wp\/v2\/product_cat?post=30927"},{"taxonomy":"product_tag","embeddable":true,"href":"https:\/\/www.somatechnology.com\/spanish\/wp-json\/wp\/v2\/product_tag?post=30927"}],"curies":[{"name":"wp","href":"https:\/\/api.w.org\/{rel}","templated":true}]}}