{"id":30986,"date":"2024-10-04T09:36:44","date_gmt":"2024-10-04T13:36:44","guid":{"rendered":"https:\/\/www.somatechnology.com\/spanish\/?post_type=product&#038;p=30986"},"modified":"2025-09-23T09:15:55","modified_gmt":"2025-09-23T13:15:55","slug":"covidien-kangaroo-joey","status":"publish","type":"product","link":"https:\/\/www.somatechnology.com\/spanish\/equipo-medico-usado-remanufacturado\/bomba-de-alimentacion\/covidien-kangaroo-joey\/","title":{"rendered":"Covidien Kangaroo Joey"},"content":{"rendered":"<h3>Caracter\u00edsticas de la bomba de alimentaci\u00f3n y enjuague Covidien Kangaroo Joey<\/h3>\n<p>La <strong><a href=\"https:\/\/www.somatechnology.com\/wp-content\/uploads\/sites\/2\/2024\/10\/Covidien-Kangaroo-Joey-Spa.pdf\">bomba de alimentaci\u00f3n Covidien Kangaroo Joey<\/a><\/strong> es una opci\u00f3n compacta y f\u00e1cil de usar para satisfacer tus necesidades de alimentaci\u00f3n enteral. La facilidad de uso de esta <strong><a href=\"https:\/\/www.somatechnology.com\/spanish\/equipos-medicos\/bomba-de-alimentacion\/\">bomba de alimentaci\u00f3n<\/a><\/strong> proviene de una interfase similar a la de un cajero autom\u00e1tico. Esta interfase gu\u00eda al usuario a trav\u00e9s de la programaci\u00f3n de la bomba dependiendo de qu\u00e9 accesorios est\u00e9n conectados a la bomba. Los accesorios de la bomba se identifican mediante un conector magn\u00e9tico de Identificaci\u00f3n Inteligente\u00a0 o MISTIC por sus siglas en ingl\u00e9s. Una vez identificado la configuraci\u00f3n de la bomba, la\u00a0 Kangaroo Joey har\u00e1 preguntas espec\u00edficas para esa configuraci\u00f3n.<\/p>\n<ul>\n<li>La bomba de alimentaci\u00f3n enteral Kangaroo Joey ofrece alimentaci\u00f3n y enjuague en un dispositivo completamente port\u00e1til.<\/li>\n<li>Esta bomba de alimentaci\u00f3n es el primer dispositivo enteral ambulante e hidratante.<\/li>\n<li>La bomba de alimentaci\u00f3n enteral Kangaroo m\u00e1s peque\u00f1a jam\u00e1s creada.<\/li>\n<li>Tiene una alta clasificaci\u00f3n de resistencia al agua, lo que facilita a\u00fan m\u00e1s la limpieza entre usos.<\/li>\n<li>Precisi\u00f3n: +\/- 7%<\/li>\n<li>El usuario puede utilizar este historial para verificar la velocidad de infusi\u00f3n de la f\u00f3rmula durante un per\u00edodo de 3 d\u00edas.<\/li>\n<\/ul>\n","protected":false},"excerpt":{"rendered":"<p>La bomba de alimentaci\u00f3n Covidien Kangaroo Joey es una opci\u00f3n compacta y f\u00e1cil de usar para satisfacer tus necesidades de alimentaci\u00f3n enteral. La facilidad de uso de esta bomba de alimentaci\u00f3n proviene de una interfase similar a la de un cajero autom\u00e1tico. Esta interfase gu\u00eda al usuario a trav\u00e9s de la programaci\u00f3n de la bomba dependiendo de qu\u00e9 accesorios est\u00e9n conectados a la bomba.<\/p>\n","protected":false},"featured_media":30994,"template":"","meta":{"_acf_changed":false,"_relevanssi_hide_post":"","_relevanssi_hide_content":"","_relevanssi_pin_for_all":"","_relevanssi_pin_keywords":"","_relevanssi_unpin_keywords":"","_relevanssi_related_keywords":"","_relevanssi_related_include_ids":"","_relevanssi_related_exclude_ids":"","_relevanssi_related_no_append":"","_relevanssi_related_not_related":"","_relevanssi_related_posts":"","_relevanssi_noindex_reason":"","inline_featured_image":false},"pwb-brand":[1107],"product_brand":[],"product_cat":[9503],"product_tag":[10178,10174,3621,10176,10175,10177,10181,10179,10180],"class_list":{"0":"post-30986","1":"product","2":"type-product","3":"status-publish","4":"has-post-thumbnail","6":"pwb-brand-equipo-medico-medtronic","7":"product_cat-bomba-de-alimentacion","8":"product_tag-alimentacion-enteral-covidien-kangaroo-joey","9":"product_tag-bomba-covidien-kangaroo-joey","10":"product_tag-bomba-de-alimentacion","11":"product_tag-bomba-de-alimentacion-enteral-covidien-kangaroo-joey","12":"product_tag-bomba-de-alimentacion-enteral-y-lavado-covidien-kangaroo-joey","13":"product_tag-bomba-de-lavado-covidien-kangaroo","14":"product_tag-bomba-enteral","15":"product_tag-covidien-kangaroo-joey","16":"product_tag-enteral","18":"first","19":"instock","20":"shipping-taxable","21":"purchasable","22":"product-type-simple"},"acf":[],"brands":[{"id":1107,"name":"Medtronic","slug":"equipo-medico-medtronic"}],"_links":{"self":[{"href":"https:\/\/www.somatechnology.com\/spanish\/wp-json\/wp\/v2\/product\/30986","targetHints":{"allow":["GET"]}}],"collection":[{"href":"https:\/\/www.somatechnology.com\/spanish\/wp-json\/wp\/v2\/product"}],"about":[{"href":"https:\/\/www.somatechnology.com\/spanish\/wp-json\/wp\/v2\/types\/product"}],"wp:featuredmedia":[{"embeddable":true,"href":"https:\/\/www.somatechnology.com\/spanish\/wp-json\/wp\/v2\/media\/30994"}],"wp:attachment":[{"href":"https:\/\/www.somatechnology.com\/spanish\/wp-json\/wp\/v2\/media?parent=30986"}],"wp:term":[{"taxonomy":"pwb-brand","embeddable":true,"href":"https:\/\/www.somatechnology.com\/spanish\/wp-json\/wp\/v2\/pwb-brand?post=30986"},{"taxonomy":"product_brand","embeddable":true,"href":"https:\/\/www.somatechnology.com\/spanish\/wp-json\/wp\/v2\/product_brand?post=30986"},{"taxonomy":"product_cat","embeddable":true,"href":"https:\/\/www.somatechnology.com\/spanish\/wp-json\/wp\/v2\/product_cat?post=30986"},{"taxonomy":"product_tag","embeddable":true,"href":"https:\/\/www.somatechnology.com\/spanish\/wp-json\/wp\/v2\/product_tag?post=30986"}],"curies":[{"name":"wp","href":"https:\/\/api.w.org\/{rel}","templated":true}]}}