{"id":31343,"date":"2024-11-21T16:20:40","date_gmt":"2024-11-21T21:20:40","guid":{"rendered":"https:\/\/www.somatechnology.com\/spanish\/?post_type=product&#038;p=31343"},"modified":"2025-09-23T09:15:12","modified_gmt":"2025-09-23T13:15:12","slug":"ge-logiq-s8-xdclear","status":"publish","type":"product","link":"https:\/\/www.somatechnology.com\/spanish\/equipo-medico-usado-remanufacturado\/imagenologia-radiologia\/ultrasonidos\/ge-logiq-s8-xdclear\/","title":{"rendered":"GE LOGIQ S8 XDClear"},"content":{"rendered":"<h2><strong>Caracter\u00edsticas del GE LOGIQ S8 XDClear<\/strong><\/h2>\n<p>El <a href=\"https:\/\/www.somatechnology.com\/wp-content\/uploads\/sites\/2\/2024\/11\/Logiq-S8-XDclear-Ultrasound-Machine-spa.pdf\">GE LOGIQ S8 XDClear<\/a> ofrece herramientas cl\u00ednicas avanzadas con diversos paquetes opcionales. Mejora la eficiencia del flujo de trabajo con herramientas autom\u00e1ticas de medici\u00f3n, funciones de auto-optimizaci\u00f3n, archivado simplificado, informes y m\u00e1s. Este sistema de ultrasonido es ligero y port\u00e1til, lo que facilita su maniobra en espacios reducidos. Proporciona acceso a la tecnolog\u00eda de sonda y plataforma XDClear de GE, garantizando una calidad de imagen superior para todo tipo de pacientes.<\/p>\n<ul>\n<li><strong>Arquitectura de imagen XDClear mejorada y tecnolog\u00eda de sonda, <\/strong>proporciona una calidad de imagen superior con procesamiento avanzado y visualizaci\u00f3n mejorada para casos complejos.<\/li>\n<li><strong>Compatibilidad con una amplia gama de sondas E-Series y XDClear, <\/strong>asegura flexibilidad para diversas aplicaciones diagn\u00f3sticas, desde im\u00e1genes abdominales hasta evaluaciones vasculares.<\/li>\n<li><strong>Ingenier\u00eda ac\u00fastica avanzada que mejora la penetraci\u00f3n y proporciona resoluci\u00f3n de alta definici\u00f3n, <\/strong>permite im\u00e1genes claras y detalladas incluso en condiciones desafiantes o estructuras m\u00e1s profundas.<\/li>\n<li><strong>Conectividad robusta DICOM compatible con numerosas soluciones de IT de im\u00e1genes para la gesti\u00f3n de datos, <\/strong>facilita la integraci\u00f3n con los sistemas hospitalarios para un almacenamiento, recuperaci\u00f3n y compartici\u00f3n eficiente de datos del paciente.<\/li>\n<\/ul>\n","protected":false},"excerpt":{"rendered":"<p>El GE LOGIQ S8 XDClear ofrece herramientas cl\u00ednicas avanzadas con diversos paquetes opcionales. Mejora la eficiencia del flujo de trabajo con herramientas autom\u00e1ticas de medici\u00f3n, funciones de auto-optimizaci\u00f3n, archivado simplificado, informes y m\u00e1s. Este sistema de ultrasonido es ligero y port\u00e1til, lo que facilita su maniobra en espacios reducidos.<\/p>\n","protected":false},"featured_media":31345,"template":"","meta":{"_acf_changed":false,"_relevanssi_hide_post":"","_relevanssi_hide_content":"","_relevanssi_pin_for_all":"","_relevanssi_pin_keywords":"","_relevanssi_unpin_keywords":"","_relevanssi_related_keywords":"","_relevanssi_related_include_ids":"","_relevanssi_related_exclude_ids":"","_relevanssi_related_no_append":"","_relevanssi_related_not_related":"","_relevanssi_related_posts":"","_relevanssi_noindex_reason":"","inline_featured_image":false},"pwb-brand":[1100],"product_brand":[],"product_cat":[91],"product_tag":[10376,10378,10377,10379,224,10390,10391,10393,10392,1902,2268,10387,10388,10389,1919,2270,10394,10395,10025,10340,10026,10341,1976,10397,10396,10380,10382,10381,10383,1901,10338,1900,10339,10385,10386,10384],"class_list":{"0":"post-31343","1":"product","2":"type-product","3":"status-publish","4":"has-post-thumbnail","6":"pwb-brand-equipo-medico-ge","7":"product_cat-ultrasonidos","8":"product_tag-consola-de-ultrasonido","9":"product_tag-consola-de-ultrasonido-ge","10":"product_tag-consolas-de-ultrasonido","11":"product_tag-consolas-de-ultrasonido-ge","12":"product_tag-ge","13":"product_tag-ge-logic","14":"product_tag-ge-logic-s8","15":"product_tag-ge-logic-s8-xd-clear","16":"product_tag-ge-logic-s8-xdclear","17":"product_tag-ge-logiq","18":"product_tag-ge-logiq-s8","19":"product_tag-ge-logiq-s8-xd-clear","20":"product_tag-ge-logiq-s8-xdclear","21":"product_tag-logic","22":"product_tag-logiq","23":"product_tag-logiq-s8","24":"product_tag-logiq-s8-xd-clear","25":"product_tag-logiq-s8-xdclear","26":"product_tag-maquina-de-ultrasonido","27":"product_tag-maquina-de-ultrasonido-ge","28":"product_tag-maquinas-de-ultrasonido","29":"product_tag-maquinas-de-ultrasonido-ge","30":"product_tag-s8","31":"product_tag-s8-xd-clear","32":"product_tag-s8-xdclear","33":"product_tag-sistema-de-ultrasonido","34":"product_tag-sistema-de-ultrasonido-ge","35":"product_tag-sistemas-de-ultrasonido","36":"product_tag-sistemas-de-ultrasonido-ge","37":"product_tag-ultrasonido","38":"product_tag-ultrasonido-ge","39":"product_tag-ultrasonidos","40":"product_tag-ultrasonidos-ge","41":"product_tag-xd","42":"product_tag-xd-clear","43":"product_tag-xdclear","45":"first","46":"instock","47":"shipping-taxable","48":"purchasable","49":"product-type-simple"},"acf":[],"brands":[{"id":1100,"name":"GE","slug":"equipo-medico-ge"}],"_links":{"self":[{"href":"https:\/\/www.somatechnology.com\/spanish\/wp-json\/wp\/v2\/product\/31343","targetHints":{"allow":["GET"]}}],"collection":[{"href":"https:\/\/www.somatechnology.com\/spanish\/wp-json\/wp\/v2\/product"}],"about":[{"href":"https:\/\/www.somatechnology.com\/spanish\/wp-json\/wp\/v2\/types\/product"}],"wp:featuredmedia":[{"embeddable":true,"href":"https:\/\/www.somatechnology.com\/spanish\/wp-json\/wp\/v2\/media\/31345"}],"wp:attachment":[{"href":"https:\/\/www.somatechnology.com\/spanish\/wp-json\/wp\/v2\/media?parent=31343"}],"wp:term":[{"taxonomy":"pwb-brand","embeddable":true,"href":"https:\/\/www.somatechnology.com\/spanish\/wp-json\/wp\/v2\/pwb-brand?post=31343"},{"taxonomy":"product_brand","embeddable":true,"href":"https:\/\/www.somatechnology.com\/spanish\/wp-json\/wp\/v2\/product_brand?post=31343"},{"taxonomy":"product_cat","embeddable":true,"href":"https:\/\/www.somatechnology.com\/spanish\/wp-json\/wp\/v2\/product_cat?post=31343"},{"taxonomy":"product_tag","embeddable":true,"href":"https:\/\/www.somatechnology.com\/spanish\/wp-json\/wp\/v2\/product_tag?post=31343"}],"curies":[{"name":"wp","href":"https:\/\/api.w.org\/{rel}","templated":true}]}}