{"id":31350,"date":"2024-11-22T15:55:05","date_gmt":"2024-11-22T20:55:05","guid":{"rendered":"https:\/\/www.somatechnology.com\/spanish\/?post_type=product&#038;p=31350"},"modified":"2024-11-25T15:21:01","modified_gmt":"2024-11-25T20:21:01","slug":"mindray-cpm-12","status":"publish","type":"product","link":"https:\/\/www.somatechnology.com\/spanish\/equipo-medico-usado-remanufacturado\/monitores-de-signos-vitales\/monitores-multiparametros\/mindray-cpm-12\/","title":{"rendered":"Mindray cPM 12"},"content":{"rendered":"<h2><strong>Caracter\u00edsticas del monitor multipar\u00e1metros Mindray cPM 12<\/strong><\/h2>\n<p>El <a href=\"https:\/\/www.somatechnology.com\/wp-content\/uploads\/sites\/2\/2024\/11\/Mindray-cPM-12-Specifications-spa.pdf\">Mindray cPM 12<\/a> es un monitor multipar\u00e1metros avanzado y vers\u00e1til, dise\u00f1ado para ofrecer monitoreo integral en diversos entornos cl\u00ednicos. Su interfaz intuitiva y amplio conjunto de funciones lo convierten en una opci\u00f3n ideal para cuidados cr\u00edticos, emergencias y entornos perioperatorios.<\/p>\n<ul>\n<li>Muestra hasta 7 formas de onda<\/li>\n<li>Funciones est\u00e1ndar incluyen ECG de 3 o 5 derivaciones, SpO\u2082 Masimo SET\u00ae, NIBP, respiraci\u00f3n, temperatura y registrador integrado<\/li>\n<li>Disponible SpO\u2082 opcional Nellcor\u00ae OxiMax\u00ae<\/li>\n<li>An\u00e1lisis de arritmias con detecci\u00f3n de fibrilaci\u00f3n auricular y monitoreo QT\/QTc<\/li>\n<li>Amplia capacidad de almacenamiento de datos para tendencias, alarmas, eventos, mediciones de NIBP y hasta 48 horas de divulgaci\u00f3n completa<\/li>\n<li>Interfaces integradas de protocolo HL7 y DIAP en serie<\/li>\n<li>Sincronizaci\u00f3n con desfibrilador<\/li>\n<\/ul>\n","protected":false},"excerpt":{"rendered":"<p>Caracter\u00edsticas del monitor multipar\u00e1metros Mindray cPM 12 El Mindray cPM 12 es un monitor multipar\u00e1metros avanzado y vers\u00e1til, dise\u00f1ado para ofrecer monitoreo integral en&#8230;<\/p>\n","protected":false},"featured_media":31354,"template":"","meta":{"_acf_changed":false,"_relevanssi_hide_post":"","_relevanssi_hide_content":"","_relevanssi_pin_for_all":"","_relevanssi_pin_keywords":"","_relevanssi_unpin_keywords":"","_relevanssi_related_keywords":"","_relevanssi_related_include_ids":"","_relevanssi_related_exclude_ids":"","_relevanssi_related_no_append":"","_relevanssi_related_not_related":"","_relevanssi_related_posts":"","_relevanssi_noindex_reason":"","inline_featured_image":false},"pwb-brand":[1135],"product_brand":[],"product_cat":[50],"product_tag":[10400,450,10402,10399,10401],"class_list":{"0":"post-31350","1":"product","2":"type-product","3":"status-publish","4":"has-post-thumbnail","6":"pwb-brand-equipo-medico-mindray","7":"product_cat-monitores-multiparametros","8":"product_tag-cpm12","9":"product_tag-mindray","10":"product_tag-mindray-cpm12","11":"product_tag-monitores-multiparametros-mindray-cpm-12","12":"product_tag-monitores-multiparamtros","14":"first","15":"instock","16":"shipping-taxable","17":"purchasable","18":"product-type-simple"},"acf":[],"brands":[{"id":1135,"name":"Mindray","slug":"equipo-medico-mindray"}],"_links":{"self":[{"href":"https:\/\/www.somatechnology.com\/spanish\/wp-json\/wp\/v2\/product\/31350","targetHints":{"allow":["GET"]}}],"collection":[{"href":"https:\/\/www.somatechnology.com\/spanish\/wp-json\/wp\/v2\/product"}],"about":[{"href":"https:\/\/www.somatechnology.com\/spanish\/wp-json\/wp\/v2\/types\/product"}],"wp:featuredmedia":[{"embeddable":true,"href":"https:\/\/www.somatechnology.com\/spanish\/wp-json\/wp\/v2\/media\/31354"}],"wp:attachment":[{"href":"https:\/\/www.somatechnology.com\/spanish\/wp-json\/wp\/v2\/media?parent=31350"}],"wp:term":[{"taxonomy":"pwb-brand","embeddable":true,"href":"https:\/\/www.somatechnology.com\/spanish\/wp-json\/wp\/v2\/pwb-brand?post=31350"},{"taxonomy":"product_brand","embeddable":true,"href":"https:\/\/www.somatechnology.com\/spanish\/wp-json\/wp\/v2\/product_brand?post=31350"},{"taxonomy":"product_cat","embeddable":true,"href":"https:\/\/www.somatechnology.com\/spanish\/wp-json\/wp\/v2\/product_cat?post=31350"},{"taxonomy":"product_tag","embeddable":true,"href":"https:\/\/www.somatechnology.com\/spanish\/wp-json\/wp\/v2\/product_tag?post=31350"}],"curies":[{"name":"wp","href":"https:\/\/api.w.org\/{rel}","templated":true}]}}