{"id":31503,"date":"2024-12-27T13:19:57","date_gmt":"2024-12-27T18:19:57","guid":{"rendered":"https:\/\/www.somatechnology.com\/spanish\/?post_type=product&#038;p=31503"},"modified":"2024-12-27T14:32:31","modified_gmt":"2024-12-27T19:32:31","slug":"cubescan-biocon-700","status":"publish","type":"product","link":"https:\/\/www.somatechnology.com\/spanish\/equipo-medico-usado-remanufacturado\/escaneres-de-vejiga\/cubescan-biocon-700\/","title":{"rendered":"CUBEscan BioCon 700"},"content":{"rendered":"<h2>Caracter\u00edsticas del BioCon 700<\/h2>\n<p class=\"p1\">El <strong><a href=\"https:\/\/www.somatechnology.com\/wp-content\/uploads\/sites\/2\/2024\/12\/CUBEscan-BioCon-700-Bladder-Scanner-spa.pdf\">CUBEscan BioCon 700<\/a> <\/strong>es un esc\u00e1ner de vejiga que utiliza tecnolog\u00eda de ultrasonidos para evaluar con precisi\u00f3n el volumen de la vejiga. Su dis\u00f1o port\u00e1til y f\u00e1cil de usar, le permite realizar mediciones r\u00e1pidas y eficientes del volumen de la vejiga mediante la tecnolog\u00eda BladderPoint sin necesidad de un cateterismo. Ayuda a los profesionales de la salud a evaluar la retenci\u00f3n urinaria, controlar la producci\u00f3n de orina y tratar afecciones relacionadas con la vejiga, mejorando en \u00faltima instancia la atenci\u00f3n y la comodidad del paciente.<\/p>\n<ul>\n<li class=\"p1\">Localice la vejiga de forma r\u00e1pida y segura para una medici\u00f3n precisa con la tecnolog\u00eda BladderPoint que coloca un punto de mira en el centro de la vejiga.<\/li>\n<li class=\"p1\">Rendimiento confiable con autodiagn\u00f3stico integrado para alertarlo sobre cualquier problema de hardware o mantenimiento.<\/li>\n<li class=\"p1\">La carcasa de policarbonato resistente promueve un servicio constante e ininterrumpido y est\u00e1 respaldada por una garant\u00eda de cinco a\u00f1os que incluye protecci\u00f3n contra ca\u00eddas.<\/li>\n<li class=\"p1\">F\u00e1cil de usar en pacientes bari\u00e1tricos con agarre trasero en la sonda y sin necesidad de abanicar la sonda.<\/li>\n<\/ul>\n","protected":false},"excerpt":{"rendered":"<p>Caracter\u00edsticas del BioCon 700 El CUBEscan BioCon 700 es un esc\u00e1ner de vejiga que utiliza tecnolog\u00eda de ultrasonidos para evaluar con precisi\u00f3n el volumen&#8230;<\/p>\n","protected":false},"featured_media":31507,"template":"","meta":{"_acf_changed":false,"_relevanssi_hide_post":"","_relevanssi_hide_content":"","_relevanssi_pin_for_all":"","_relevanssi_pin_keywords":"","_relevanssi_unpin_keywords":"","_relevanssi_related_keywords":"","_relevanssi_related_include_ids":"","_relevanssi_related_exclude_ids":"","_relevanssi_related_no_append":"","_relevanssi_related_not_related":"","_relevanssi_related_posts":"","_relevanssi_noindex_reason":"","inline_featured_image":false},"pwb-brand":[10039],"product_brand":[],"product_cat":[1157],"product_tag":[3887,10458,10457,10456,10455,10462,10459,10454,10460,4338,10461],"class_list":{"0":"post-31503","1":"product","2":"type-product","3":"status-publish","4":"has-post-thumbnail","6":"pwb-brand-cubescan","7":"product_cat-escaneres-de-vejiga","8":"product_tag-3887","9":"product_tag-bio-con-700","10":"product_tag-biocon","11":"product_tag-cube-scan","12":"product_tag-cubescan","13":"product_tag-cubescan-700","14":"product_tag-cubescan-biocon-700","15":"product_tag-escaner-de-vejiga","16":"product_tag-escaner-de-vejiga-cubescan","17":"product_tag-escaneres-de-vejiga","18":"product_tag-escaneres-de-vejiga-cubescan","20":"first","21":"instock","22":"shipping-taxable","23":"purchasable","24":"product-type-simple"},"acf":[],"brands":[{"id":10039,"name":"CubeScan","slug":"cubescan"}],"_links":{"self":[{"href":"https:\/\/www.somatechnology.com\/spanish\/wp-json\/wp\/v2\/product\/31503","targetHints":{"allow":["GET"]}}],"collection":[{"href":"https:\/\/www.somatechnology.com\/spanish\/wp-json\/wp\/v2\/product"}],"about":[{"href":"https:\/\/www.somatechnology.com\/spanish\/wp-json\/wp\/v2\/types\/product"}],"wp:featuredmedia":[{"embeddable":true,"href":"https:\/\/www.somatechnology.com\/spanish\/wp-json\/wp\/v2\/media\/31507"}],"wp:attachment":[{"href":"https:\/\/www.somatechnology.com\/spanish\/wp-json\/wp\/v2\/media?parent=31503"}],"wp:term":[{"taxonomy":"pwb-brand","embeddable":true,"href":"https:\/\/www.somatechnology.com\/spanish\/wp-json\/wp\/v2\/pwb-brand?post=31503"},{"taxonomy":"product_brand","embeddable":true,"href":"https:\/\/www.somatechnology.com\/spanish\/wp-json\/wp\/v2\/product_brand?post=31503"},{"taxonomy":"product_cat","embeddable":true,"href":"https:\/\/www.somatechnology.com\/spanish\/wp-json\/wp\/v2\/product_cat?post=31503"},{"taxonomy":"product_tag","embeddable":true,"href":"https:\/\/www.somatechnology.com\/spanish\/wp-json\/wp\/v2\/product_tag?post=31503"}],"curies":[{"name":"wp","href":"https:\/\/api.w.org\/{rel}","templated":true}]}}