{"id":31511,"date":"2024-12-27T15:39:45","date_gmt":"2024-12-27T20:39:45","guid":{"rendered":"https:\/\/www.somatechnology.com\/spanish\/?post_type=product&#038;p=31511"},"modified":"2025-07-03T13:02:28","modified_gmt":"2025-07-03T17:02:28","slug":"cubescan-biocon-750","status":"publish","type":"product","link":"https:\/\/www.somatechnology.com\/spanish\/equipo-medico-usado-remanufacturado\/escaneres-de-vejiga\/cubescan-biocon-750\/","title":{"rendered":"CUBEscan BioCon 750"},"content":{"rendered":"<h2>Caracter\u00edsticas del Esc\u00e1ner de Vejiga CUBEscan BioCon 750<\/h2>\n<p>El <a href=\"https:\/\/www.somatechnology.com\/wp-content\/uploads\/sites\/2\/2024\/12\/CUBEscan-BioCon-750-Bladder-Scanner-spa.pdf\">esc\u00e1ner de vejiga CUBEscan BioCon 750<\/a> es un dispositivo avanzado y no invasivo dise\u00f1ado para promover las mejores pr\u00e1cticas en la prevenci\u00f3n de infecciones urinarias graves y el manejo de la continencia. Equipado con la tecnolog\u00eda patentada BladderPoint, proporciona mediciones precisas del volumen de la vejiga con orientaci\u00f3n en tiempo real para mejorar la precisi\u00f3n. Su dise\u00f1o liviano y duradero se adapta a una amplia gama de poblaciones de pacientes, incluidos pacientes pedi\u00e1tricos y bari\u00e1tricos. La impresora t\u00e9rmica incorporada y la interfaz compatible con EMR garantizan una documentaci\u00f3n e integraci\u00f3n de datos sin problemas. Con una carcasa de aluminio resistente y capacidades de autodiagn\u00f3stico, el BioCon 750 ofrece confiabilidad y eficiencia en diversos entornos de atenci\u00f3n m\u00e9dica.<\/p>\n<ul>\n<li>Tecnolog\u00eda patentada BladderPoint: mejora la precisi\u00f3n al colocar un centro en el medio de la vejiga para una orientaci\u00f3n precisa.<\/li>\n<li>Im\u00e1genes previas al escaneo en tiempo real: permite la visualizaci\u00f3n inmediata de la vejiga para evaluaciones m\u00e1s r\u00e1pidas y precisas.<\/li>\n<li>Aplicaci\u00f3n vers\u00e1til: se adapta a pacientes masculinos, femeninos (incluso posthisterectom\u00eda), ni\u00f1os, bari\u00e1tricos y pedi\u00e1tricos con un solo dispositivo.<\/li>\n<li>Impresora t\u00e9rmica integrada: proporciona documentaci\u00f3n inmediata con solo presionar un bot\u00f3n.<\/li>\n<li>Conectividad de datos: carga f\u00e1cilmente datos e im\u00e1genes a cualquier sistema EMR para una integraci\u00f3n perfecta de los registros de pacientes.<\/li>\n<li>Dise\u00f1o duradero: cuenta con una carcasa de aluminio resistente para proteger la sonda y una carcasa de policarbonato resistente.<\/li>\n<\/ul>\n","protected":false},"excerpt":{"rendered":"<p>Caracter\u00edsticas del Esc\u00e1ner de Vejiga CUBEscan BioCon 750 El esc\u00e1ner de vejiga CUBEscan BioCon 750 es un dispositivo avanzado y no invasivo dise\u00f1ado para&#8230;<\/p>\n","protected":false},"featured_media":31516,"template":"","meta":{"_acf_changed":false,"_relevanssi_hide_post":"","_relevanssi_hide_content":"","_relevanssi_pin_for_all":"","_relevanssi_pin_keywords":"","_relevanssi_unpin_keywords":"","_relevanssi_related_keywords":"","_relevanssi_related_include_ids":"","_relevanssi_related_exclude_ids":"","_relevanssi_related_no_append":"","_relevanssi_related_not_related":"","_relevanssi_related_posts":"","_relevanssi_noindex_reason":"","inline_featured_image":false},"pwb-brand":[10039],"product_brand":[],"product_cat":[1157],"product_tag":[390,10463,10465,10457,10464,10456,10467,10466,10455,10454,10468,10460,4338,10469],"class_list":{"0":"post-31511","1":"product","2":"type-product","3":"status-publish","4":"has-post-thumbnail","6":"pwb-brand-cubescan","7":"product_cat-escaneres-de-vejiga","8":"product_tag-390","9":"product_tag-bio-con","10":"product_tag-bio-con-750","11":"product_tag-biocon","12":"product_tag-biocon-750","13":"product_tag-cube-scan","14":"product_tag-cube-scan-bio-con-750","15":"product_tag-cube-scan-biocon-750","16":"product_tag-cubescan","17":"product_tag-escaner-de-vejiga","18":"product_tag-escaner-de-vejiga-cube-scan","19":"product_tag-escaner-de-vejiga-cubescan","20":"product_tag-escaneres-de-vejiga","21":"product_tag-escaneres-de-vejiga-cube-scan","23":"first","24":"instock","25":"featured","26":"shipping-taxable","27":"purchasable","28":"product-type-simple"},"acf":[],"brands":[{"id":10039,"name":"CubeScan","slug":"cubescan"}],"_links":{"self":[{"href":"https:\/\/www.somatechnology.com\/spanish\/wp-json\/wp\/v2\/product\/31511","targetHints":{"allow":["GET"]}}],"collection":[{"href":"https:\/\/www.somatechnology.com\/spanish\/wp-json\/wp\/v2\/product"}],"about":[{"href":"https:\/\/www.somatechnology.com\/spanish\/wp-json\/wp\/v2\/types\/product"}],"wp:featuredmedia":[{"embeddable":true,"href":"https:\/\/www.somatechnology.com\/spanish\/wp-json\/wp\/v2\/media\/31516"}],"wp:attachment":[{"href":"https:\/\/www.somatechnology.com\/spanish\/wp-json\/wp\/v2\/media?parent=31511"}],"wp:term":[{"taxonomy":"pwb-brand","embeddable":true,"href":"https:\/\/www.somatechnology.com\/spanish\/wp-json\/wp\/v2\/pwb-brand?post=31511"},{"taxonomy":"product_brand","embeddable":true,"href":"https:\/\/www.somatechnology.com\/spanish\/wp-json\/wp\/v2\/product_brand?post=31511"},{"taxonomy":"product_cat","embeddable":true,"href":"https:\/\/www.somatechnology.com\/spanish\/wp-json\/wp\/v2\/product_cat?post=31511"},{"taxonomy":"product_tag","embeddable":true,"href":"https:\/\/www.somatechnology.com\/spanish\/wp-json\/wp\/v2\/product_tag?post=31511"}],"curies":[{"name":"wp","href":"https:\/\/api.w.org\/{rel}","templated":true}]}}