{"id":31523,"date":"2024-12-30T15:45:22","date_gmt":"2024-12-30T20:45:22","guid":{"rendered":"https:\/\/www.somatechnology.com\/spanish\/?post_type=product&#038;p=31523"},"modified":"2024-12-30T15:48:26","modified_gmt":"2024-12-30T20:48:26","slug":"cubescan-biocon-500","status":"publish","type":"product","link":"https:\/\/www.somatechnology.com\/spanish\/equipo-medico-usado-remanufacturado\/escaneres-de-vejiga\/cubescan-biocon-500\/","title":{"rendered":"CUBEscan BioCon 500"},"content":{"rendered":"<h2>Caracter\u00edsticas del Esc\u00e1ner de Vejiga CUBEscan BioCon 500<\/h2>\n<p>El <a href=\"https:\/\/www.somatechnology.com\/wp-content\/uploads\/sites\/2\/2024\/12\/CUBEscan-BioCon-500-Bladder-Scanner-spa.pdf\">esc\u00e1ner de vejiga CUBEscan BioCon 500<\/a> es un dispositivo no invasivo dise\u00f1ado para medir el volumen de la vejiga y la orina residual posmiccional (PVR) con precisi\u00f3n y eficiencia. Este sistema port\u00e1til y f\u00e1cil de usar respalda el desarrollo de protocolos de manejo de la continencia y ayuda a reducir las cateterizaciones innecesarias. Equipado con im\u00e1genes previas al escaneo en tiempo real y una impresora t\u00e9rmica incorporada, el BioCon 500 agiliza las evaluaciones urol\u00f3gicas, lo que lo convierte en una herramienta valiosa para los centros de atenci\u00f3n m\u00e9dica.<\/p>\n<ul>\n<li><strong>Medici\u00f3n no invasiva del volumen de la vejiga<\/strong>: determina con precisi\u00f3n el volumen de la vejiga y el PVR sin la necesidad de procedimientos invasivos.<\/li>\n<li><strong>Im\u00e1genes previas al escaneo en tiempo real:<\/strong> aumenta la precisi\u00f3n y reduce el tiempo del procedimiento al visualizar la vejiga antes del escaneo.<\/li>\n<li><strong>Operaci\u00f3n f\u00e1cil de usar:<\/strong> simplifica los flujos de trabajo con una operaci\u00f3n intuitiva de cuatro pasos (seleccionar el g\u00e9nero, realizar un escaneo previo, ubicar la vejiga, escanear).<\/li>\n<li><strong>Impresora t\u00e9rmica incorporada:<\/strong> proporciona documentaci\u00f3n inmediata de los resultados, lo que mejora la eficiencia en los entornos cl\u00ednicos.<\/li>\n<li><strong>Dise\u00f1o liviano y port\u00e1til:<\/strong> compacto y f\u00e1cil de transportar, lo que lo hace adecuado para su uso en instalaciones de atenci\u00f3n m\u00e9dica.<\/li>\n<\/ul>\n","protected":false},"excerpt":{"rendered":"<p>Caracter\u00edsticas del Esc\u00e1ner de Vejiga CUBEscan BioCon 500 El esc\u00e1ner de vejiga CUBEscan BioCon 500 es un dispositivo no invasivo dise\u00f1ado para medir el&#8230;<\/p>\n","protected":false},"featured_media":31525,"template":"","meta":{"_acf_changed":false,"_relevanssi_hide_post":"","_relevanssi_hide_content":"","_relevanssi_pin_for_all":"","_relevanssi_pin_keywords":"","_relevanssi_unpin_keywords":"","_relevanssi_related_keywords":"","_relevanssi_related_include_ids":"","_relevanssi_related_exclude_ids":"","_relevanssi_related_no_append":"","_relevanssi_related_not_related":"","_relevanssi_related_posts":"","_relevanssi_noindex_reason":"","inline_featured_image":false},"pwb-brand":[10039],"product_brand":[],"product_cat":[1157],"product_tag":[],"class_list":{"0":"post-31523","1":"product","2":"type-product","3":"status-publish","4":"has-post-thumbnail","6":"pwb-brand-cubescan","7":"product_cat-escaneres-de-vejiga","9":"first","10":"instock","11":"shipping-taxable","12":"purchasable","13":"product-type-simple"},"acf":[],"brands":[{"id":10039,"name":"CubeScan","slug":"cubescan"}],"_links":{"self":[{"href":"https:\/\/www.somatechnology.com\/spanish\/wp-json\/wp\/v2\/product\/31523","targetHints":{"allow":["GET"]}}],"collection":[{"href":"https:\/\/www.somatechnology.com\/spanish\/wp-json\/wp\/v2\/product"}],"about":[{"href":"https:\/\/www.somatechnology.com\/spanish\/wp-json\/wp\/v2\/types\/product"}],"wp:featuredmedia":[{"embeddable":true,"href":"https:\/\/www.somatechnology.com\/spanish\/wp-json\/wp\/v2\/media\/31525"}],"wp:attachment":[{"href":"https:\/\/www.somatechnology.com\/spanish\/wp-json\/wp\/v2\/media?parent=31523"}],"wp:term":[{"taxonomy":"pwb-brand","embeddable":true,"href":"https:\/\/www.somatechnology.com\/spanish\/wp-json\/wp\/v2\/pwb-brand?post=31523"},{"taxonomy":"product_brand","embeddable":true,"href":"https:\/\/www.somatechnology.com\/spanish\/wp-json\/wp\/v2\/product_brand?post=31523"},{"taxonomy":"product_cat","embeddable":true,"href":"https:\/\/www.somatechnology.com\/spanish\/wp-json\/wp\/v2\/product_cat?post=31523"},{"taxonomy":"product_tag","embeddable":true,"href":"https:\/\/www.somatechnology.com\/spanish\/wp-json\/wp\/v2\/product_tag?post=31523"}],"curies":[{"name":"wp","href":"https:\/\/api.w.org\/{rel}","templated":true}]}}