{"id":31539,"date":"2024-12-31T12:21:39","date_gmt":"2024-12-31T17:21:39","guid":{"rendered":"https:\/\/www.somatechnology.com\/spanish\/?post_type=product&#038;p=31539"},"modified":"2025-01-02T12:52:07","modified_gmt":"2025-01-02T17:52:07","slug":"stryker-core-2-console","status":"publish","type":"product","link":"https:\/\/www.somatechnology.com\/spanish\/equipo-medico-usado-remanufacturado\/instrumental-de-cirugia\/stryker-core-2-console\/","title":{"rendered":"Stryker CORE 2 Console"},"content":{"rendered":"<h2><span class=\"s1\"><b>Caracter\u00edsticas de la consola Stryker CORE 2<\/b><\/span><\/h2>\n<p>La <strong><a href=\"https:\/\/www.somatechnology.com\/wp-content\/uploads\/sites\/2\/2024\/12\/Stryker-CORE-2-Console-Surgical-Power-Tools-spa.pdf\">consola Stryker CORE 2<\/a><\/strong> es un sistema de herramientas quir\u00fargicas vers\u00e1til y avanzado. Dise\u00f1ada para uso en una amplia gama de procedimientos, gestiona dispositivos como taladros, sierras y afeitadoras, proporcionando un rendimiento constante y fiable. Con m\u00faltiples puertos para piezas de mano, pedales e irrigaci\u00f3n, la consola detecta autom\u00e1ticamente los dispositivos conectados y ajusta la configuraci\u00f3n en consecuencia. Su interfaz de pantalla t\u00e1ctil f\u00e1cil de usar permite una navegaci\u00f3n sencilla, mientras que la capacidad de almacenar y exportar ajustes preestablecidos simplifica la operaci\u00f3n en diferentes procedimientos. El dise\u00f1o de la consola CORE 2 garantiza que satisfaga las exigentes necesidades de los entornos quir\u00fargicos, mejorando la eficiencia y la seguridad.<\/p>\n<ul>\n<li>Detecci\u00f3n autom\u00e1tica de dispositivos: reconoce instant\u00e1neamente los dispositivos conectados y ajusta las configuraciones disponibles para optimizar la funcionalidad.<\/li>\n<li>Interfaz de pantalla t\u00e1ctil: proporciona im\u00e1genes claras y una navegaci\u00f3n sencilla, lo que mejora la facilidad de uso durante los procedimientos.<\/li>\n<li>Compatibilidad con m\u00faltiples dispositivos: admite una variedad de instrumentos quir\u00fargicos, incluidos taladros, sierras y afeitadoras, para una aplicaci\u00f3n vers\u00e1til.<\/li>\n<li>Almacenamiento y exportaci\u00f3n de ajustes preestablecidos: permite el almacenamiento y la transferencia de las preferencias del usuario, lo que agiliza la configuraci\u00f3n para procedimientos recurrentes.<\/li>\n<li>Gesti\u00f3n de irrigaci\u00f3n integrada: admite el uso de casetes de irrigaci\u00f3n, lo que permite la administraci\u00f3n controlada de fluidos para mejorar la precisi\u00f3n quir\u00fargica.<\/li>\n<\/ul>\n","protected":false},"excerpt":{"rendered":"<p>Caracter\u00edsticas de la consola Stryker CORE 2 La consola Stryker CORE 2 es un sistema de herramientas quir\u00fargicas vers\u00e1til y avanzado. Dise\u00f1ada para uso&#8230;<\/p>\n","protected":false},"featured_media":31540,"template":"","meta":{"_acf_changed":false,"_relevanssi_hide_post":"","_relevanssi_hide_content":"","_relevanssi_pin_for_all":"","_relevanssi_pin_keywords":"","_relevanssi_unpin_keywords":"","_relevanssi_related_keywords":"","_relevanssi_related_include_ids":"","_relevanssi_related_exclude_ids":"","_relevanssi_related_no_append":"","_relevanssi_related_not_related":"","_relevanssi_related_posts":"","_relevanssi_noindex_reason":"","inline_featured_image":false},"pwb-brand":[1079],"product_brand":[],"product_cat":[4530],"product_tag":[10485,10487,10489,10494,10491,10492,10486,10488,10493,9990,10481,10482,10479,10483,10484,10480,10495,4532,10496,10497,178,10490],"class_list":{"0":"post-31539","1":"product","2":"type-product","3":"status-publish","4":"has-post-thumbnail","6":"pwb-brand-equipo-medico-stryker","7":"product_cat-instrumental-de-cirugia","8":"product_tag-consola","9":"product_tag-consola-core","10":"product_tag-consola-core-2","11":"product_tag-consola-core-dos","12":"product_tag-consola-stryker-core","13":"product_tag-consola-stryker-core-2","14":"product_tag-core","15":"product_tag-core-2","16":"product_tag-core-dos","17":"product_tag-dos","18":"product_tag-herramienta-electrica","19":"product_tag-herramienta-quirurgica","20":"product_tag-herramientas","21":"product_tag-herramientas-electricas","22":"product_tag-herramientas-electricas-quirurgicas","23":"product_tag-herramientas-quirurgicas","24":"product_tag-instrumental","25":"product_tag-instrumental-de-cirugia","26":"product_tag-instrumental-quirurgico","27":"product_tag-instrumental-quirurgico-consola-stryker-core-2","28":"product_tag-stryker","29":"product_tag-stryker-core","31":"first","32":"instock","33":"shipping-taxable","34":"purchasable","35":"product-type-simple"},"acf":[],"brands":[{"id":1079,"name":"Stryker","slug":"equipo-medico-stryker"}],"_links":{"self":[{"href":"https:\/\/www.somatechnology.com\/spanish\/wp-json\/wp\/v2\/product\/31539","targetHints":{"allow":["GET"]}}],"collection":[{"href":"https:\/\/www.somatechnology.com\/spanish\/wp-json\/wp\/v2\/product"}],"about":[{"href":"https:\/\/www.somatechnology.com\/spanish\/wp-json\/wp\/v2\/types\/product"}],"wp:featuredmedia":[{"embeddable":true,"href":"https:\/\/www.somatechnology.com\/spanish\/wp-json\/wp\/v2\/media\/31540"}],"wp:attachment":[{"href":"https:\/\/www.somatechnology.com\/spanish\/wp-json\/wp\/v2\/media?parent=31539"}],"wp:term":[{"taxonomy":"pwb-brand","embeddable":true,"href":"https:\/\/www.somatechnology.com\/spanish\/wp-json\/wp\/v2\/pwb-brand?post=31539"},{"taxonomy":"product_brand","embeddable":true,"href":"https:\/\/www.somatechnology.com\/spanish\/wp-json\/wp\/v2\/product_brand?post=31539"},{"taxonomy":"product_cat","embeddable":true,"href":"https:\/\/www.somatechnology.com\/spanish\/wp-json\/wp\/v2\/product_cat?post=31539"},{"taxonomy":"product_tag","embeddable":true,"href":"https:\/\/www.somatechnology.com\/spanish\/wp-json\/wp\/v2\/product_tag?post=31539"}],"curies":[{"name":"wp","href":"https:\/\/api.w.org\/{rel}","templated":true}]}}