{"id":31585,"date":"2025-01-07T10:50:11","date_gmt":"2025-01-07T15:50:11","guid":{"rendered":"https:\/\/www.somatechnology.com\/spanish\/?post_type=product&#038;p=31585"},"modified":"2025-01-07T10:54:20","modified_gmt":"2025-01-07T15:54:20","slug":"icu-medical-hotline-3-hl-390","status":"publish","type":"product","link":"https:\/\/www.somatechnology.com\/spanish\/equipo-medico-usado-remanufacturado\/calentador-de-fluidos\/icu-medical-hotline-3-hl-390\/","title":{"rendered":"ICU Medical Hotline 3 HL-390"},"content":{"rendered":"<p>El <strong><a href=\"https:\/\/www.somatechnology.com\/wp-content\/uploads\/sites\/2\/2025\/01\/ICU-Medical-HOTLINE-3-HL390-Fluid-Warmer-spa.pdf\">ICU Medical HOTLINE 3 HL-390<\/a><\/strong> es un calentador avanzado de sangre y fluidos dise\u00f1ado para mantener temperaturas normot\u00e9rmicas durante la administraci\u00f3n de fluidos intravenosos (IV). Al utilizar una soluci\u00f3n de recirculaci\u00f3n, garantiza un calentamiento constante desde el dispositivo hasta el punto de conexi\u00f3n del paciente, lo que minimiza el riesgo de enfriamiento del fluido. El sistema es compacto, f\u00e1cil de instalar y se puede colocar de forma segura en un poste de suero para un uso conveniente. Su panel de visualizaci\u00f3n intuitivo proporciona monitoreo de temperatura en tiempo real y alertas para mayor seguridad. Adecuado para varios entornos cl\u00ednicos, este calentador garantiza un rendimiento confiable para la atenci\u00f3n cr\u00edtica del paciente.<\/p>\n<ul>\n<li>Suministro constante de fluidos normot\u00e9rmicos: calienta activamente los fluidos para mantener temperaturas constantes.<\/li>\n<li>Sistema de calentamiento seguro y recirculante: utiliza una soluci\u00f3n de recirculaci\u00f3n garantizando un calentamiento seguro y uniforme de los fluidos.<\/li>\n<li>Dise\u00f1o y configuraci\u00f3n f\u00e1ciles de usar: un proceso de ensamblaje sencillo para una implementaci\u00f3n r\u00e1pida.<\/li>\n<li>Monitoreo de temperatura en tiempo real: cuenta con un panel de visualizaci\u00f3n f\u00e1cil de leer con alertas visuales y audibibles, lo que garantiza un funcionamiento seguro.<\/li>\n<li>M\u00faltiples mecanismos de seguridad: equipado con alarmas de temperatura y niveles bajos de fluido, lo que mejora la seguridad del paciente.<\/li>\n<\/ul>\n","protected":false},"excerpt":{"rendered":"<p>El ICU Medical HOTLINE 3 HL-390 es un calentador avanzado de sangre y fluidos dise\u00f1ado para mantener temperaturas normot\u00e9rmicas durante la administraci\u00f3n de fluidos&#8230;<\/p>\n","protected":false},"featured_media":31587,"template":"","meta":{"_acf_changed":false,"_relevanssi_hide_post":"","_relevanssi_hide_content":"","_relevanssi_pin_for_all":"","_relevanssi_pin_keywords":"","_relevanssi_unpin_keywords":"","_relevanssi_related_keywords":"","_relevanssi_related_include_ids":"","_relevanssi_related_exclude_ids":"","_relevanssi_related_no_append":"","_relevanssi_related_not_related":"","_relevanssi_related_posts":"","_relevanssi_noindex_reason":"","inline_featured_image":false},"pwb-brand":[10134],"product_brand":[],"product_cat":[912],"product_tag":[10517,10518,10515,10516,10514,10512,10513,10523,10524,948,10519,10115,10116,5905,10520,10522,10521,915,10525,914,913,323,906],"class_list":{"0":"post-31585","1":"product","2":"type-product","3":"status-publish","4":"has-post-thumbnail","6":"pwb-brand-icu-medical","7":"product_cat-calentador-de-fluidos","8":"product_tag-blood-and-fluid-warmer","9":"product_tag-blood-and-fluid-warmers","10":"product_tag-blood-warmer","11":"product_tag-blood-warmers","12":"product_tag-fluid","13":"product_tag-fluid-warmer","14":"product_tag-fluid-warmers","15":"product_tag-hl-390","16":"product_tag-hl390","17":"product_tag-hotline","18":"product_tag-hotline-3","19":"product_tag-icu","20":"product_tag-icu-med","21":"product_tag-icu-medical","22":"product_tag-icu-medical-hotline-3","23":"product_tag-icumed","24":"product_tag-icumedical","25":"product_tag-level-1","26":"product_tag-level-1-hotline-3","27":"product_tag-smiths","28":"product_tag-smiths-medical","29":"product_tag-warmer","30":"product_tag-warmers","32":"first","33":"instock","34":"shipping-taxable","35":"purchasable","36":"product-type-simple"},"acf":[],"brands":[{"id":10134,"name":"ICU Medical","slug":"icu-medical"}],"_links":{"self":[{"href":"https:\/\/www.somatechnology.com\/spanish\/wp-json\/wp\/v2\/product\/31585","targetHints":{"allow":["GET"]}}],"collection":[{"href":"https:\/\/www.somatechnology.com\/spanish\/wp-json\/wp\/v2\/product"}],"about":[{"href":"https:\/\/www.somatechnology.com\/spanish\/wp-json\/wp\/v2\/types\/product"}],"wp:featuredmedia":[{"embeddable":true,"href":"https:\/\/www.somatechnology.com\/spanish\/wp-json\/wp\/v2\/media\/31587"}],"wp:attachment":[{"href":"https:\/\/www.somatechnology.com\/spanish\/wp-json\/wp\/v2\/media?parent=31585"}],"wp:term":[{"taxonomy":"pwb-brand","embeddable":true,"href":"https:\/\/www.somatechnology.com\/spanish\/wp-json\/wp\/v2\/pwb-brand?post=31585"},{"taxonomy":"product_brand","embeddable":true,"href":"https:\/\/www.somatechnology.com\/spanish\/wp-json\/wp\/v2\/product_brand?post=31585"},{"taxonomy":"product_cat","embeddable":true,"href":"https:\/\/www.somatechnology.com\/spanish\/wp-json\/wp\/v2\/product_cat?post=31585"},{"taxonomy":"product_tag","embeddable":true,"href":"https:\/\/www.somatechnology.com\/spanish\/wp-json\/wp\/v2\/product_tag?post=31585"}],"curies":[{"name":"wp","href":"https:\/\/api.w.org\/{rel}","templated":true}]}}