{"id":31604,"date":"2025-01-09T16:41:13","date_gmt":"2025-01-09T21:41:13","guid":{"rendered":"https:\/\/www.somatechnology.com\/spanish\/?post_type=product&#038;p=31604"},"modified":"2025-01-09T16:47:29","modified_gmt":"2025-01-09T21:47:29","slug":"zeiss-opmi-pentero-900","status":"publish","type":"product","link":"https:\/\/www.somatechnology.com\/spanish\/equipo-medico-usado-remanufacturado\/microscopios-de-cirugia\/zeiss-opmi-pentero-900\/","title":{"rendered":"Zeiss OPMI Pentero 900"},"content":{"rendered":"<h2>Caracter\u00edsticas de Zeiss OPMI Pentero 900<\/h2>\n<p>El <a href=\"https:\/\/www.somatechnology.com\/wp-content\/uploads\/sites\/2\/2025\/01\/zeiss-pentero-900-spa.pdf\"><strong>microscopio quir\u00fargico Zeiss OPMI Pentero 900<\/strong><\/a> combina un dise\u00f1o innovador y funcionalidades avanzadas en una plataforma totalmente integrada. Las mejoras y los nuevos m\u00e9todos de visualizaci\u00f3n elevan su rendimiento. Ofrece una \u00f3ptica de \u00faltima generaci\u00f3n que resulta en im\u00e1genes claras, colores naturales y obtiene m\u00e1s detalles. El Pentero 900 permite la visualizaci\u00f3n a trav\u00e9s de oculares y una pantalla t\u00e1ctil de alta definici\u00f3n (HD) integrada. Su cadena de video HD incorporada, que incluye c\u00e1mara, grabadora, editor y monitor, eliminando la necesidad de componentes externos. El sistema HD se puede configurar y controlar a trav\u00e9s de la pantalla t\u00e1ctil central, la empu\u00f1adura o el pedal, lo que maximiza la flexibilidad y la eficiencia quir\u00fargica.<\/p>\n<ul>\n<li>Varioskop, apocrom\u00e1tico, distancia de trabajo de 200-500 mm<\/li>\n<li>Enfoque autom\u00e1tico por l\u00e1ser<\/li>\n<li>Multivisi\u00f3n con superposici\u00f3n de im\u00e1genes y visualizaci\u00f3n de datos<\/li>\n<li>Superlux 330 con iluminaci\u00f3n dual de xen\u00f3n de 300 W<\/li>\n<li>Balance autom\u00e1tico mediante bot\u00f3n pulsador<\/li>\n<li>C\u00e1mara de v\u00eddeo de alta definici\u00f3n integrada, grabaci\u00f3n y edici\u00f3n<\/li>\n<li>Monitor de alta definici\u00f3n integrado para transmisi\u00f3n de v\u00eddeo o interfaz de usuario de pantalla t\u00e1ctil<\/li>\n<li>Compatible con navegaci\u00f3n, infrarrojos 800, flujo 800, azul 400, amarillo 560<\/li>\n<li>Interfaz LAN y DICOM<\/li>\n<\/ul>\n","protected":false},"excerpt":{"rendered":"<p>Caracter\u00edsticas de Zeiss OPMI Pentero 900 El microscopio quir\u00fargico Zeiss OPMI Pentero 900 combina un dise\u00f1o innovador y funcionalidades avanzadas en una plataforma totalmente&#8230;<\/p>\n","protected":false},"featured_media":31606,"template":"","meta":{"_acf_changed":false,"_relevanssi_hide_post":"","_relevanssi_hide_content":"","_relevanssi_pin_for_all":"","_relevanssi_pin_keywords":"","_relevanssi_unpin_keywords":"","_relevanssi_related_keywords":"","_relevanssi_related_include_ids":"","_relevanssi_related_exclude_ids":"","_relevanssi_related_no_append":"","_relevanssi_related_not_related":"","_relevanssi_related_posts":"","_relevanssi_noindex_reason":"","inline_featured_image":false},"pwb-brand":[1062],"product_brand":[],"product_cat":[69],"product_tag":[10531,10535,10528,10527,10530,10526,10529,10532,10533,975,10534,767,765,974],"class_list":{"0":"post-31604","1":"product","2":"type-product","3":"status-publish","4":"has-post-thumbnail","6":"pwb-brand-zeiss","7":"product_cat-microscopios-de-cirugia","8":"product_tag-microscopios-quirurgicos-opmi-pentero","9":"product_tag-microscopios-quirurgicos-opmi-pentero-900","10":"product_tag-microscopios-quirurgicos-pentero","11":"product_tag-microscopios-quirurgicos-zeiss","12":"product_tag-microscopios-quirurgicos-zeiss-opmi","13":"product_tag-microscopios-quirurgicos-zeiss-opmi-pentero-900","14":"product_tag-microscopios-quirurgicos-zeiss-pentero","15":"product_tag-opmi-pentero","16":"product_tag-opmi-pentero-900","17":"product_tag-pentero","18":"product_tag-pentero-900","19":"product_tag-zeiss","20":"product_tag-zeiss-opmi","21":"product_tag-zeiss-pentero","23":"first","24":"instock","25":"shipping-taxable","26":"purchasable","27":"product-type-simple"},"acf":[],"brands":[{"id":1062,"name":"Zeiss","slug":"zeiss"}],"_links":{"self":[{"href":"https:\/\/www.somatechnology.com\/spanish\/wp-json\/wp\/v2\/product\/31604","targetHints":{"allow":["GET"]}}],"collection":[{"href":"https:\/\/www.somatechnology.com\/spanish\/wp-json\/wp\/v2\/product"}],"about":[{"href":"https:\/\/www.somatechnology.com\/spanish\/wp-json\/wp\/v2\/types\/product"}],"wp:featuredmedia":[{"embeddable":true,"href":"https:\/\/www.somatechnology.com\/spanish\/wp-json\/wp\/v2\/media\/31606"}],"wp:attachment":[{"href":"https:\/\/www.somatechnology.com\/spanish\/wp-json\/wp\/v2\/media?parent=31604"}],"wp:term":[{"taxonomy":"pwb-brand","embeddable":true,"href":"https:\/\/www.somatechnology.com\/spanish\/wp-json\/wp\/v2\/pwb-brand?post=31604"},{"taxonomy":"product_brand","embeddable":true,"href":"https:\/\/www.somatechnology.com\/spanish\/wp-json\/wp\/v2\/product_brand?post=31604"},{"taxonomy":"product_cat","embeddable":true,"href":"https:\/\/www.somatechnology.com\/spanish\/wp-json\/wp\/v2\/product_cat?post=31604"},{"taxonomy":"product_tag","embeddable":true,"href":"https:\/\/www.somatechnology.com\/spanish\/wp-json\/wp\/v2\/product_tag?post=31604"}],"curies":[{"name":"wp","href":"https:\/\/api.w.org\/{rel}","templated":true}]}}