{"id":31619,"date":"2025-01-10T16:18:42","date_gmt":"2025-01-10T21:18:42","guid":{"rendered":"https:\/\/www.somatechnology.com\/spanish\/?post_type=product&#038;p=31619"},"modified":"2025-01-10T16:52:17","modified_gmt":"2025-01-10T21:52:17","slug":"paquete-de-accesorios-axia-headwall-ax-acc8","status":"publish","type":"product","link":"https:\/\/www.somatechnology.com\/spanish\/equipo-medico-usado-remanufacturado\/cabezales-medicos\/paquete-de-accesorios-axia-headwall-ax-acc8\/","title":{"rendered":"Paquete de Accesorios Axia Headwall AX-ACC8"},"content":{"rendered":"<h2>Caracter\u00edsticas del paquete de accesorios para cabezales de Axia AX-ACC8<\/h2>\n<p>El <strong><a href=\"https:\/\/www.somatechnology.com\/wp-content\/uploads\/sites\/2\/2025\/01\/Axia-Headwall-Accessory-Package-AX-ACC8-spa.pdf\">paquete de accesorios para cabezales de Axia<\/a><\/strong> ofrece herramientas esenciales para mejorar la atenci\u00f3n al paciente y la preparaci\u00f3n de las instalaciones. Dise\u00f1ado para complementar los sistemas de cabezales de Axia, este paquete garantiza que los proveedores de atenci\u00f3n m\u00e9dica tengan a mano accesorios cr\u00edticos para una prestaci\u00f3n de atenci\u00f3n eficiente. Con un recipiente de succi\u00f3n y soporte, medidores de flujo de ox\u00edgeno y aire m\u00e9dico y un regulador de vac\u00edo con boquilla de tubo en \u201cT\u201d, este kit proporciona un soporte integral para las necesidades respiratorias y de succi\u00f3n. Tambi\u00e9n incluye dos c\u00e1nulas nasales y tubos de succi\u00f3n, lo que brinda a las instalaciones una soluci\u00f3n completa y lista para usar. Este paquete es ideal para optimizar las habitaciones de los pacientes y las configuraciones de capacitaci\u00f3n, y brinda una funcionalidad adicional a los sistemas de cabezales.<\/p>\n<p>El paquete incluye<\/p>\n<ul>\n<li>Recipiente de succi\u00f3n con soporte &#8211; P\/N AXI-212006<\/li>\n<li>Medidor de flujo de ox\u00edgeno &#8211; P\/N AXI-218615<\/li>\n<li>Medidor de flujo de aire m\u00e9dico &#8211; P\/N AXI &#8211; 290363<\/li>\n<li>Regulador de vac\u00edo con boquilla de tubo en \u201cT\u201d &#8211; P\/N AXI-298420<\/li>\n<\/ul>\n","protected":false},"excerpt":{"rendered":"<p>Caracter\u00edsticas del paquete de accesorios para cabezales de Axia AX-ACC8 El paquete de accesorios para cabezales de Axia ofrece herramientas esenciales para mejorar la&#8230;<\/p>\n","protected":false},"featured_media":31621,"template":"","meta":{"_acf_changed":false,"_relevanssi_hide_post":"","_relevanssi_hide_content":"","_relevanssi_pin_for_all":"","_relevanssi_pin_keywords":"","_relevanssi_unpin_keywords":"","_relevanssi_related_keywords":"","_relevanssi_related_include_ids":"","_relevanssi_related_exclude_ids":"","_relevanssi_related_no_append":"","_relevanssi_related_not_related":"","_relevanssi_related_posts":"","_relevanssi_noindex_reason":"","inline_featured_image":false},"pwb-brand":[1098],"product_brand":[],"product_cat":[10577],"product_tag":[10573,10574,10575,10576,10566,10568,10567,10536,10540,10537,10541,10565,10564,10569,10570,10571,10572,10538,10539,10555,10556,10557,10542,10549,10546,10550,10543,10548,10544,10547,10551,10545,10554,10552,10560,10563,10561,10562,10558,10559,10553],"class_list":{"0":"post-31619","1":"product","2":"type-product","3":"status-publish","4":"has-post-thumbnail","6":"pwb-brand-equipo-medico-axia","7":"product_cat-cabezales-medicos","8":"product_tag-10573","9":"product_tag-10574","10":"product_tag-10575","11":"product_tag-10576","12":"product_tag-ac-acc-8","13":"product_tag-acc-8","14":"product_tag-acc8","15":"product_tag-accesorio","16":"product_tag-accesorio-de-cabezal-de-pared","17":"product_tag-accesorios","18":"product_tag-accesorios-de-cabezal-de-pared","19":"product_tag-ax-acc-8","20":"product_tag-ax-acc8","21":"product_tag-axi-212006","22":"product_tag-axi-218615","23":"product_tag-axi-290363","24":"product_tag-axi-298420","25":"product_tag-cabezal-de-pared","26":"product_tag-cabezales-de-pared","27":"product_tag-canula-nasal","28":"product_tag-canulas","29":"product_tag-canulas-nasales","30":"product_tag-flujometro","31":"product_tag-flujometro-de-aire-medico","32":"product_tag-flujometros","33":"product_tag-flujometros-de-aire-medico","34":"product_tag-medidor-de-flujo","35":"product_tag-medidor-de-flujo-de-aire-medico","36":"product_tag-medidor-de-flujo-de-oxigeno","37":"product_tag-medidores-de-flujo","38":"product_tag-medidores-de-flujo-de-aire-medico","39":"product_tag-medidores-de-flujo-de-oxigeno","40":"product_tag-regulador","41":"product_tag-regulador-de-vacio","42":"product_tag-sistema-de-cabezal-de-pared","43":"product_tag-sistema-de-cabezal-de-pared-axia","44":"product_tag-sistemas-de-cabezal-de-pared","45":"product_tag-sistemas-de-cabezal-de-pared-axia","46":"product_tag-tubo-de-succion","47":"product_tag-tubos-de-succion","48":"product_tag-vacio","50":"first","51":"instock","52":"shipping-taxable","53":"purchasable","54":"product-type-simple"},"acf":[],"brands":[{"id":1098,"name":"Axia","slug":"equipo-medico-axia"}],"_links":{"self":[{"href":"https:\/\/www.somatechnology.com\/spanish\/wp-json\/wp\/v2\/product\/31619","targetHints":{"allow":["GET"]}}],"collection":[{"href":"https:\/\/www.somatechnology.com\/spanish\/wp-json\/wp\/v2\/product"}],"about":[{"href":"https:\/\/www.somatechnology.com\/spanish\/wp-json\/wp\/v2\/types\/product"}],"wp:featuredmedia":[{"embeddable":true,"href":"https:\/\/www.somatechnology.com\/spanish\/wp-json\/wp\/v2\/media\/31621"}],"wp:attachment":[{"href":"https:\/\/www.somatechnology.com\/spanish\/wp-json\/wp\/v2\/media?parent=31619"}],"wp:term":[{"taxonomy":"pwb-brand","embeddable":true,"href":"https:\/\/www.somatechnology.com\/spanish\/wp-json\/wp\/v2\/pwb-brand?post=31619"},{"taxonomy":"product_brand","embeddable":true,"href":"https:\/\/www.somatechnology.com\/spanish\/wp-json\/wp\/v2\/product_brand?post=31619"},{"taxonomy":"product_cat","embeddable":true,"href":"https:\/\/www.somatechnology.com\/spanish\/wp-json\/wp\/v2\/product_cat?post=31619"},{"taxonomy":"product_tag","embeddable":true,"href":"https:\/\/www.somatechnology.com\/spanish\/wp-json\/wp\/v2\/product_tag?post=31619"}],"curies":[{"name":"wp","href":"https:\/\/api.w.org\/{rel}","templated":true}]}}