{"id":31641,"date":"2025-01-16T12:08:58","date_gmt":"2025-01-16T17:08:58","guid":{"rendered":"https:\/\/www.somatechnology.com\/spanish\/?post_type=product&#038;p=31641"},"modified":"2025-02-07T10:55:28","modified_gmt":"2025-02-07T15:55:28","slug":"nfh-1000","status":"publish","type":"product","link":"https:\/\/www.somatechnology.com\/spanish\/equipo-medico-usado-remanufacturado\/cabezales-medicos\/nfh-1000\/","title":{"rendered":"Axia NFH-1000"},"content":{"rendered":"<h2>Caracter\u00edsticas del Axia NFH-1000<\/h2>\n<p>El <strong><a href=\"https:\/\/www.somatechnology.com\/wp-content\/uploads\/sites\/2\/2025\/01\/Axia-NFH-1000-Non-Functional-Headwall-spa.pdf\">Axia NFH-1000 es un cabezal no funcional<\/a><\/strong> dise\u00f1ado espec\u00edficamente para apoyar la capacitaci\u00f3n en entornos cl\u00ednicos y educativos. Ideal para salas de simulaci\u00f3n y laboratorios de habilidades, proporciona una configuraci\u00f3n realista pero segura para ense\u00f1ar procedimientos esenciales sin servicios p\u00fablicos activos. Su dise\u00f1o aerodin\u00e1mico montado en superficie refleja un cabezal funcional, lo que permite a los alumnos practicar la colocaci\u00f3n y el acceso a las salidas y entradas de gas sin riesgo. El Axia NFH-1000 mejora las experiencias de aprendizaje pr\u00e1cticas, lo que ayuda a familiarizarse con el equipo del cabezal en un entorno controlado.<\/p>\n<ul>\n<li><strong>Dise\u00f1o listo para simulaci\u00f3n:<\/strong> perfecto para instalaciones de capacitaci\u00f3n, ya que ofrece una configuraci\u00f3n realista de pared frontal sin servicios p\u00fablicos en vivo.<\/li>\n<li><strong>Entorno de aprendizaje seguro<\/strong>: permite una pr\u00e1ctica segura con posicionamiento de equipos y acceso a tomas de corriente.<\/li>\n<li><strong>Servicios p\u00fablicos no funcionales<\/strong>: sistema de llamada de enfermera, 2 tomas de corriente marfil y 1 roja, tomas DISS para ox\u00edgeno, aire m\u00e9dico, aire de instrumentos y vac\u00edo. Tambi\u00e9n incluye un soporte deslizante.<\/li>\n<li><strong>Estructura de montaje en superficie<\/strong>: proporciona una f\u00e1cil instalaci\u00f3n y mantenimiento.<\/li>\n<li><strong>Dise\u00f1o compacto y duradero<\/strong>: construido para soportar un uso frecuente en entornos de capacitaci\u00f3n, con una longitud de 48 in (122 cm), una altura de 8.7 in (22 cm) y una profundidad de 2.6 in (6.6 cm).<\/li>\n<\/ul>\n","protected":false},"excerpt":{"rendered":"<p>Caracter\u00edsticas del Axia NFH-1000 El Axia NFH-1000 es un cabezal no funcional dise\u00f1ado espec\u00edficamente para apoyar la capacitaci\u00f3n en entornos cl\u00ednicos y educativos. Ideal&#8230;<\/p>\n","protected":false},"featured_media":31642,"template":"","meta":{"_acf_changed":false,"_relevanssi_hide_post":"","_relevanssi_hide_content":"","_relevanssi_pin_for_all":"","_relevanssi_pin_keywords":"","_relevanssi_unpin_keywords":"","_relevanssi_related_keywords":"","_relevanssi_related_include_ids":"","_relevanssi_related_exclude_ids":"","_relevanssi_related_no_append":"","_relevanssi_related_not_related":"","_relevanssi_related_posts":"","_relevanssi_noindex_reason":"","inline_featured_image":false},"pwb-brand":[1098],"product_brand":[],"product_cat":[10577],"product_tag":[1818,191,10593,10588,10590,10591,10589,10592],"class_list":{"0":"post-31641","1":"product","2":"type-product","3":"status-publish","4":"has-post-thumbnail","6":"pwb-brand-equipo-medico-axia","7":"product_cat-cabezales-medicos","8":"product_tag-1818","9":"product_tag-axia","10":"product_tag-axia-nfh-1000","11":"product_tag-cabezal-de-pared-axia","12":"product_tag-cabezal-de-pared-no-funcional-axia","13":"product_tag-cabezal-de-pared-no-operativo-axia","14":"product_tag-cabezales-de-pared-axia","15":"product_tag-nfh-1000","17":"first","18":"instock","19":"shipping-taxable","20":"purchasable","21":"product-type-simple"},"acf":[],"brands":[{"id":1098,"name":"Axia","slug":"equipo-medico-axia"}],"_links":{"self":[{"href":"https:\/\/www.somatechnology.com\/spanish\/wp-json\/wp\/v2\/product\/31641","targetHints":{"allow":["GET"]}}],"collection":[{"href":"https:\/\/www.somatechnology.com\/spanish\/wp-json\/wp\/v2\/product"}],"about":[{"href":"https:\/\/www.somatechnology.com\/spanish\/wp-json\/wp\/v2\/types\/product"}],"wp:featuredmedia":[{"embeddable":true,"href":"https:\/\/www.somatechnology.com\/spanish\/wp-json\/wp\/v2\/media\/31642"}],"wp:attachment":[{"href":"https:\/\/www.somatechnology.com\/spanish\/wp-json\/wp\/v2\/media?parent=31641"}],"wp:term":[{"taxonomy":"pwb-brand","embeddable":true,"href":"https:\/\/www.somatechnology.com\/spanish\/wp-json\/wp\/v2\/pwb-brand?post=31641"},{"taxonomy":"product_brand","embeddable":true,"href":"https:\/\/www.somatechnology.com\/spanish\/wp-json\/wp\/v2\/product_brand?post=31641"},{"taxonomy":"product_cat","embeddable":true,"href":"https:\/\/www.somatechnology.com\/spanish\/wp-json\/wp\/v2\/product_cat?post=31641"},{"taxonomy":"product_tag","embeddable":true,"href":"https:\/\/www.somatechnology.com\/spanish\/wp-json\/wp\/v2\/product_tag?post=31641"}],"curies":[{"name":"wp","href":"https:\/\/api.w.org\/{rel}","templated":true}]}}