{"id":31659,"date":"2025-01-21T13:17:06","date_gmt":"2025-01-21T18:17:06","guid":{"rendered":"https:\/\/www.somatechnology.com\/spanish\/?post_type=product&#038;p=31659"},"modified":"2026-04-13T12:48:29","modified_gmt":"2026-04-13T16:48:29","slug":"asp-sterrad-100nx-con-allclear","status":"publish","type":"product","link":"https:\/\/www.somatechnology.com\/spanish\/equipo-medico-usado-remanufacturado\/autoclaves-esterilizadores\/asp-sterrad-100nx-con-allclear\/","title":{"rendered":"ASP Sterrad 100NX con ALLClear"},"content":{"rendered":"<h2>Caracter\u00edsticas del ASP Sterrad 100NX con ALLClear<\/h2>\n<p>El <strong><a href=\"https:\/\/www.somatechnology.com\/wp-content\/uploads\/sites\/2\/2025\/01\/asp-sterrad-100nx-allclear-spa.pdf\">ASP Sterrad 100NX con ALLClear<\/a><\/strong> es un sistema de esterilizaci\u00f3n a baja temperatura dise\u00f1ado para inactivar eficazmente los microorganismos. Utiliza vapor de per\u00f3xido de hidr\u00f3geno, que se transforma en un estado de plasma a trav\u00e9s de una carga electromagn\u00e9tica, lo que garantiza una esterilizaci\u00f3n r\u00e1pida de los instrumentos m\u00e9dicos sin dejar residuos t\u00f3xicos. Este sistema avanzado admite hasta cuatro ciclos de esterilizaci\u00f3n y cuenta con capacidades integradas de conexi\u00f3n en red y registro de datos para un seguimiento eficiente y una gesti\u00f3n operativa.<\/p>\n<ul>\n<li>Esterilizaci\u00f3n a baja temperatura con per\u00f3xido de hidr\u00f3geno<\/li>\n<li>Tecnolog\u00eda de pantalla t\u00e1ctil<\/li>\n<li>Capacidades de conexi\u00f3n en red y registro de datos<\/li>\n<li>Opciones de configuraci\u00f3n de 1 y 2 puertas<\/li>\n<\/ul>\n","protected":false},"excerpt":{"rendered":"<p>El ASP Sterrad 100NX con ALLClear es un sistema de esterilizaci\u00f3n a baja temperatura dise\u00f1ado para inactivar eficazmente los microorganismos. Utiliza vapor de per\u00f3xido de hidr\u00f3geno, que se transforma en un estado de plasma a trav\u00e9s de una carga electromagn\u00e9tica, lo que garantiza una esterilizaci\u00f3n r\u00e1pida de los instrumentos m\u00e9dicos sin dejar residuos t\u00f3xicos. Este sistema avanzado admite hasta cuatro ciclos de esterilizaci\u00f3n y cuenta con capacidades integradas de conexi\u00f3n en red y registro de datos para un seguimiento eficiente y una gesti\u00f3n operativa.<\/p>\n","protected":false},"featured_media":31660,"template":"","meta":{"_acf_changed":false,"_relevanssi_hide_post":"","_relevanssi_hide_content":"","_relevanssi_pin_for_all":"","_relevanssi_pin_keywords":"","_relevanssi_unpin_keywords":"","_relevanssi_related_keywords":"","_relevanssi_related_include_ids":"","_relevanssi_related_exclude_ids":"","_relevanssi_related_no_append":"","_relevanssi_related_not_related":"","_relevanssi_related_posts":"","_relevanssi_noindex_reason":"","inline_featured_image":false},"pwb-brand":[1152],"product_brand":[],"product_cat":[61],"product_tag":[585,549,547,584,10595,6749,10599,10597,10598,10594,10596],"class_list":{"0":"post-31659","1":"product","2":"type-product","3":"status-publish","4":"has-post-thumbnail","6":"pwb-brand-autoclaves-esterilizadores-asp","7":"product_cat-autoclaves-esterilizadores","8":"product_tag-100nx","9":"product_tag-asp","10":"product_tag-asp-sterrad","11":"product_tag-asp-sterrad-100nx","12":"product_tag-asp-sterrad-100nx-allclear","13":"product_tag-esterilizador","14":"product_tag-esterilizador-100nx","15":"product_tag-esterilizador-100nx-allclear","16":"product_tag-esterilizador-allclear","17":"product_tag-esterilizador-asp-sterrad-100nx-allclear","18":"product_tag-esterilizador-sterrad-100nx-allclear","20":"first","21":"instock","22":"featured","23":"shipping-taxable","24":"purchasable","25":"product-type-simple"},"acf":[],"brands":[{"id":1152,"name":"ASP","slug":"autoclaves-esterilizadores-asp"}],"_links":{"self":[{"href":"https:\/\/www.somatechnology.com\/spanish\/wp-json\/wp\/v2\/product\/31659","targetHints":{"allow":["GET"]}}],"collection":[{"href":"https:\/\/www.somatechnology.com\/spanish\/wp-json\/wp\/v2\/product"}],"about":[{"href":"https:\/\/www.somatechnology.com\/spanish\/wp-json\/wp\/v2\/types\/product"}],"wp:featuredmedia":[{"embeddable":true,"href":"https:\/\/www.somatechnology.com\/spanish\/wp-json\/wp\/v2\/media\/31660"}],"wp:attachment":[{"href":"https:\/\/www.somatechnology.com\/spanish\/wp-json\/wp\/v2\/media?parent=31659"}],"wp:term":[{"taxonomy":"pwb-brand","embeddable":true,"href":"https:\/\/www.somatechnology.com\/spanish\/wp-json\/wp\/v2\/pwb-brand?post=31659"},{"taxonomy":"product_brand","embeddable":true,"href":"https:\/\/www.somatechnology.com\/spanish\/wp-json\/wp\/v2\/product_brand?post=31659"},{"taxonomy":"product_cat","embeddable":true,"href":"https:\/\/www.somatechnology.com\/spanish\/wp-json\/wp\/v2\/product_cat?post=31659"},{"taxonomy":"product_tag","embeddable":true,"href":"https:\/\/www.somatechnology.com\/spanish\/wp-json\/wp\/v2\/product_tag?post=31659"}],"curies":[{"name":"wp","href":"https:\/\/api.w.org\/{rel}","templated":true}]}}