{"id":31757,"date":"2025-02-07T11:06:29","date_gmt":"2025-02-07T16:06:29","guid":{"rendered":"https:\/\/www.somatechnology.com\/spanish\/?post_type=product&#038;p=31757"},"modified":"2025-10-08T11:02:06","modified_gmt":"2025-10-08T15:02:06","slug":"axia-fh-2000","status":"publish","type":"product","link":"https:\/\/www.somatechnology.com\/spanish\/equipo-medico-usado-remanufacturado\/cabezales-medicos\/axia-fh-2000\/","title":{"rendered":"Axia FH-2000"},"content":{"rendered":"<h2>Caracter\u00edsticas del Axia FH-2000<\/h2>\n<p>El cabezal funcional <strong><a href=\"https:\/\/www.somatechnology.com\/spanish\/wp-content\/uploads\/sites\/2\/2025\/02\/Axia-FH-2000-Functional-Headwall-spa-1.pdf\">Axia FH-2000<\/a><\/strong> es una soluci\u00f3n vers\u00e1til y eficiente para entornos de atenci\u00f3n al paciente, dise\u00f1ado para una f\u00e1cil instalaci\u00f3n y mantenimiento. Su configuraci\u00f3n personalizable permite que los centros de atenci\u00f3n m\u00e9dica lo adapten a diversos entornos, incluidos las habitaciones de los pacientes, la UCI, la UCIN, la UCPA, los traumatismos y la sala de espera. El Axia FH-2000 viene con las tuber\u00edas y el cableado preinstalados para agilizar la instalaci\u00f3n y cuenta con servicios esenciales, incluidos un sistema de llamada de enfermera, m\u00faltiples tomas el\u00e9ctricas y salidas de gas DISS para ox\u00edgeno, aire m\u00e9dico y vac\u00edo. Su dise\u00f1o compacto optimiza el espacio al tiempo que mantiene la funcionalidad. La estructura de montaje en superficie garantiza la durabilidad, proporcionando un soporte confiable para equipos y suministros m\u00e9dicos.<\/p>\n<ul>\n<li>F\u00e1cil instalaci\u00f3n y mantenimiento: preensamblado para una configuraci\u00f3n sencilla y un mantenimiento eficiente.<\/li>\n<li>Sistema integrado de llamada de enfermera: mejora la comunicaci\u00f3n y la capacidad de respuesta de la atenci\u00f3n.<\/li>\n<li>Varias tomas de servicio: incluye 2 tomas el\u00e9ctricas de color marfil y 1 de color rojo, junto con tomas DISS para ox\u00edgeno, aire m\u00e9dico, aire de instrumentaci\u00f3n y vac\u00edo. Tambi\u00e9n incluye un soporte deslizante.<\/li>\n<li>Dise\u00f1o que ahorra espacio: montaje en superficie con una longitud de 48&#8243; (122 cm), una altura de 8.7&#8243; (22 cm) y una profundidad de 2.6&#8243; (6.6 cm).<\/li>\n<\/ul>\n","protected":false},"excerpt":{"rendered":"<p>Caracter\u00edsticas del Axia FH-2000 El cabezal funcional Axia FH-2000 es una soluci\u00f3n vers\u00e1til y eficiente para entornos de atenci\u00f3n al paciente, dise\u00f1ado para una&#8230;<\/p>\n","protected":false},"featured_media":32723,"template":"","meta":{"_acf_changed":false,"_relevanssi_hide_post":"","_relevanssi_hide_content":"","_relevanssi_pin_for_all":"","_relevanssi_pin_keywords":"","_relevanssi_unpin_keywords":"","_relevanssi_related_keywords":"","_relevanssi_related_include_ids":"","_relevanssi_related_exclude_ids":"","_relevanssi_related_no_append":"","_relevanssi_related_not_related":"","_relevanssi_related_posts":"","_relevanssi_noindex_reason":"","inline_featured_image":false},"pwb-brand":[1098],"product_brand":[],"product_cat":[10577],"product_tag":[191,10680,10681,10686,10687,10688,10682,10683,10689,10684,10691,10690,10685,10692],"class_list":{"0":"post-31757","1":"product","2":"type-product","3":"status-publish","4":"has-post-thumbnail","6":"pwb-brand-equipo-medico-axia","7":"product_cat-cabezales-medicos","8":"product_tag-axia","9":"product_tag-axia-headwall","10":"product_tag-axia-headwalls","11":"product_tag-fh","12":"product_tag-fh-2000","13":"product_tag-fh2000","14":"product_tag-headwall","15":"product_tag-headwalls","16":"product_tag-panel-funcional","17":"product_tag-panel-medico","18":"product_tag-panel-medico-funcional","19":"product_tag-paneles-funcionales","20":"product_tag-paneles-medicos","21":"product_tag-paneles-medicos-funcionales","23":"first","24":"instock","25":"shipping-taxable","26":"purchasable","27":"product-type-simple"},"acf":[],"brands":[{"id":1098,"name":"Axia","slug":"equipo-medico-axia"}],"_links":{"self":[{"href":"https:\/\/www.somatechnology.com\/spanish\/wp-json\/wp\/v2\/product\/31757","targetHints":{"allow":["GET"]}}],"collection":[{"href":"https:\/\/www.somatechnology.com\/spanish\/wp-json\/wp\/v2\/product"}],"about":[{"href":"https:\/\/www.somatechnology.com\/spanish\/wp-json\/wp\/v2\/types\/product"}],"wp:featuredmedia":[{"embeddable":true,"href":"https:\/\/www.somatechnology.com\/spanish\/wp-json\/wp\/v2\/media\/32723"}],"wp:attachment":[{"href":"https:\/\/www.somatechnology.com\/spanish\/wp-json\/wp\/v2\/media?parent=31757"}],"wp:term":[{"taxonomy":"pwb-brand","embeddable":true,"href":"https:\/\/www.somatechnology.com\/spanish\/wp-json\/wp\/v2\/pwb-brand?post=31757"},{"taxonomy":"product_brand","embeddable":true,"href":"https:\/\/www.somatechnology.com\/spanish\/wp-json\/wp\/v2\/product_brand?post=31757"},{"taxonomy":"product_cat","embeddable":true,"href":"https:\/\/www.somatechnology.com\/spanish\/wp-json\/wp\/v2\/product_cat?post=31757"},{"taxonomy":"product_tag","embeddable":true,"href":"https:\/\/www.somatechnology.com\/spanish\/wp-json\/wp\/v2\/product_tag?post=31757"}],"curies":[{"name":"wp","href":"https:\/\/api.w.org\/{rel}","templated":true}]}}