{"id":31847,"date":"2025-04-09T11:39:05","date_gmt":"2025-04-09T15:39:05","guid":{"rendered":"https:\/\/www.somatechnology.com\/spanish\/?post_type=product&#038;p=31847"},"modified":"2025-04-09T11:47:00","modified_gmt":"2025-04-09T15:47:00","slug":"microaire-pal-lipotower","status":"publish","type":"product","link":"https:\/\/www.somatechnology.com\/spanish\/equipo-medico-usado-remanufacturado\/miscelaneos\/microaire-pal-lipotower\/","title":{"rendered":"MicroAire PAL LipoTower"},"content":{"rendered":"<h2><strong data-start=\"121\" data-end=\"321\">MicroAire PAL LipoTower<\/strong><\/h2>\n<p>La <a href=\"https:\/\/www.somatechnology.com\/spanish\/wp-content\/uploads\/sites\/2\/2025\/04\/PAL-LipoTower-spa.pdf\">MicroAire PAL LipoTower<\/a> es un sistema de liposucci\u00f3n asistida por energ\u00eda dise\u00f1ado para mejorar la eficiencia quir\u00fargica, la precisi\u00f3n del procedimiento y acelerar la recuperaci\u00f3n del paciente. Integra el mango PAL-650, la consola el\u00e9ctrica 5020 y el carro quir\u00fargico LipoTower con bombas duales, ofreciendo al cirujano un mayor control y reduciendo la fatiga durante procedimientos de extracci\u00f3n de grasa de alto volumen y contorno corporal.<\/p>\n<ul>\n<li>Combina la pieza de mano PAL-650, la consola el\u00e9ctrica 5020 y la LipoTower de doble bomba en una unidad optimizada, lo que mejora el control quir\u00fargico.<\/li>\n<li>Estudios cl\u00ednicos demuestran que aspira un 31 % m\u00e1s de grasa por minuto que la liposucci\u00f3n manual, reduciendo el tiempo del procedimiento hasta en un 35 %.<\/li>\n<li>Reduce el esfuerzo f\u00edsico en un 49 %, lo que permite resultados m\u00e1s seguros y consistentes durante procedimientos de alto volumen.<\/li>\n<li>Su eficiente recolecci\u00f3n y su alta calidad de resultados hacen que el sistema sea ideal para el contorno corporal.<\/li>\n<\/ul>\n","protected":false},"excerpt":{"rendered":"<p>MicroAire PAL LipoTower La MicroAire PAL LipoTower es un sistema de liposucci\u00f3n asistida por energ\u00eda dise\u00f1ado para mejorar la eficiencia quir\u00fargica, la precisi\u00f3n del&#8230;<\/p>\n","protected":false},"featured_media":31849,"template":"","meta":{"_acf_changed":false,"_relevanssi_hide_post":"","_relevanssi_hide_content":"","_relevanssi_pin_for_all":"","_relevanssi_pin_keywords":"","_relevanssi_unpin_keywords":"","_relevanssi_related_keywords":"","_relevanssi_related_include_ids":"","_relevanssi_related_exclude_ids":"","_relevanssi_related_no_append":"","_relevanssi_related_not_related":"","_relevanssi_related_posts":"","_relevanssi_noindex_reason":"","inline_featured_image":false},"pwb-brand":[10710],"product_brand":[],"product_cat":[10711],"product_tag":[10712,10715,10713,10721,10718,9655,10724,10723,10722,10716,10714,10720,10717,10719],"class_list":{"0":"post-31847","1":"product","2":"type-product","3":"status-publish","4":"has-post-thumbnail","6":"pwb-brand-microaire","7":"product_cat-miscelaneos","8":"product_tag-10712","9":"product_tag-consola-electrica","10":"product_tag-consola-electrica-5020","11":"product_tag-lipotower","12":"product_tag-microaire","13":"product_tag-pal","14":"product_tag-pal-5020","15":"product_tag-pal-650","16":"product_tag-pal-lipotower","17":"product_tag-pieza-de-mano","18":"product_tag-pieza-de-mano-650","19":"product_tag-sistema-lipotower","20":"product_tag-sistema-microaire-pal-lipotower","21":"product_tag-sistema-pal-lipotower","23":"first","24":"instock","25":"shipping-taxable","26":"purchasable","27":"product-type-simple"},"acf":[],"brands":[{"id":10710,"name":"MicroAire","slug":"microaire"}],"_links":{"self":[{"href":"https:\/\/www.somatechnology.com\/spanish\/wp-json\/wp\/v2\/product\/31847","targetHints":{"allow":["GET"]}}],"collection":[{"href":"https:\/\/www.somatechnology.com\/spanish\/wp-json\/wp\/v2\/product"}],"about":[{"href":"https:\/\/www.somatechnology.com\/spanish\/wp-json\/wp\/v2\/types\/product"}],"wp:featuredmedia":[{"embeddable":true,"href":"https:\/\/www.somatechnology.com\/spanish\/wp-json\/wp\/v2\/media\/31849"}],"wp:attachment":[{"href":"https:\/\/www.somatechnology.com\/spanish\/wp-json\/wp\/v2\/media?parent=31847"}],"wp:term":[{"taxonomy":"pwb-brand","embeddable":true,"href":"https:\/\/www.somatechnology.com\/spanish\/wp-json\/wp\/v2\/pwb-brand?post=31847"},{"taxonomy":"product_brand","embeddable":true,"href":"https:\/\/www.somatechnology.com\/spanish\/wp-json\/wp\/v2\/product_brand?post=31847"},{"taxonomy":"product_cat","embeddable":true,"href":"https:\/\/www.somatechnology.com\/spanish\/wp-json\/wp\/v2\/product_cat?post=31847"},{"taxonomy":"product_tag","embeddable":true,"href":"https:\/\/www.somatechnology.com\/spanish\/wp-json\/wp\/v2\/product_tag?post=31847"}],"curies":[{"name":"wp","href":"https:\/\/api.w.org\/{rel}","templated":true}]}}