{"id":31925,"date":"2025-04-25T16:25:58","date_gmt":"2025-04-25T20:25:58","guid":{"rendered":"https:\/\/www.somatechnology.com\/spanish\/?post_type=product&#038;p=31925"},"modified":"2025-09-23T09:11:18","modified_gmt":"2025-09-23T13:11:18","slug":"steris-medivators-cer-1-mv-1","status":"publish","type":"product","link":"https:\/\/www.somatechnology.com\/spanish\/equipo-medico-usado-remanufacturado\/sistema-de-video-endoscopia\/procesadores-de-video\/steris-medivators-cer-1-mv-1\/","title":{"rendered":"Steris Medivators CER-1 \/ MV-1"},"content":{"rendered":"<h2>Caracter\u00edsticas de los Steris Medivators CER-1 \/ MV-1<\/h2>\n<p>El <strong><a href=\"https:\/\/www.somatechnology.com\/spanish\/wp-content\/uploads\/sites\/2\/2025\/04\/Steris-Medivators-CER-1-MV-1-Endoscope-Reprocessor-spa.pdf\">Steris Medivators CER-1 \/ MV-1<\/a><\/strong> es un reprocesador de endoscopios que proporciona una desinfecci\u00f3n de alto nivel consistente y exhaustiva. Dise\u00f1ado para entornos sanitarios con alta demanda, cuenta con ciclos automatizados de fluidos y aire, lo que garantiza la limpieza y purga completa de los canales internos y externos del endoscopio. Gracias a su tama\u00f1o compacto, el CER-1 ofrece flexibilidad, adapt\u00e1ndose a mostradores o carros m\u00f3viles opcionales. El sistema est\u00e1 equipado con un sistema de filtraci\u00f3n certificado que retiene bacterias para agua de enjuague est\u00e9ril, y su dise\u00f1o cerrado minimiza la exposici\u00f3n a productos qu\u00edmicos. Eficiente y fiable, el CER-1 \/ MV-1 ayuda a las instalaciones a mantener altos est\u00e1ndares de control de infecciones con m\u00ednima intervenci\u00f3n manual.<\/p>\n<ul>\n<li>Reprocesamiento de endoscopios individuales: Ideal para instalaciones que requieren el reprocesamiento de endoscopios espec\u00edficos de un solo uso.<\/li>\n<li>Ciclos automatizados de purga de fluidos y aire: Proporciona una desinfecci\u00f3n completa al purgar todos los canales de contaminantes y residuos.<\/li>\n<li>Dise\u00f1o compacto y flexible: Se adapta a mostradores o carritos m\u00f3viles, lo que permite una colocaci\u00f3n vers\u00e1til en diversos entornos sanitarios.<\/li>\n<li>Sistema de filtraci\u00f3n certificado: Garantiza un agua de enjuague libre de bacterias, lo que facilita los protocolos de control de infecciones.<\/li>\n<li>Sistema cerrado: Minimiza los vapores qu\u00edmicos, reduciendo la exposici\u00f3n de los trabajadores y manteniendo un entorno de trabajo m\u00e1s seguro.<\/li>\n<li>F\u00e1cil acceso al dep\u00f3sito: El dep\u00f3sito transparente permite comprobar r\u00e1pidamente el nivel de desinfectante y es extra\u00edble para una limpieza sencilla.<\/li>\n<\/ul>\n","protected":false},"excerpt":{"rendered":"<p>El Steris Medivators CER-1 \/ MV-1 es un reprocesador de endoscopios que proporciona una desinfecci\u00f3n de alto nivel consistente y exhaustiva. Dise\u00f1ado para entornos sanitarios con alta demanda, cuenta con ciclos automatizados de fluidos y aire, lo que garantiza la limpieza y purga completa de los canales internos y externos del endoscopio.<\/p>\n","protected":false},"featured_media":31926,"template":"","meta":{"_acf_changed":false,"_relevanssi_hide_post":"","_relevanssi_hide_content":"","_relevanssi_pin_for_all":"","_relevanssi_pin_keywords":"","_relevanssi_unpin_keywords":"","_relevanssi_related_keywords":"","_relevanssi_related_include_ids":"","_relevanssi_related_exclude_ids":"","_relevanssi_related_no_append":"","_relevanssi_related_not_related":"","_relevanssi_related_posts":"","_relevanssi_noindex_reason":"","inline_featured_image":false},"pwb-brand":[1149],"product_brand":[],"product_cat":[7016],"product_tag":[9589,9591,10774,9619,10768,10783,10788,10787,537,10784,10782,10786,10785,10772,10773,138,10779,10778,10776,10777,9575,10742,10769,10740,10771,10770,10767,10766,543,9602,9603,10775,10781,10780],"class_list":{"0":"post-31925","1":"product","2":"type-product","3":"status-publish","4":"has-post-thumbnail","6":"pwb-brand-equipo-medico-steris","7":"product_cat-procesadores-de-video","8":"product_tag-cer","9":"product_tag-cer-1","10":"product_tag-cer1","11":"product_tag-endoscopio","12":"product_tag-medivator","13":"product_tag-medivator-cer1","14":"product_tag-medivator-mv-1","15":"product_tag-medivator-mv1","16":"product_tag-medivators","17":"product_tag-medivators-cer-1","18":"product_tag-medivators-cer1","19":"product_tag-medivators-mv-1","20":"product_tag-medivators-mv1","21":"product_tag-mv-1","22":"product_tag-mv1","23":"product_tag-olympus","24":"product_tag-olympus-cer-1","25":"product_tag-olympus-cer1","26":"product_tag-olympus-mv-1","27":"product_tag-olympus-mv1","28":"product_tag-reprocesador","29":"product_tag-reprocesador-de-endoscopios","30":"product_tag-reprocesador-medivators","31":"product_tag-reprocesadores","32":"product_tag-reprocesadores-medivator","33":"product_tag-reprocesadores-medivators","34":"product_tag-reprocesadores-steris","35":"product_tag-reprocesamiento","36":"product_tag-steris","37":"product_tag-steris-cer-1","38":"product_tag-steris-cer1","39":"product_tag-steris-medivators-cer-1","40":"product_tag-steris-mv-1","41":"product_tag-steris-mv1","43":"first","44":"instock","45":"shipping-taxable","46":"purchasable","47":"product-type-simple"},"acf":[],"brands":[{"id":1149,"name":"Steris","slug":"equipo-medico-steris"}],"_links":{"self":[{"href":"https:\/\/www.somatechnology.com\/spanish\/wp-json\/wp\/v2\/product\/31925","targetHints":{"allow":["GET"]}}],"collection":[{"href":"https:\/\/www.somatechnology.com\/spanish\/wp-json\/wp\/v2\/product"}],"about":[{"href":"https:\/\/www.somatechnology.com\/spanish\/wp-json\/wp\/v2\/types\/product"}],"wp:featuredmedia":[{"embeddable":true,"href":"https:\/\/www.somatechnology.com\/spanish\/wp-json\/wp\/v2\/media\/31926"}],"wp:attachment":[{"href":"https:\/\/www.somatechnology.com\/spanish\/wp-json\/wp\/v2\/media?parent=31925"}],"wp:term":[{"taxonomy":"pwb-brand","embeddable":true,"href":"https:\/\/www.somatechnology.com\/spanish\/wp-json\/wp\/v2\/pwb-brand?post=31925"},{"taxonomy":"product_brand","embeddable":true,"href":"https:\/\/www.somatechnology.com\/spanish\/wp-json\/wp\/v2\/product_brand?post=31925"},{"taxonomy":"product_cat","embeddable":true,"href":"https:\/\/www.somatechnology.com\/spanish\/wp-json\/wp\/v2\/product_cat?post=31925"},{"taxonomy":"product_tag","embeddable":true,"href":"https:\/\/www.somatechnology.com\/spanish\/wp-json\/wp\/v2\/product_tag?post=31925"}],"curies":[{"name":"wp","href":"https:\/\/api.w.org\/{rel}","templated":true}]}}